{"id":30029,"date":"2025-01-02T02:04:31","date_gmt":"2025-01-02T01:04:31","guid":{"rendered":"http:\/\/automotive.system199.de\/shop\/produkt\/aussenspiegel-sportspiegel-classic-style-set-vw-polo-typ-6n2-99-01\/"},"modified":"2025-01-02T02:04:33","modified_gmt":"2025-01-02T01:04:33","slug":"aussenspiegel-sportspiegel-classic-style-set-vw-polo-typ-6n2-99-01","status":"publish","type":"product","link":"https:\/\/car-2.de\/shop\/produkt\/aussenspiegel-sportspiegel-classic-style-set-vw-polo-typ-6n2-99-01\/","title":{"rendered":"Au\u00dfenspiegel Sportspiegel Classic-Style Set VW Polo Typ 6N2  99-01"},"content":{"rendered":"<p>Werten Sie Ihr Fahrzeug mit den Sportspiegeln aus unserem Sportspiegel-Designprogramm optisch auf. Unsere Sportspiegel Sets sind in zehn verschiedenen Design-Linien verf\u00fcgbar und zu erwerben. Zu den Linien geh\u00f6ren die Varianten Power-Style, Cult-Style, Wing-Style, Performance und Mega-Style. Diese sind in den Farben Schwarz, Chrom und im Carbonlook erh\u00e4ltlich. Die Spiegel Sets k\u00f6nnen nach Wunsch in manueller oder in elektrischer Ausf\u00fchrung bestellt werden. Zudem sind alle genannten Linien auch mit integrierten LED-Blinkern erh\u00e4ltlich. Die Linie Hyper-Style besticht mit ihrem eleganten und sportlichen Design. Die Blinker sind bei dieser Linie durchgehend integriert. Erh\u00e4ltlich ist sie ebenfalls in den Farben Schwarz, Chrom und im Carbonlook und sind auf Wunsch auch elektrisch verstellbar. Unsere Sportspiegel im Racecar- und im Race-Look geben Ihnen durch ihre Tropfenform auf allen Stra\u00dfen das gewisse Rennfeeling. Mit unseren Sportspiegeln im Classic-Style liegen Sie genau richtig, wenn Sie den klassischen und schlichten Look bevorzugen. Alle unsere Sportspiegel sind f\u00fcr verschiedene Automarken und Fahrzeughersteller universell anwendbar. Die hohe Passgenauigkeit unserer Sportspiegel erleichtert Ihnen die Montage. Sollten Sie sich f\u00fcr eines unserer Sportspiegel Sets entschieden haben, m\u00fcssen Sie diese nat\u00fcrlich irgendwie an Ihr Fahrzeug anbringen. Hierf\u00fcr bietet FK Spiegel Adapterplatten und Sportspiegeladapter an, ebenfalls im Set. Mit den Sportspiegel Adaptern k\u00f6nnen Sie jeden FK Sportspiegel an Ihrem Fahrzeug befestigen. Die fahrzeugspezifischen Adapterplatten sind alle gut verarbeitet und sind in schwarz und gr\u00f6\u00dftenteils auch in Chrom erh\u00e4ltlich. Auch in allen anderen Bereichen des Tunings kann Ihnen unser FK Automotive Online Shop f\u00fcr Tuning und sportliches Autozubeh\u00f6r, mit seinem breit gef\u00e4cherten Sortiment, eine gro\u00dfe Zahl an Artikeln bieten. Schauen Sie doch einfach rein.<span style=\"display: inline-block; width: 0px; overflow: hidden; line-height: 0;\" data-mce-type=\"bookmark\" class=\"mce_SELRES_start\">\ufeff<\/span><\/p>\n","protected":false},"excerpt":{"rendered":"<p>Farbe Spiegel: chromVerstellbarkeit: elektrisch (3polig)ohne Blinkermit HeizungFarbe Adapter: schwarzSet besteht aus 2 Sportspiegeln und 2 fahrzeugspezifischen AdapterplattenFarbe Spiegel: chromVerstellbarkeit: elektrisch (3polig)ohne Blinkermit HeizungFarbe Adapter: schwarzSet besteht aus 2 Sportspiegeln und 2 fahrzeugspezifischen Adapterplatten<\/p>\n","protected":false},"featured_media":49470,"comment_status":"closed","ping_status":"open","template":"","meta":[],"product_brand":[],"product_cat":[],"product_tag":[],"class_list":{"0":"post-30029","1":"product","2":"type-product","3":"status-publish","4":"has-post-thumbnail","6":"pa_kfz-hersteller-vw","7":"pa_kfz-modell-polo-6n2","9":"first","10":"instock","11":"purchasable","12":"product-type-simple"},"_links":{"self":[{"href":"https:\/\/car-2.de\/shop\/wp-json\/wp\/v2\/product\/30029","targetHints":{"allow":["GET"]}}],"collection":[{"href":"https:\/\/car-2.de\/shop\/wp-json\/wp\/v2\/product"}],"about":[{"href":"https:\/\/car-2.de\/shop\/wp-json\/wp\/v2\/types\/product"}],"replies":[{"embeddable":true,"href":"https:\/\/car-2.de\/shop\/wp-json\/wp\/v2\/comments?post=30029"}],"wp:featuredmedia":[{"embeddable":true,"href":"https:\/\/car-2.de\/shop\/wp-json\/wp\/v2\/media\/49470"}],"wp:attachment":[{"href":"https:\/\/car-2.de\/shop\/wp-json\/wp\/v2\/media?parent=30029"}],"wp:term":[{"taxonomy":"product_brand","embeddable":true,"href":"https:\/\/car-2.de\/shop\/wp-json\/wp\/v2\/product_brand?post=30029"},{"taxonomy":"product_cat","embeddable":true,"href":"https:\/\/car-2.de\/shop\/wp-json\/wp\/v2\/product_cat?post=30029"},{"taxonomy":"product_tag","embeddable":true,"href":"https:\/\/car-2.de\/shop\/wp-json\/wp\/v2\/product_tag?post=30029"}],"curies":[{"name":"wp","href":"https:\/\/api.w.org\/{rel}","templated":true}]}}