{"id":29938,"date":"2025-01-02T02:04:04","date_gmt":"2025-01-02T01:04:04","guid":{"rendered":"http:\/\/automotive.system199.de\/shop\/produkt\/zubehoer-scheinwerfer-rechts-mercedes-a-klasse-typ-w168\/"},"modified":"2025-01-02T02:04:09","modified_gmt":"2025-01-02T01:04:09","slug":"zubehoer-scheinwerfer-rechts-mercedes-a-klasse-typ-w168","status":"publish","type":"product","link":"https:\/\/car-2.de\/shop\/produkt\/zubehoer-scheinwerfer-rechts-mercedes-a-klasse-typ-w168\/","title":{"rendered":"Zubeh\u00f6r Scheinwerfer rechts Mercedes A-Klasse Typ W168"},"content":{"rendered":"<p><span style=\"display: inline-block; width: 0px; overflow: hidden; line-height: 0;\" data-mce-type=\"bookmark\" class=\"mce_SELRES_start\">\ufeff<\/span><\/p>\n","protected":false},"excerpt":{"rendered":"<p>f\u00fcr Baujahr: 1998 bis 2001mit E Pr\u00fcfzeichen (eintragungsfrei)f\u00fcr elektrische Leuchtweitenregulierung vorbereitetrechts \/ BeifahrerseiteZubeh\u00f6r Scheinwerferoriginal Lookeinfache Montagetop Verarbeitungf\u00fcr Baujahr: 1998 bis 2001mit E Pr\u00fcfzeichen (eintragungsfrei)f\u00fcr elektrische Leuchtweitenregulierung vorbereitetrechts \/ BeifahrerseiteZubeh\u00f6r Scheinwerferoriginal Lookeinfache Montagetop Verarbeitung<\/p>\n","protected":false},"featured_media":49406,"comment_status":"closed","ping_status":"open","template":"","meta":[],"product_brand":[],"product_cat":[633,634],"product_tag":[],"class_list":{"0":"post-29938","1":"product","2":"type-product","3":"status-publish","4":"has-post-thumbnail","6":"product_cat-beleuchtung-tuning","7":"product_cat-scheinwerfer","9":"first","10":"instock","11":"purchasable","12":"product-type-simple"},"_links":{"self":[{"href":"https:\/\/car-2.de\/shop\/wp-json\/wp\/v2\/product\/29938","targetHints":{"allow":["GET"]}}],"collection":[{"href":"https:\/\/car-2.de\/shop\/wp-json\/wp\/v2\/product"}],"about":[{"href":"https:\/\/car-2.de\/shop\/wp-json\/wp\/v2\/types\/product"}],"replies":[{"embeddable":true,"href":"https:\/\/car-2.de\/shop\/wp-json\/wp\/v2\/comments?post=29938"}],"wp:featuredmedia":[{"embeddable":true,"href":"https:\/\/car-2.de\/shop\/wp-json\/wp\/v2\/media\/49406"}],"wp:attachment":[{"href":"https:\/\/car-2.de\/shop\/wp-json\/wp\/v2\/media?parent=29938"}],"wp:term":[{"taxonomy":"product_brand","embeddable":true,"href":"https:\/\/car-2.de\/shop\/wp-json\/wp\/v2\/product_brand?post=29938"},{"taxonomy":"product_cat","embeddable":true,"href":"https:\/\/car-2.de\/shop\/wp-json\/wp\/v2\/product_cat?post=29938"},{"taxonomy":"product_tag","embeddable":true,"href":"https:\/\/car-2.de\/shop\/wp-json\/wp\/v2\/product_tag?post=29938"}],"curies":[{"name":"wp","href":"https:\/\/api.w.org\/{rel}","templated":true}]}}