{"id":29929,"date":"2025-01-10T13:27:34","date_gmt":"2025-01-10T12:27:34","guid":{"rendered":"http:\/\/automotive.system199.de\/shop\/produkt\/scheinwerfer-powerlook-vw-golf-3-typ-1hxo-1-exo-91-97-schwarz\/"},"modified":"2025-01-10T13:27:37","modified_gmt":"2025-01-10T12:27:37","slug":"scheinwerfer-powerlook-vw-golf-3-typ-1hxo-1-exo-91-97-schwarz","status":"publish","type":"product","link":"https:\/\/car-2.de\/shop\/produkt\/scheinwerfer-powerlook-vw-golf-3-typ-1hxo-1-exo-91-97-schwarz\/","title":{"rendered":"Scheinwerfer Powerlook VW Golf 3 Typ 1HXO, 1 EXO  91-97 schwarz"},"content":{"rendered":"<p>Scheinwerfer Powerlook VW Golf 3 Typ 1HXO, 1 EXO Bj. 91-97 schwarzBei FK Automotive haben sie eine gro\u00dfe Auswahl an Design Scheinwerfern in verschiedenen Farben und verschiedenen technischen Ausf\u00fchrungen. Wir haben Design Scheinwerfer f\u00fcr Alfa Romeo, Audi, BMW, Fiat, Ford, Honda, Mercedes, Opel, VW und viele andere Automarken in unserem Sortiment. Wir bringen auch st\u00e4ndig neue Designs, Farben und Typen f\u00fcr viele Marken und Modelle auf den Markt. FK bietet die aktuellsten Design Scheinwerfer in Top Qualit\u00e4t zu fairen Preisen. Design Scheinwerfer von FK bestechen durch herausragende Optik und spitzen Qualit\u00e4t. Informieren sie sich in unserem Onlineshop, bestimmt sind auch f\u00fcr ihr Fahrzeug Design Scheinwerfer verf\u00fcgbar. Unsere Scheinwerfer entsprechen von den Einbauma\u00dfen 1 zu 1 ihren originalen Scheinwerfer und alle Kabel und das Anschlussmaterial werden mitgeliefert. Die Montage der Scheinwerfer ist mit wenigen Handgriffen erledigt und ohne spezielles Werkzeug durchf\u00fchrbar. Verleihen sie ihrem Fahrzeug ein exklusives und dynamisches Aussehen, mit FK Design Leuchten heben sie sich mit ihrem Fahrzeug von der Masse ab. Die meisten unserer Design Scheinwerfer haben ein E-Pr\u00fcfzeichen und sind somit eintragungsfrei. Sie haben also keinen zus\u00e4tzlichen Aufwand und m\u00fcssen ihr Fahrzeug nicht beim T\u00dcV oder einer anderen Pr\u00fcfstelle vorf\u00fchren. Dadurch entstehen f\u00fcr sie auch keine weiteren Kosten. Design Scheinwerfer eignen sich wunderbar f\u00fcr optisches Tuning da sie einfach nachr\u00fcstbar sind und einen hohen Stylefaktor aufweisen. Sie k\u00f6nnen die Scheinwerfer auch mit anderen Tuningteilen aus unserem Onlineshop kombinieren, im Bereich Beleuchtung bieten wir unter anderem Blinker, Heckleuchten, LED-R\u00fcckleuchten etc. mit denen sie ihr Auto individualisieren k\u00f6nnen.<span style=\"display: inline-block; width: 0px; overflow: hidden; line-height: 0;\" data-mce-type=\"bookmark\" class=\"mce_SELRES_start\">\ufeff<\/span><\/p>\n","protected":false},"excerpt":{"rendered":"<p>f\u00fcr VW Golf 3f\u00fcr Baujahr: 91-97Farbe: schwarzmit E-Pr\u00fcfzeichen (eintragungsfrei)mit elektr. oder manueller Leuchtweitenregulierung ohne StellmotorLeuchtmittel: 2xH7\/1xW5WPowerlook ScheinwerferTop Qualit\u00e4t und Designf\u00fcr VW Golf 3f\u00fcr Baujahr: 91-97Farbe: schwarzmit E-Pr\u00fcfzeichen (eintragungsfrei)mit elektr. oder manueller Leuchtweitenregulierung ohne StellmotorLeuchtmittel: 2xH7\/1xW5WPowerlook ScheinwerferTop Qualit\u00e4t und Design<\/p>\n","protected":false},"featured_media":49334,"comment_status":"closed","ping_status":"open","template":"","meta":[],"product_brand":[],"product_cat":[633,634],"product_tag":[],"class_list":{"0":"post-29929","1":"product","2":"type-product","3":"status-publish","4":"has-post-thumbnail","6":"product_cat-beleuchtung-tuning","7":"product_cat-scheinwerfer","8":"pa_kfz-hersteller-vw","9":"pa_kfz-modell-golf-3","11":"first","12":"instock","13":"purchasable","14":"product-type-simple"},"_links":{"self":[{"href":"https:\/\/car-2.de\/shop\/wp-json\/wp\/v2\/product\/29929","targetHints":{"allow":["GET"]}}],"collection":[{"href":"https:\/\/car-2.de\/shop\/wp-json\/wp\/v2\/product"}],"about":[{"href":"https:\/\/car-2.de\/shop\/wp-json\/wp\/v2\/types\/product"}],"replies":[{"embeddable":true,"href":"https:\/\/car-2.de\/shop\/wp-json\/wp\/v2\/comments?post=29929"}],"wp:featuredmedia":[{"embeddable":true,"href":"https:\/\/car-2.de\/shop\/wp-json\/wp\/v2\/media\/49334"}],"wp:attachment":[{"href":"https:\/\/car-2.de\/shop\/wp-json\/wp\/v2\/media?parent=29929"}],"wp:term":[{"taxonomy":"product_brand","embeddable":true,"href":"https:\/\/car-2.de\/shop\/wp-json\/wp\/v2\/product_brand?post=29929"},{"taxonomy":"product_cat","embeddable":true,"href":"https:\/\/car-2.de\/shop\/wp-json\/wp\/v2\/product_cat?post=29929"},{"taxonomy":"product_tag","embeddable":true,"href":"https:\/\/car-2.de\/shop\/wp-json\/wp\/v2\/product_tag?post=29929"}],"curies":[{"name":"wp","href":"https:\/\/api.w.org\/{rel}","templated":true}]}}