{"id":29910,"date":"2025-01-10T13:27:16","date_gmt":"2025-01-10T12:27:16","guid":{"rendered":"http:\/\/automotive.system199.de\/shop\/produkt\/scheinwerfer-set-angel-eyes-mercedes-e-klasse-typ-w210-99-01-chrom-fuer-rechtslenker\/"},"modified":"2025-01-10T13:27:17","modified_gmt":"2025-01-10T12:27:17","slug":"scheinwerfer-set-angel-eyes-mercedes-e-klasse-typ-w210-99-01-chrom-fuer-rechtslenker","status":"publish","type":"product","link":"https:\/\/car-2.de\/shop\/produkt\/scheinwerfer-set-angel-eyes-mercedes-e-klasse-typ-w210-99-01-chrom-fuer-rechtslenker\/","title":{"rendered":"Scheinwerfer Set Angel Eyes Mercedes E-Klasse Typ W210  99-01 chrom f\u00fcr Rechtslenker"},"content":{"rendered":"<p><span style=\"display: inline-block; width: 0px; overflow: hidden; line-height: 0;\" data-mce-type=\"bookmark\" class=\"mce_SELRES_start\">\ufeff<\/span><\/p>\n","protected":false},"excerpt":{"rendered":"<p>f\u00fcr Mercedes-Benz E-Klasse (210)f\u00fcr Baujahr: 1999 bis 2001Farbe: chrommit elektr. Leuchtweitenregulierung inkl. StellmotorAngel Eyes Scheinwerfer mit Standlichtringenmit E Pr\u00fcfzeichen (eintragungsfrei)f\u00fcr RechtslenkerTop Qualit\u00e4t und Designf\u00fcr Mercedes-Benz E-Klasse (210)f\u00fcr Baujahr: 1999 bis 2001Farbe: chrommit elektr. Leuchtweitenregulierung inkl. StellmotorAngel Eyes Scheinwerfer mit Standlichtringenmit E Pr\u00fcfzeichen (eintragungsfrei)f\u00fcr RechtslenkerTop Qualit\u00e4t und Design<\/p>\n","protected":false},"featured_media":48944,"comment_status":"closed","ping_status":"open","template":"","meta":[],"product_brand":[],"product_cat":[633,634],"product_tag":[],"class_list":{"0":"post-29910","1":"product","2":"type-product","3":"status-publish","4":"has-post-thumbnail","6":"product_cat-beleuchtung-tuning","7":"product_cat-scheinwerfer","8":"pa_kfz-hersteller-mercedes-benz","9":"pa_kfz-modell-e-klasse-210","11":"first","12":"instock","13":"purchasable","14":"product-type-simple"},"_links":{"self":[{"href":"https:\/\/car-2.de\/shop\/wp-json\/wp\/v2\/product\/29910","targetHints":{"allow":["GET"]}}],"collection":[{"href":"https:\/\/car-2.de\/shop\/wp-json\/wp\/v2\/product"}],"about":[{"href":"https:\/\/car-2.de\/shop\/wp-json\/wp\/v2\/types\/product"}],"replies":[{"embeddable":true,"href":"https:\/\/car-2.de\/shop\/wp-json\/wp\/v2\/comments?post=29910"}],"wp:featuredmedia":[{"embeddable":true,"href":"https:\/\/car-2.de\/shop\/wp-json\/wp\/v2\/media\/48944"}],"wp:attachment":[{"href":"https:\/\/car-2.de\/shop\/wp-json\/wp\/v2\/media?parent=29910"}],"wp:term":[{"taxonomy":"product_brand","embeddable":true,"href":"https:\/\/car-2.de\/shop\/wp-json\/wp\/v2\/product_brand?post=29910"},{"taxonomy":"product_cat","embeddable":true,"href":"https:\/\/car-2.de\/shop\/wp-json\/wp\/v2\/product_cat?post=29910"},{"taxonomy":"product_tag","embeddable":true,"href":"https:\/\/car-2.de\/shop\/wp-json\/wp\/v2\/product_tag?post=29910"}],"curies":[{"name":"wp","href":"https:\/\/api.w.org\/{rel}","templated":true}]}}