{"id":29908,"date":"2025-01-02T02:03:36","date_gmt":"2025-01-02T01:03:36","guid":{"rendered":"http:\/\/automotive.system199.de\/shop\/produkt\/scheinwerfer-set-mercedes-e-klasse-typ-w210-99-01-schwarz\/"},"modified":"2025-01-02T02:03:39","modified_gmt":"2025-01-02T01:03:39","slug":"scheinwerfer-set-mercedes-e-klasse-typ-w210-99-01-schwarz","status":"publish","type":"product","link":"https:\/\/car-2.de\/shop\/produkt\/scheinwerfer-set-mercedes-e-klasse-typ-w210-99-01-schwarz\/","title":{"rendered":"Scheinwerfer Set Mercedes E-Klasse Typ W210  99-01 schwarz"},"content":{"rendered":"<p><span style=\"display: inline-block; width: 0px; overflow: hidden; line-height: 0;\" data-mce-type=\"bookmark\" class=\"mce_SELRES_start\">\ufeff<\/span><\/p>\n","protected":false},"excerpt":{"rendered":"<p>f\u00fcr Mercedes-Benz E-Klasse (210)f\u00fcr Baujahr: 1999 bis 2001Farbe: schwarzmit elektr. Leuchtweitenregulierung inkl. StellmotorDesign Scheinwerfermit E Pr\u00fcfzeichen (eintragungsfrei)Top Qualit\u00e4t und Designf\u00fcr Mercedes-Benz E-Klasse (210)f\u00fcr Baujahr: 1999 bis 2001Farbe: schwarzmit elektr. Leuchtweitenregulierung inkl. StellmotorDesign Scheinwerfermit E Pr\u00fcfzeichen (eintragungsfrei)Top Qualit\u00e4t und Design<\/p>\n","protected":false},"featured_media":48930,"comment_status":"closed","ping_status":"open","template":"","meta":[],"product_brand":[],"product_cat":[633,634],"product_tag":[],"class_list":{"0":"post-29908","1":"product","2":"type-product","3":"status-publish","4":"has-post-thumbnail","6":"product_cat-beleuchtung-tuning","7":"product_cat-scheinwerfer","8":"pa_kfz-hersteller-mercedes-benz","9":"pa_kfz-modell-e-klasse-210","11":"first","12":"instock","13":"purchasable","14":"product-type-simple"},"_links":{"self":[{"href":"https:\/\/car-2.de\/shop\/wp-json\/wp\/v2\/product\/29908","targetHints":{"allow":["GET"]}}],"collection":[{"href":"https:\/\/car-2.de\/shop\/wp-json\/wp\/v2\/product"}],"about":[{"href":"https:\/\/car-2.de\/shop\/wp-json\/wp\/v2\/types\/product"}],"replies":[{"embeddable":true,"href":"https:\/\/car-2.de\/shop\/wp-json\/wp\/v2\/comments?post=29908"}],"wp:featuredmedia":[{"embeddable":true,"href":"https:\/\/car-2.de\/shop\/wp-json\/wp\/v2\/media\/48930"}],"wp:attachment":[{"href":"https:\/\/car-2.de\/shop\/wp-json\/wp\/v2\/media?parent=29908"}],"wp:term":[{"taxonomy":"product_brand","embeddable":true,"href":"https:\/\/car-2.de\/shop\/wp-json\/wp\/v2\/product_brand?post=29908"},{"taxonomy":"product_cat","embeddable":true,"href":"https:\/\/car-2.de\/shop\/wp-json\/wp\/v2\/product_cat?post=29908"},{"taxonomy":"product_tag","embeddable":true,"href":"https:\/\/car-2.de\/shop\/wp-json\/wp\/v2\/product_tag?post=29908"}],"curies":[{"name":"wp","href":"https:\/\/api.w.org\/{rel}","templated":true}]}}