{"id":29887,"date":"2025-01-02T02:03:11","date_gmt":"2025-01-02T01:03:11","guid":{"rendered":"http:\/\/automotive.system199.de\/shop\/produkt\/scheinwerfer-set-angel-eyes-vw-passat-typ-3b-97-00-schwarz\/"},"modified":"2025-01-02T02:03:14","modified_gmt":"2025-01-02T01:03:14","slug":"scheinwerfer-set-angel-eyes-vw-passat-typ-3b-97-00-schwarz","status":"publish","type":"product","link":"https:\/\/car-2.de\/shop\/produkt\/scheinwerfer-set-angel-eyes-vw-passat-typ-3b-97-00-schwarz\/","title":{"rendered":"Scheinwerfer Set Angel Eyes VW Passat Typ 3B  97-00 schwarz"},"content":{"rendered":"<p><span style=\"display: inline-block; width: 0px; overflow: hidden; line-height: 0;\" data-mce-type=\"bookmark\" class=\"mce_SELRES_start\">\ufeff<\/span><\/p>\n","protected":false},"excerpt":{"rendered":"<p>f\u00fcr Baujahr: 1997 bis 2000mit E Pr\u00fcfzeichen (eintragungsfrei)mit elektr. Leuchtweitenregulierung ohne StellmotorLeuchtmittel: H7*2,2.3W*8mit BlinkerAngel Eyes Scheinwerfer VW Passat B5 3BTop Qualit\u00e4t und DesignFarbe: schwarzf\u00fcr Baujahr: 1997 bis 2000mit E Pr\u00fcfzeichen (eintragungsfrei)mit elektr. Leuchtweitenregulierung ohne StellmotorLeuchtmittel: H7*2,2.3W*8mit BlinkerAngel Eyes Scheinwerfer VW Passat B5 3BTop Qualit\u00e4t und DesignFarbe: schwarz<\/p>\n","protected":false},"featured_media":48486,"comment_status":"closed","ping_status":"open","template":"","meta":[],"product_brand":[],"product_cat":[633,634],"product_tag":[],"class_list":{"0":"post-29887","1":"product","2":"type-product","3":"status-publish","4":"has-post-thumbnail","6":"product_cat-beleuchtung-tuning","7":"product_cat-scheinwerfer","8":"pa_kfz-hersteller-vw","9":"pa_kfz-modell-passat-b5-3b","11":"first","12":"instock","13":"purchasable","14":"product-type-simple"},"_links":{"self":[{"href":"https:\/\/car-2.de\/shop\/wp-json\/wp\/v2\/product\/29887","targetHints":{"allow":["GET"]}}],"collection":[{"href":"https:\/\/car-2.de\/shop\/wp-json\/wp\/v2\/product"}],"about":[{"href":"https:\/\/car-2.de\/shop\/wp-json\/wp\/v2\/types\/product"}],"replies":[{"embeddable":true,"href":"https:\/\/car-2.de\/shop\/wp-json\/wp\/v2\/comments?post=29887"}],"wp:featuredmedia":[{"embeddable":true,"href":"https:\/\/car-2.de\/shop\/wp-json\/wp\/v2\/media\/48486"}],"wp:attachment":[{"href":"https:\/\/car-2.de\/shop\/wp-json\/wp\/v2\/media?parent=29887"}],"wp:term":[{"taxonomy":"product_brand","embeddable":true,"href":"https:\/\/car-2.de\/shop\/wp-json\/wp\/v2\/product_brand?post=29887"},{"taxonomy":"product_cat","embeddable":true,"href":"https:\/\/car-2.de\/shop\/wp-json\/wp\/v2\/product_cat?post=29887"},{"taxonomy":"product_tag","embeddable":true,"href":"https:\/\/car-2.de\/shop\/wp-json\/wp\/v2\/product_tag?post=29887"}],"curies":[{"name":"wp","href":"https:\/\/api.w.org\/{rel}","templated":true}]}}