{"id":29849,"date":"2025-01-02T02:03:03","date_gmt":"2025-01-02T01:03:03","guid":{"rendered":"http:\/\/automotive.system199.de\/shop\/produkt\/verschleissteile-scheinwerfer-links-ford-s-max-06-10\/"},"modified":"2025-01-02T02:03:07","modified_gmt":"2025-01-02T01:03:07","slug":"verschleissteile-scheinwerfer-links-ford-s-max-06-10","status":"publish","type":"product","link":"https:\/\/car-2.de\/shop\/produkt\/verschleissteile-scheinwerfer-links-ford-s-max-06-10\/","title":{"rendered":"Verschlei\u00dfteile Scheinwerfer links Ford S-MAX  06-10"},"content":{"rendered":"<p>Verschlei\u00dfteile Scheinwerfer links Ford S-MAX Bj. 06-10Die Zubeh\u00f6r Scheinwerfer sind die perfekte Alternative zu den Originalscheinwerfer jedoch preistechnisch im Regelfall deutlich g\u00fcnstiger.&nbsp;Es ist schon \u00e4rgerlich genug wenn man in einen Unfall verwickelt war und dann mit hohen Kosten f\u00fcr die Reparatur konfrontiert wird. Mit den Zubeh\u00f6rscheinwerfern haben Sie die M\u00f6glichkeit Geld zu sparen und bei der Qualit\u00e4t der Scheinwerfer keine Einbu\u00dfen zu haben.&nbsp;KEINE KOSTEN EINTRAGUNGSFREI: Die Zubeh\u00f6r Scheinwerfer werden mit e-Zeichen ausgeliefert und sind somit eintragungsfrei&nbsp;&nbsp;GERINGE EINBAUKOSTEN: Die Zubeh\u00f6rscheinwerfer k\u00f6nnen problemlos von jeder Fachwerkstatt binnen ca. 2 Stunden eingebaut werden.&nbsp;Einbauanleitung: Die Scheinwerfer werden teilweise komplett mit Kabelbaum und einer englischen Einbauanleitung ausgeliefert oder mittels Stecker die auf den Serienkabelbaum passen.&nbsp;Die Qualit\u00e4t: Die Scheinwerfer sind mit Erstausr\u00fcsterqualit\u00e4t zu vergleichen und werden von namhaften Produzenten f\u00fcr das Zubeh\u00f6rgesch\u00e4ft produziert.Der Preis: Im Regelfall sind diese Zubeh\u00f6rscheinwerfer immer g\u00fcnstiger als die Originalen Scheinwerfer. Hier lohnt sich ein Preischeck, selbst wenn im Falle einen Unfalls nur ein Scheinwerfer defekt sein sollte. Die Zubeh\u00f6rscheinwerfer sind eine g\u00fcnstige Umr\u00fcstm\u00f6glichkeit im Falle eines Unfalls oder im Falle einer Nachr\u00fcstung wenn die Streuscheibe bei Steinschl\u00e4gen in Mitleidenschaft gezogen wurde!Die Scheinwerfer Technik: Die Scheinwerfer sind nicht nur technisch sondern auch optisch ausgereift und sind im \u00fcbrigen schon 100.000 fach erfolgreich weltweit eingebaut. Sie m\u00f6chten Ihrem Fahrzeug eine sportliche Note geben? Dann sollten Sie gleich dieses tolle Scheinwerferset bestellen.&nbsp;Weitere Ausf\u00fchrungsdetails:&nbsp;\u0095 Scheinwerfer in Originaloptik mit entsprechender Technik\u0095 verbesserte Lichtausbeute durch verbesserter Reflektoren und neuerer Technik\u0095 wenn nicht anders angegeben inkl. elektrischer LWR ( Leuchtweitenregulierung )&nbsp;\u0095 Anschluss erfolgt \u00fcber fahrzeugspezifischen Stecker&nbsp;\u0095 Leuchtmittel sind im Lieferumfang nicht enthalten\u0095 keine Eintragung und Eintragungskosten in die Papiere n\u00f6tig, da mit E Pr\u00fcfzeichen versehen&nbsp;\u0095 Einfache Montage da die Original Scheinwerfer Befestigungspunkte des Fahrzeugs verwendet werden\u0095 Lange Lebensdauer durch die Verwendung von hochwertigen Material und Chrombeschichtungen&nbsp;Lieferumfang:\u0095 1 Scheinwerfer wie angegebenen rechts oder links<span style=\"display: inline-block; width: 0px; overflow: hidden; line-height: 0;\" data-mce-type=\"bookmark\" class=\"mce_SELRES_start\">\ufeff<\/span><\/p>\n","protected":false},"excerpt":{"rendered":"<p>f\u00fcr Ford S-Max (WA6)f\u00fcr Baujahr: 2006 bis 2010mit E Pr\u00fcfzeichen (eintragungsfrei)links \/ Fahrerseitemit StellmotorLeuchtmittel: H7\/H1\/PY21WZubeh\u00f6r Scheinwerferoriginal Lookeinfache Montagetop Verarbeitungf\u00fcr Ford S-Max (WA6)f\u00fcr Baujahr: 2006 bis 2010mit E Pr\u00fcfzeichen (eintragungsfrei)links \/ Fahrerseitemit StellmotorLeuchtmittel: H7\/H1\/PY21WZubeh\u00f6r Scheinwerferoriginal Lookeinfache Montagetop Verarbeitung<\/p>\n","protected":false},"featured_media":48366,"comment_status":"closed","ping_status":"open","template":"","meta":[],"product_brand":[],"product_cat":[633,634],"product_tag":[],"class_list":{"0":"post-29849","1":"product","2":"type-product","3":"status-publish","4":"has-post-thumbnail","6":"product_cat-beleuchtung-tuning","7":"product_cat-scheinwerfer","8":"pa_kfz-hersteller-ford","9":"pa_kfz-modell-s-max-wa6","11":"first","12":"instock","13":"purchasable","14":"product-type-simple"},"_links":{"self":[{"href":"https:\/\/car-2.de\/shop\/wp-json\/wp\/v2\/product\/29849","targetHints":{"allow":["GET"]}}],"collection":[{"href":"https:\/\/car-2.de\/shop\/wp-json\/wp\/v2\/product"}],"about":[{"href":"https:\/\/car-2.de\/shop\/wp-json\/wp\/v2\/types\/product"}],"replies":[{"embeddable":true,"href":"https:\/\/car-2.de\/shop\/wp-json\/wp\/v2\/comments?post=29849"}],"wp:featuredmedia":[{"embeddable":true,"href":"https:\/\/car-2.de\/shop\/wp-json\/wp\/v2\/media\/48366"}],"wp:attachment":[{"href":"https:\/\/car-2.de\/shop\/wp-json\/wp\/v2\/media?parent=29849"}],"wp:term":[{"taxonomy":"product_brand","embeddable":true,"href":"https:\/\/car-2.de\/shop\/wp-json\/wp\/v2\/product_brand?post=29849"},{"taxonomy":"product_cat","embeddable":true,"href":"https:\/\/car-2.de\/shop\/wp-json\/wp\/v2\/product_cat?post=29849"},{"taxonomy":"product_tag","embeddable":true,"href":"https:\/\/car-2.de\/shop\/wp-json\/wp\/v2\/product_tag?post=29849"}],"curies":[{"name":"wp","href":"https:\/\/api.w.org\/{rel}","templated":true}]}}