{"id":29789,"date":"2025-01-02T02:03:03","date_gmt":"2025-01-02T01:03:03","guid":{"rendered":"http:\/\/automotive.system199.de\/shop\/produkt\/xenon-scheinwerfer-set-angel-eyes-optik-bmw-3er-coupe-typ-e36-baujahr-92-98-chrom\/"},"modified":"2025-01-02T02:03:07","modified_gmt":"2025-01-02T01:03:07","slug":"xenon-scheinwerfer-set-angel-eyes-optik-bmw-3er-coupe-typ-e36-baujahr-92-98-chrom","status":"publish","type":"product","link":"https:\/\/car-2.de\/shop\/produkt\/xenon-scheinwerfer-set-angel-eyes-optik-bmw-3er-coupe-typ-e36-baujahr-92-98-chrom\/","title":{"rendered":"Xenon Scheinwerfer Set Angel Eyes Optik BMW 3er Coupe Typ E36 Baujahr 92-98 chrom"},"content":{"rendered":"<p><span style=\"display: inline-block; width: 0px; overflow: hidden; line-height: 0;\" data-mce-type=\"bookmark\" class=\"mce_SELRES_start\">\ufeff<\/span><\/p>\n","protected":false},"excerpt":{"rendered":"<p>f\u00fcr BMW 3er E36f\u00fcr Baujahr: 1992 bis 1998Farbe: chrommit E Pr\u00fcfzeichen (eintragungsfrei)f\u00fcr elektrische Leuchtweitenregulierung vorbereitetmit Blinkermit StandlichtringenXenonscheinwerfer inkl. Steuerger\u00e4teAngel Eyes Scheinwerferlinks + rechts (Set)f\u00fcr BMW 3er E36f\u00fcr Baujahr: 1992 bis 1998Farbe: chrommit E Pr\u00fcfzeichen (eintragungsfrei)f\u00fcr elektrische Leuchtweitenregulierung vorbereitetmit Blinkermit StandlichtringenXenonscheinwerfer inkl. Steuerger\u00e4teAngel Eyes Scheinwerferlinks + rechts (Set)<\/p>\n","protected":false},"featured_media":48351,"comment_status":"closed","ping_status":"open","template":"","meta":[],"product_brand":[],"product_cat":[633,634],"product_tag":[],"class_list":{"0":"post-29789","1":"product","2":"type-product","3":"status-publish","4":"has-post-thumbnail","6":"product_cat-beleuchtung-tuning","7":"product_cat-scheinwerfer","8":"pa_kfz-hersteller-bmw","9":"pa_kfz-modell-3er-e36","11":"first","12":"instock","13":"purchasable","14":"product-type-simple"},"_links":{"self":[{"href":"https:\/\/car-2.de\/shop\/wp-json\/wp\/v2\/product\/29789","targetHints":{"allow":["GET"]}}],"collection":[{"href":"https:\/\/car-2.de\/shop\/wp-json\/wp\/v2\/product"}],"about":[{"href":"https:\/\/car-2.de\/shop\/wp-json\/wp\/v2\/types\/product"}],"replies":[{"embeddable":true,"href":"https:\/\/car-2.de\/shop\/wp-json\/wp\/v2\/comments?post=29789"}],"wp:featuredmedia":[{"embeddable":true,"href":"https:\/\/car-2.de\/shop\/wp-json\/wp\/v2\/media\/48351"}],"wp:attachment":[{"href":"https:\/\/car-2.de\/shop\/wp-json\/wp\/v2\/media?parent=29789"}],"wp:term":[{"taxonomy":"product_brand","embeddable":true,"href":"https:\/\/car-2.de\/shop\/wp-json\/wp\/v2\/product_brand?post=29789"},{"taxonomy":"product_cat","embeddable":true,"href":"https:\/\/car-2.de\/shop\/wp-json\/wp\/v2\/product_cat?post=29789"},{"taxonomy":"product_tag","embeddable":true,"href":"https:\/\/car-2.de\/shop\/wp-json\/wp\/v2\/product_tag?post=29789"}],"curies":[{"name":"wp","href":"https:\/\/api.w.org\/{rel}","templated":true}]}}