{"id":29775,"date":"2025-01-02T02:02:55","date_gmt":"2025-01-02T01:02:55","guid":{"rendered":"http:\/\/automotive.system199.de\/shop\/produkt\/scheinwerfer-set-daylight-led-tfl-optik-vw-golf-5-typ-1k-03-08-chrom\/"},"modified":"2025-01-02T02:02:57","modified_gmt":"2025-01-02T01:02:57","slug":"scheinwerfer-set-daylight-led-tfl-optik-vw-golf-5-typ-1k-03-08-chrom","status":"publish","type":"product","link":"https:\/\/car-2.de\/shop\/produkt\/scheinwerfer-set-daylight-led-tfl-optik-vw-golf-5-typ-1k-03-08-chrom\/","title":{"rendered":"Scheinwerfer Set Daylight LED TFL-Optik VW Golf 5 Typ 1K  03-08 chrom"},"content":{"rendered":"<p><span style=\"display: inline-block; width: 0px; overflow: hidden; line-height: 0;\" data-mce-type=\"bookmark\" class=\"mce_SELRES_start\">\ufeff<\/span><\/p>\n","protected":false},"excerpt":{"rendered":"<p>f\u00fcr VW Golf 5f\u00fcr Baujahr: 2003 bis 2008Farbe: chrommit E Pr\u00fcfzeichen (eintragungsfrei)mit elektr. Leuchtweitenregulierung inkl. StellmotorDaylight Scheinwerfer mit LED Standlichtf\u00fcr VW Golf 5f\u00fcr Baujahr: 2003 bis 2008Farbe: chrommit E Pr\u00fcfzeichen (eintragungsfrei)mit elektr. Leuchtweitenregulierung inkl. StellmotorDaylight Scheinwerfer mit LED Standlicht<\/p>\n","protected":false},"featured_media":48151,"comment_status":"closed","ping_status":"open","template":"","meta":[],"product_brand":[],"product_cat":[633,634],"product_tag":[],"class_list":{"0":"post-29775","1":"product","2":"type-product","3":"status-publish","4":"has-post-thumbnail","6":"product_cat-beleuchtung-tuning","7":"product_cat-scheinwerfer","8":"pa_kfz-hersteller-vw","9":"pa_kfz-modell-golf-5","11":"first","12":"instock","13":"purchasable","14":"product-type-simple"},"_links":{"self":[{"href":"https:\/\/car-2.de\/shop\/wp-json\/wp\/v2\/product\/29775","targetHints":{"allow":["GET"]}}],"collection":[{"href":"https:\/\/car-2.de\/shop\/wp-json\/wp\/v2\/product"}],"about":[{"href":"https:\/\/car-2.de\/shop\/wp-json\/wp\/v2\/types\/product"}],"replies":[{"embeddable":true,"href":"https:\/\/car-2.de\/shop\/wp-json\/wp\/v2\/comments?post=29775"}],"wp:featuredmedia":[{"embeddable":true,"href":"https:\/\/car-2.de\/shop\/wp-json\/wp\/v2\/media\/48151"}],"wp:attachment":[{"href":"https:\/\/car-2.de\/shop\/wp-json\/wp\/v2\/media?parent=29775"}],"wp:term":[{"taxonomy":"product_brand","embeddable":true,"href":"https:\/\/car-2.de\/shop\/wp-json\/wp\/v2\/product_brand?post=29775"},{"taxonomy":"product_cat","embeddable":true,"href":"https:\/\/car-2.de\/shop\/wp-json\/wp\/v2\/product_cat?post=29775"},{"taxonomy":"product_tag","embeddable":true,"href":"https:\/\/car-2.de\/shop\/wp-json\/wp\/v2\/product_tag?post=29775"}],"curies":[{"name":"wp","href":"https:\/\/api.w.org\/{rel}","templated":true}]}}