{"id":29572,"date":"2025-01-02T02:02:09","date_gmt":"2025-01-02T01:02:09","guid":{"rendered":"http:\/\/automotive.system199.de\/shop\/produkt\/scheinwerfer-set-daylight-led-tfl-optik-alfa-romeo-156-typ-932-98-02-schwarz\/"},"modified":"2025-01-02T02:02:16","modified_gmt":"2025-01-02T01:02:16","slug":"scheinwerfer-set-daylight-led-tfl-optik-alfa-romeo-156-typ-932-98-02-schwarz","status":"publish","type":"product","link":"https:\/\/car-2.de\/shop\/produkt\/scheinwerfer-set-daylight-led-tfl-optik-alfa-romeo-156-typ-932-98-02-schwarz\/","title":{"rendered":"Scheinwerfer Set Daylight LED TFL-Optik Alfa Romeo 156 Typ 932  98-02 schwarz"},"content":{"rendered":"<p><span style=\"display: inline-block; width: 0px; overflow: hidden; line-height: 0;\" data-mce-type=\"bookmark\" class=\"mce_SELRES_start\">\ufeff<\/span><\/p>\n","protected":false},"excerpt":{"rendered":"<p>f\u00fcr Alfa Romeo 156f\u00fcr Baujahr: 1998 bis 2002Farbe: schwarzmit E Pr\u00fcfzeichen (eintragungsfrei)mit integriertem BlinkerDaylight Scheinwerfer mit LED Standlichtf\u00fcr Alfa Romeo 156f\u00fcr Baujahr: 1998 bis 2002Farbe: schwarzmit E Pr\u00fcfzeichen (eintragungsfrei)mit integriertem BlinkerDaylight Scheinwerfer mit LED Standlicht<\/p>\n","protected":false},"featured_media":47466,"comment_status":"closed","ping_status":"open","template":"","meta":[],"product_brand":[],"product_cat":[633,634],"product_tag":[],"class_list":{"0":"post-29572","1":"product","2":"type-product","3":"status-publish","4":"has-post-thumbnail","6":"product_cat-beleuchtung-tuning","7":"product_cat-scheinwerfer","8":"pa_kfz-hersteller-alfa-romeo","9":"pa_kfz-modell-1247","11":"first","12":"instock","13":"purchasable","14":"product-type-simple"},"_links":{"self":[{"href":"https:\/\/car-2.de\/shop\/wp-json\/wp\/v2\/product\/29572","targetHints":{"allow":["GET"]}}],"collection":[{"href":"https:\/\/car-2.de\/shop\/wp-json\/wp\/v2\/product"}],"about":[{"href":"https:\/\/car-2.de\/shop\/wp-json\/wp\/v2\/types\/product"}],"replies":[{"embeddable":true,"href":"https:\/\/car-2.de\/shop\/wp-json\/wp\/v2\/comments?post=29572"}],"wp:featuredmedia":[{"embeddable":true,"href":"https:\/\/car-2.de\/shop\/wp-json\/wp\/v2\/media\/47466"}],"wp:attachment":[{"href":"https:\/\/car-2.de\/shop\/wp-json\/wp\/v2\/media?parent=29572"}],"wp:term":[{"taxonomy":"product_brand","embeddable":true,"href":"https:\/\/car-2.de\/shop\/wp-json\/wp\/v2\/product_brand?post=29572"},{"taxonomy":"product_cat","embeddable":true,"href":"https:\/\/car-2.de\/shop\/wp-json\/wp\/v2\/product_cat?post=29572"},{"taxonomy":"product_tag","embeddable":true,"href":"https:\/\/car-2.de\/shop\/wp-json\/wp\/v2\/product_tag?post=29572"}],"curies":[{"name":"wp","href":"https:\/\/api.w.org\/{rel}","templated":true}]}}