{"id":29564,"date":"2025-01-02T02:02:09","date_gmt":"2025-01-02T01:02:09","guid":{"rendered":"http:\/\/automotive.system199.de\/shop\/produkt\/express-bearbeitungsgebuehr\/"},"modified":"2025-01-02T02:02:12","modified_gmt":"2025-01-02T01:02:12","slug":"express-bearbeitungsgebuehr","status":"publish","type":"product","link":"https:\/\/car-2.de\/shop\/produkt\/express-bearbeitungsgebuehr\/","title":{"rendered":"Express Bearbeitungsgeb\u00fchr"},"content":{"rendered":"<p>&nbsp;Sie w\u00fcnschen, dass Ihr Artikel bevorzugt bearbeitet wird? Dann ist diese Express-Bearbeitungsgeb\u00fchr genau das richtige.Bitte beachten Sie: Ihre Bestellung wird schneller versendet, jedoch nicht schneller zugestellt (kein DHL-Express-Versand). Wenn Sie den DHL Express-Versand w\u00fcnschen, m\u00fcssen Sie dies separat im Bestellprozess ausw\u00e4hlen.<span style=\"display: inline-block; width: 0px; overflow: hidden; line-height: 0;\" data-mce-type=\"bookmark\" class=\"mce_SELRES_start\">\ufeff<\/span><\/p>\n","protected":false},"excerpt":{"rendered":"<p>Express Bearbeitungsgeb\u00fchrExpress Bearbeitungsgeb\u00fchr<\/p>\n","protected":false},"featured_media":47398,"comment_status":"closed","ping_status":"open","template":"","meta":[],"product_brand":[],"product_cat":[659],"product_tag":[],"class_list":{"0":"post-29564","1":"product","2":"type-product","3":"status-publish","4":"has-post-thumbnail","6":"product_cat-normale-versandkosten","8":"first","9":"instock","10":"purchasable","11":"product-type-simple"},"_links":{"self":[{"href":"https:\/\/car-2.de\/shop\/wp-json\/wp\/v2\/product\/29564","targetHints":{"allow":["GET"]}}],"collection":[{"href":"https:\/\/car-2.de\/shop\/wp-json\/wp\/v2\/product"}],"about":[{"href":"https:\/\/car-2.de\/shop\/wp-json\/wp\/v2\/types\/product"}],"replies":[{"embeddable":true,"href":"https:\/\/car-2.de\/shop\/wp-json\/wp\/v2\/comments?post=29564"}],"wp:featuredmedia":[{"embeddable":true,"href":"https:\/\/car-2.de\/shop\/wp-json\/wp\/v2\/media\/47398"}],"wp:attachment":[{"href":"https:\/\/car-2.de\/shop\/wp-json\/wp\/v2\/media?parent=29564"}],"wp:term":[{"taxonomy":"product_brand","embeddable":true,"href":"https:\/\/car-2.de\/shop\/wp-json\/wp\/v2\/product_brand?post=29564"},{"taxonomy":"product_cat","embeddable":true,"href":"https:\/\/car-2.de\/shop\/wp-json\/wp\/v2\/product_cat?post=29564"},{"taxonomy":"product_tag","embeddable":true,"href":"https:\/\/car-2.de\/shop\/wp-json\/wp\/v2\/product_tag?post=29564"}],"curies":[{"name":"wp","href":"https:\/\/api.w.org\/{rel}","templated":true}]}}