{"id":29555,"date":"2025-01-02T02:01:58","date_gmt":"2025-01-02T01:01:58","guid":{"rendered":"http:\/\/automotive.system199.de\/shop\/produkt\/led-rueckleuchten-set-vw-golf-7-ab-2012-rot-klar\/"},"modified":"2025-01-02T02:02:04","modified_gmt":"2025-01-02T01:02:04","slug":"led-rueckleuchten-set-vw-golf-7-ab-2012-rot-klar","status":"publish","type":"product","link":"https:\/\/car-2.de\/shop\/produkt\/led-rueckleuchten-set-vw-golf-7-ab-2012-rot-klar\/","title":{"rendered":"LED R\u00fcckleuchten Set VW Golf 7 ab  2012 rot\/klar"},"content":{"rendered":"<p><span style=\"display: inline-block; width: 0px; overflow: hidden; line-height: 0;\" data-mce-type=\"bookmark\" class=\"mce_SELRES_start\">\ufeff<\/span><\/p>\n","protected":false},"excerpt":{"rendered":"<p>geeignet f\u00fcr VW Golf 7ab  2012Farbe: rot\/klarmit E Pr\u00fcfzeichenenergiesparende LED Technikinkl. LED Leuchtmittel1 Set besteht aus 2 R\u00fcckleuchteneinfache Montage (Plug&#038;Play)inklusive Widerstandsportliches Designf\u00fcr Ihre Sicherheitgeeignet f\u00fcr VW Golf 7ab  2012Farbe: rot\/klarmit E Pr\u00fcfzeichenenergiesparende LED Technikinkl. LED Leuchtmittel1 Set besteht aus 2 R\u00fcckleuchteneinfache Montage (Plug&#038;Play)inklusive Widerstandsportliches Designf\u00fcr Ihre Sicherheit<\/p>\n","protected":false},"featured_media":47314,"comment_status":"closed","ping_status":"open","template":"","meta":[],"product_brand":[],"product_cat":[633,640],"product_tag":[],"class_list":{"0":"post-29555","1":"product","2":"type-product","3":"status-publish","4":"has-post-thumbnail","6":"product_cat-beleuchtung-tuning","7":"product_cat-rueckleuchten","8":"pa_kfz-hersteller-vw","9":"pa_kfz-modell-golf-7","11":"first","12":"instock","13":"purchasable","14":"product-type-simple"},"_links":{"self":[{"href":"https:\/\/car-2.de\/shop\/wp-json\/wp\/v2\/product\/29555","targetHints":{"allow":["GET"]}}],"collection":[{"href":"https:\/\/car-2.de\/shop\/wp-json\/wp\/v2\/product"}],"about":[{"href":"https:\/\/car-2.de\/shop\/wp-json\/wp\/v2\/types\/product"}],"replies":[{"embeddable":true,"href":"https:\/\/car-2.de\/shop\/wp-json\/wp\/v2\/comments?post=29555"}],"wp:featuredmedia":[{"embeddable":true,"href":"https:\/\/car-2.de\/shop\/wp-json\/wp\/v2\/media\/47314"}],"wp:attachment":[{"href":"https:\/\/car-2.de\/shop\/wp-json\/wp\/v2\/media?parent=29555"}],"wp:term":[{"taxonomy":"product_brand","embeddable":true,"href":"https:\/\/car-2.de\/shop\/wp-json\/wp\/v2\/product_brand?post=29555"},{"taxonomy":"product_cat","embeddable":true,"href":"https:\/\/car-2.de\/shop\/wp-json\/wp\/v2\/product_cat?post=29555"},{"taxonomy":"product_tag","embeddable":true,"href":"https:\/\/car-2.de\/shop\/wp-json\/wp\/v2\/product_tag?post=29555"}],"curies":[{"name":"wp","href":"https:\/\/api.w.org\/{rel}","templated":true}]}}