{"id":29553,"date":"2025-01-02T02:01:58","date_gmt":"2025-01-02T01:01:58","guid":{"rendered":"http:\/\/automotive.system199.de\/shop\/produkt\/fk-racegitter-135x30cm-rot-universal-zuschneidbar-wabengitter-alugitter-racinggitter\/"},"modified":"2025-01-02T02:02:03","modified_gmt":"2025-01-02T01:02:03","slug":"fk-racegitter-135x30cm-rot-universal-zuschneidbar-wabengitter-alugitter-racinggitter","status":"publish","type":"product","link":"https:\/\/car-2.de\/shop\/produkt\/fk-racegitter-135x30cm-rot-universal-zuschneidbar-wabengitter-alugitter-racinggitter\/","title":{"rendered":"FK Racegitter 135x30cm rot universal zuschneidbar Wabengitter Alugitter Racinggitter"},"content":{"rendered":"<p><span style=\"display: inline-block; width: 0px; overflow: hidden; line-height: 0;\" data-mce-type=\"bookmark\" class=\"mce_SELRES_start\">\ufeff<\/span><\/p>\n","protected":false},"excerpt":{"rendered":"<p>Farbe: rotMa\u00dfe: 135x30cmMaterial: Aluminiumeintragungsfrei (im Stra\u00dfenverkehr zugelassen)f\u00fcr eine individuelle und sportliche Aufwertung der Frontoptikauch in blau, schwarz und silberFarbe: rotMa\u00dfe: 135x30cmMaterial: Aluminiumeintragungsfrei (im Stra\u00dfenverkehr zugelassen)f\u00fcr eine individuelle und sportliche Aufwertung der Frontoptikauch in blau, schwarz und silber<\/p>\n","protected":false},"featured_media":47300,"comment_status":"closed","ping_status":"open","template":"","meta":[],"product_brand":[],"product_cat":[637],"product_tag":[],"class_list":{"0":"post-29553","1":"product","2":"type-product","3":"status-publish","4":"has-post-thumbnail","6":"product_cat-sale","8":"first","9":"instock","10":"purchasable","11":"product-type-simple"},"_links":{"self":[{"href":"https:\/\/car-2.de\/shop\/wp-json\/wp\/v2\/product\/29553","targetHints":{"allow":["GET"]}}],"collection":[{"href":"https:\/\/car-2.de\/shop\/wp-json\/wp\/v2\/product"}],"about":[{"href":"https:\/\/car-2.de\/shop\/wp-json\/wp\/v2\/types\/product"}],"replies":[{"embeddable":true,"href":"https:\/\/car-2.de\/shop\/wp-json\/wp\/v2\/comments?post=29553"}],"wp:featuredmedia":[{"embeddable":true,"href":"https:\/\/car-2.de\/shop\/wp-json\/wp\/v2\/media\/47300"}],"wp:attachment":[{"href":"https:\/\/car-2.de\/shop\/wp-json\/wp\/v2\/media?parent=29553"}],"wp:term":[{"taxonomy":"product_brand","embeddable":true,"href":"https:\/\/car-2.de\/shop\/wp-json\/wp\/v2\/product_brand?post=29553"},{"taxonomy":"product_cat","embeddable":true,"href":"https:\/\/car-2.de\/shop\/wp-json\/wp\/v2\/product_cat?post=29553"},{"taxonomy":"product_tag","embeddable":true,"href":"https:\/\/car-2.de\/shop\/wp-json\/wp\/v2\/product_tag?post=29553"}],"curies":[{"name":"wp","href":"https:\/\/api.w.org\/{rel}","templated":true}]}}