{"id":29544,"date":"2025-01-02T02:01:50","date_gmt":"2025-01-02T01:01:50","guid":{"rendered":"http:\/\/automotive.system199.de\/shop\/produkt\/fk-sportsitz-buerodrehstuhl-pro-sport-grau-schwarz-chefsessel-drehstuhl-buerostuhl\/"},"modified":"2025-01-02T02:01:56","modified_gmt":"2025-01-02T01:01:56","slug":"fk-sportsitz-buerodrehstuhl-pro-sport-grau-schwarz-chefsessel-drehstuhl-buerostuhl","status":"publish","type":"product","link":"https:\/\/car-2.de\/shop\/produkt\/fk-sportsitz-buerodrehstuhl-pro-sport-grau-schwarz-chefsessel-drehstuhl-buerostuhl\/","title":{"rendered":"FK Sportsitz B\u00fcrodrehstuhl Pro Sport grau\/schwarz Chefsessel Drehstuhl B\u00fcrostuhl"},"content":{"rendered":"<p><span style=\"display: inline-block; width: 0px; overflow: hidden; line-height: 0;\" data-mce-type=\"bookmark\" class=\"mce_SELRES_start\">\ufeff<\/span><\/p>\n","protected":false},"excerpt":{"rendered":"<p>Farbe: grau\/schwarzR\u00fcckenlehne + H\u00f6he verstellbarstabiles Fu\u00dfkreuz, maximal belastbar bis 100 kgBezug: hochwertiges Kunstledererstklassige VerarbeitungHalbschalensitz mit Klappmechanismusf\u00fcr echtes Rennwagen-Feeling im B\u00fcroauch in grauFarbe: grau\/schwarzR\u00fcckenlehne + H\u00f6he verstellbarstabiles Fu\u00dfkreuz, maximal belastbar bis 100 kgBezug: hochwertiges Kunstledererstklassige VerarbeitungHalbschalensitz mit Klappmechanismusf\u00fcr echtes Rennwagen-Feeling im B\u00fcroauch in grau<\/p>\n","protected":false},"featured_media":47213,"comment_status":"closed","ping_status":"open","template":"","meta":[],"product_brand":[],"product_cat":[657,655],"product_tag":[],"class_list":{"0":"post-29544","1":"product","2":"type-product","3":"status-publish","4":"has-post-thumbnail","6":"product_cat-buerostuhl","7":"product_cat-sportsitze-gurte","8":"pa_kfz-hersteller-universal","9":"pa_kfz-modell-universal","11":"first","12":"instock","13":"purchasable","14":"product-type-simple"},"_links":{"self":[{"href":"https:\/\/car-2.de\/shop\/wp-json\/wp\/v2\/product\/29544","targetHints":{"allow":["GET"]}}],"collection":[{"href":"https:\/\/car-2.de\/shop\/wp-json\/wp\/v2\/product"}],"about":[{"href":"https:\/\/car-2.de\/shop\/wp-json\/wp\/v2\/types\/product"}],"replies":[{"embeddable":true,"href":"https:\/\/car-2.de\/shop\/wp-json\/wp\/v2\/comments?post=29544"}],"wp:featuredmedia":[{"embeddable":true,"href":"https:\/\/car-2.de\/shop\/wp-json\/wp\/v2\/media\/47213"}],"wp:attachment":[{"href":"https:\/\/car-2.de\/shop\/wp-json\/wp\/v2\/media?parent=29544"}],"wp:term":[{"taxonomy":"product_brand","embeddable":true,"href":"https:\/\/car-2.de\/shop\/wp-json\/wp\/v2\/product_brand?post=29544"},{"taxonomy":"product_cat","embeddable":true,"href":"https:\/\/car-2.de\/shop\/wp-json\/wp\/v2\/product_cat?post=29544"},{"taxonomy":"product_tag","embeddable":true,"href":"https:\/\/car-2.de\/shop\/wp-json\/wp\/v2\/product_tag?post=29544"}],"curies":[{"name":"wp","href":"https:\/\/api.w.org\/{rel}","templated":true}]}}