{"id":29541,"date":"2025-01-02T02:01:50","date_gmt":"2025-01-02T01:01:50","guid":{"rendered":"http:\/\/automotive.system199.de\/shop\/produkt\/sitzauflage-mit-sitzheizung-schwarz\/"},"modified":"2025-01-02T02:01:54","modified_gmt":"2025-01-02T01:01:54","slug":"sitzauflage-mit-sitzheizung-schwarz","status":"publish","type":"product","link":"https:\/\/car-2.de\/shop\/produkt\/sitzauflage-mit-sitzheizung-schwarz\/","title":{"rendered":"Sitzauflage mit Sitzheizung schwarz"},"content":{"rendered":"<p><span style=\"display: inline-block; width: 0px; overflow: hidden; line-height: 0;\" data-mce-type=\"bookmark\" class=\"mce_SELRES_start\">\ufeff<\/span><\/p>\n","protected":false},"excerpt":{"rendered":"<p>sportliche SitzpositionRennsport-LookFarbe: schwarzmit BedienteilBetrieb \u00fcber Zigarettenanz\u00fcnder (12V)sportliche SitzpositionRennsport-LookFarbe: schwarzmit BedienteilBetrieb \u00fcber Zigarettenanz\u00fcnder (12V)<\/p>\n","protected":false},"featured_media":47192,"comment_status":"closed","ping_status":"open","template":"","meta":[],"product_brand":[],"product_cat":[658,655],"product_tag":[],"class_list":{"0":"post-29541","1":"product","2":"type-product","3":"status-publish","4":"has-post-thumbnail","6":"product_cat-sportsitz-zubehoer","7":"product_cat-sportsitze-gurte","8":"pa_kfz-hersteller-universal","9":"pa_kfz-modell-universal","11":"first","12":"instock","13":"purchasable","14":"product-type-simple"},"_links":{"self":[{"href":"https:\/\/car-2.de\/shop\/wp-json\/wp\/v2\/product\/29541","targetHints":{"allow":["GET"]}}],"collection":[{"href":"https:\/\/car-2.de\/shop\/wp-json\/wp\/v2\/product"}],"about":[{"href":"https:\/\/car-2.de\/shop\/wp-json\/wp\/v2\/types\/product"}],"replies":[{"embeddable":true,"href":"https:\/\/car-2.de\/shop\/wp-json\/wp\/v2\/comments?post=29541"}],"wp:featuredmedia":[{"embeddable":true,"href":"https:\/\/car-2.de\/shop\/wp-json\/wp\/v2\/media\/47192"}],"wp:attachment":[{"href":"https:\/\/car-2.de\/shop\/wp-json\/wp\/v2\/media?parent=29541"}],"wp:term":[{"taxonomy":"product_brand","embeddable":true,"href":"https:\/\/car-2.de\/shop\/wp-json\/wp\/v2\/product_brand?post=29541"},{"taxonomy":"product_cat","embeddable":true,"href":"https:\/\/car-2.de\/shop\/wp-json\/wp\/v2\/product_cat?post=29541"},{"taxonomy":"product_tag","embeddable":true,"href":"https:\/\/car-2.de\/shop\/wp-json\/wp\/v2\/product_tag?post=29541"}],"curies":[{"name":"wp","href":"https:\/\/api.w.org\/{rel}","templated":true}]}}