{"id":29526,"date":"2025-01-02T02:01:42","date_gmt":"2025-01-02T01:01:42","guid":{"rendered":"http:\/\/automotive.system199.de\/shop\/produkt\/fk-sportsitz-buerodrehstuhl-racecar-schwarz-grau-chefsessel-drehstuhl-buerostuhl\/"},"modified":"2025-01-02T02:01:47","modified_gmt":"2025-01-02T01:01:47","slug":"fk-sportsitz-buerodrehstuhl-racecar-schwarz-grau-chefsessel-drehstuhl-buerostuhl","status":"publish","type":"product","link":"https:\/\/car-2.de\/shop\/produkt\/fk-sportsitz-buerodrehstuhl-racecar-schwarz-grau-chefsessel-drehstuhl-buerostuhl\/","title":{"rendered":"FK Sportsitz B\u00fcrodrehstuhl Racecar schwarz\/grau Chefsessel Drehstuhl B\u00fcrostuhl"},"content":{"rendered":"<p><span style=\"display: inline-block; width: 0px; overflow: hidden; line-height: 0;\" data-mce-type=\"bookmark\" class=\"mce_SELRES_start\">\ufeff<\/span><\/p>\n","protected":false},"excerpt":{"rendered":"<p>Farbe: schwarz\/grauR\u00fcckenlehne + H\u00f6he verstellbarstabiles Fu\u00dfkreuz, maximal belastbar bis 100 kghochwertiger StoffbezugHalbschalensitz mit Klappmechanismusf\u00fcr echtes Rennwagen-Feeling im B\u00fcroauch in schwarz  schwarz\/blauFarbe: schwarz\/grauR\u00fcckenlehne + H\u00f6he verstellbarstabiles Fu\u00dfkreuz, maximal belastbar bis 100 kghochwertiger StoffbezugHalbschalensitz mit Klappmechanismusf\u00fcr echtes Rennwagen-Feeling im B\u00fcroauch in schwarz  schwarz\/blau<\/p>\n","protected":false},"featured_media":47073,"comment_status":"closed","ping_status":"open","template":"","meta":[],"product_brand":[],"product_cat":[657,655],"product_tag":[],"class_list":{"0":"post-29526","1":"product","2":"type-product","3":"status-publish","4":"has-post-thumbnail","6":"product_cat-buerostuhl","7":"product_cat-sportsitze-gurte","8":"pa_kfz-hersteller-universal","9":"pa_kfz-modell-universal","11":"first","12":"instock","13":"purchasable","14":"product-type-simple"},"_links":{"self":[{"href":"https:\/\/car-2.de\/shop\/wp-json\/wp\/v2\/product\/29526","targetHints":{"allow":["GET"]}}],"collection":[{"href":"https:\/\/car-2.de\/shop\/wp-json\/wp\/v2\/product"}],"about":[{"href":"https:\/\/car-2.de\/shop\/wp-json\/wp\/v2\/types\/product"}],"replies":[{"embeddable":true,"href":"https:\/\/car-2.de\/shop\/wp-json\/wp\/v2\/comments?post=29526"}],"wp:featuredmedia":[{"embeddable":true,"href":"https:\/\/car-2.de\/shop\/wp-json\/wp\/v2\/media\/47073"}],"wp:attachment":[{"href":"https:\/\/car-2.de\/shop\/wp-json\/wp\/v2\/media?parent=29526"}],"wp:term":[{"taxonomy":"product_brand","embeddable":true,"href":"https:\/\/car-2.de\/shop\/wp-json\/wp\/v2\/product_brand?post=29526"},{"taxonomy":"product_cat","embeddable":true,"href":"https:\/\/car-2.de\/shop\/wp-json\/wp\/v2\/product_cat?post=29526"},{"taxonomy":"product_tag","embeddable":true,"href":"https:\/\/car-2.de\/shop\/wp-json\/wp\/v2\/product_tag?post=29526"}],"curies":[{"name":"wp","href":"https:\/\/api.w.org\/{rel}","templated":true}]}}