{"id":29507,"date":"2025-01-02T02:01:33","date_gmt":"2025-01-02T01:01:33","guid":{"rendered":"http:\/\/automotive.system199.de\/shop\/produkt\/sportstossdaempfer-akx-honda-civic-crx-o-4wd-eg-2-689eh-69-vorderachse-links\/"},"modified":"2025-01-02T02:01:39","modified_gmt":"2025-01-02T01:01:39","slug":"sportstossdaempfer-akx-honda-civic-crx-o-4wd-eg-2-689eh-69-vorderachse-links","status":"publish","type":"product","link":"https:\/\/car-2.de\/shop\/produkt\/sportstossdaempfer-akx-honda-civic-crx-o-4wd-eg-2-689eh-69-vorderachse-links\/","title":{"rendered":"Sportsto\u00dfd\u00e4mpfer AKX Honda Civic\/CRX o.4WD EG 2-6,8,9,EH 6+9,&#8230;(Vorderachse links)"},"content":{"rendered":"<p>Die AKX Sportsto\u00dfd\u00e4mpfer sind aufgrund Ihrer g\u00fcnstigen Einstiegspreise optimal f\u00fcr den Einstieg in den Bereich Tuning und sportliches Autozubeh\u00f6r, sowie Fahrwerkstuning und Tieferlegung. Die Sto\u00dfd\u00e4mpfer sind straff und sportlich abgestimmt, und verschaffen Ihnen so ein entsprechend sportliches Fahrgef\u00fchl und eine entsprechend bessere Kurvenlage &#8211; nicht umsonst werden Sie als Sportsto\u00dfd\u00e4mpfer betitelt. Die AKX Sportsto\u00dfd\u00e4mpfer, sowie die anderen Sportsto\u00dfd\u00e4mpfer in unserem FK Onlineshop f\u00fcr Tuning und sportliches Autozubeh\u00f6r, sind so eben nicht nur f\u00fcr die Tieferlegung und die optische Aufwertung Ihres Fahrzeugs konzipiert, sondern auch f\u00fcr ein optimiertes Fahrverhalten zum g\u00fcnstigen Preis. Teilweise verf\u00fcgen unsere AKX Sportsto\u00dfd\u00e4mpfer auch \u00fcber eine 5-fache Nutenverstellung an der Hinterachse, welche Ihnen erm\u00f6glicht in der H\u00f6he der Hinterachse des Fahrzeugs zu variieren. Unsere AKX Sportsto\u00dfd\u00e4mpfer k\u00f6nnen mit vielen verschiedenen Federn kombiniert werden. Zum einen ist es teilweise m\u00f6glich, die alten, schon im Fahrzeug verbauten Federn zu nutzen, zum anderen kann man die Sportsto\u00dfd\u00e4mpfer aber auch mit Federn von diversen Fremdherstellern kombinieren. Aus Erfahrung empfehlen wir Ihnen jedoch, Ihre bei uns erstandenen AKX Sportsto\u00dfd\u00e4mpfer mit den bei uns erh\u00e4ltlichen und hergestellten High Tec Qualit\u00e4tsfedern zu kombinieren, so erhalten Sie ein optimales Ergebnis, sowohl was die Tieferlegung anbelangt als auch das neue, sportliche und deutliche straffere Fahrgef\u00fchl was sie erwartet. Sollten Sie gleich ein ganzes Fahrwerk ben\u00f6tigen, oder sich mehr Einstellm\u00f6glichkeiten w\u00fcnschen, finden Sie bei uns im Shop eine riesen Auswahl an Sportfahrwerken, Sportsto\u00dfd\u00e4mpfern, Sportfedern f\u00fcr eine Vielzahl von Fahrzeugen und Fahrzeugherstellern, so sollte es kein Problem sein auch f\u00fcr Ihr Fahrzeug entsprechende Sportsto\u00dfd\u00e4mpfer zu finden. Sollten Sie sich zudem w\u00fcnschen, dass Sie die D\u00e4mpferh\u00e4rte Ihrer Sportsto\u00dfd\u00e4mpfer einfach und unkompliziert ver\u00e4ndern kann, empfehlen wir Ihnen auf einen Power High Tec Sportsto\u00dfd\u00e4mpfer aus unserem Hause zur\u00fcckzugreifen. Wie Sie sehen l\u00e4sst unser Sortiment auch im Bereich Federn, Sto\u00dfd\u00e4mpfer, Fahrwerke sowie Sportfedern, Sportsto\u00dfd\u00e4mpfer und Sportfahrwerke keine W\u00fcnsche und Bed\u00fcrfnisse offen.<span style=\"display: inline-block; width: 0px; overflow: hidden; line-height: 0;\" data-mce-type=\"bookmark\" class=\"mce_SELRES_start\">\ufeff<\/span><\/p>\n","protected":false},"excerpt":{"rendered":"<p>f\u00fcr Honda Civic 4Vorderachse linksf\u00fcr Fahrzeugtyp: EG 2-6,8,9,EH 6+9,EJ 1+2hohe Qualit\u00e4tsportlich abgestimmtbesseres Kurvenverhaltenmehr Fahrspa\u00dff\u00fcr Honda Civic 4Vorderachse linksf\u00fcr Fahrzeugtyp: EG 2-6,8,9,EH 6+9,EJ 1+2hohe Qualit\u00e4tsportlich abgestimmtbesseres Kurvenverhaltenmehr Fahrspa\u00df<\/p>\n","protected":false},"featured_media":46934,"comment_status":"closed","ping_status":"open","template":"","meta":[],"product_brand":[],"product_cat":[641,642],"product_tag":[],"class_list":{"0":"post-29507","1":"product","2":"type-product","3":"status-publish","4":"has-post-thumbnail","6":"product_cat-fahrwerk-tuning","7":"product_cat-fahrwerk-zubehoer","8":"pa_kfz-hersteller-honda","9":"pa_kfz-modell-civic-iv-hatchback-ec-ed-ee","10":"pa_kfz-modell-civic-iv-stufenheck-ed","11":"pa_kfz-modell-crx-ii-ed-ee","13":"first","14":"instock","15":"purchasable","16":"product-type-simple"},"_links":{"self":[{"href":"https:\/\/car-2.de\/shop\/wp-json\/wp\/v2\/product\/29507","targetHints":{"allow":["GET"]}}],"collection":[{"href":"https:\/\/car-2.de\/shop\/wp-json\/wp\/v2\/product"}],"about":[{"href":"https:\/\/car-2.de\/shop\/wp-json\/wp\/v2\/types\/product"}],"replies":[{"embeddable":true,"href":"https:\/\/car-2.de\/shop\/wp-json\/wp\/v2\/comments?post=29507"}],"wp:featuredmedia":[{"embeddable":true,"href":"https:\/\/car-2.de\/shop\/wp-json\/wp\/v2\/media\/46934"}],"wp:attachment":[{"href":"https:\/\/car-2.de\/shop\/wp-json\/wp\/v2\/media?parent=29507"}],"wp:term":[{"taxonomy":"product_brand","embeddable":true,"href":"https:\/\/car-2.de\/shop\/wp-json\/wp\/v2\/product_brand?post=29507"},{"taxonomy":"product_cat","embeddable":true,"href":"https:\/\/car-2.de\/shop\/wp-json\/wp\/v2\/product_cat?post=29507"},{"taxonomy":"product_tag","embeddable":true,"href":"https:\/\/car-2.de\/shop\/wp-json\/wp\/v2\/product_tag?post=29507"}],"curies":[{"name":"wp","href":"https:\/\/api.w.org\/{rel}","templated":true}]}}