{"id":29427,"date":"2025-01-02T02:01:07","date_gmt":"2025-01-02T01:01:07","guid":{"rendered":"http:\/\/automotive.system199.de\/shop\/produkt\/aufkleber-chrom-3d-car-logo-motiv-dragon-iv-120x29-mm-chrom\/"},"modified":"2025-01-02T02:01:11","modified_gmt":"2025-01-02T01:01:11","slug":"aufkleber-chrom-3d-car-logo-motiv-dragon-iv-120x29-mm-chrom","status":"publish","type":"product","link":"https:\/\/car-2.de\/shop\/produkt\/aufkleber-chrom-3d-car-logo-motiv-dragon-iv-120x29-mm-chrom\/","title":{"rendered":"Aufkleber Chrom 3D Car Logo Motiv Dragon IV 120&#215;29 mm chrom"},"content":{"rendered":"<p>Lust auf eine schnelle, einfache aber dennoch sichtbare optische Aufwertung an Ihrem Fahrzeug? Schon mal an einen Chromsticker gedacht? Wir verkaufen unsere Chromsticker als Buchstaben, Zahlen, Sonderzeichen, Tribalmotive, asiatische Motive, Fun Motive und das FK Logo. Alle unsere Sticker werden inklusive 3m Folie, einem hochfesten Klebestreifen, geliefert. Sie k\u00f6nnen die Chromsticker im 3D oder im Liquid Look erhalten. Die Chromsticker sind optimal f\u00fcr Kunden, die Ihrem Fahrzeug eine ganz individuelle, pers\u00f6nliche Note verleihen wollen. Sie eignen sich nat\u00fcrlich auch hervorragend f\u00fcr Werbezwecke. Da alle Buchstaben und viele Sonderzeichen erh\u00e4ltlich sind, k\u00f6nnen Sie Ihre Werbung ohne Einschr\u00e4nkungen so formulieren, wie Sie es sich w\u00fcnschen. Als ganz besonderes Highlight k\u00f6nnen wir Ihnen im Bereich der Chromsticker ein vollst\u00e4ndiges Verkausfsdisplay inklusive 210 Chromsticker, aus Logos und Buchstaben, anbieten. Selbstverst\u00e4ndlich sind unsere Chromsticker universell f\u00fcr alle Fahrzeuge verwendbar. Im Bereich der Aufkleber f\u00fcr Fahrzeuge haben wir zudem weitere Artikel um Ihrem Fahrzeug den letzten Kick zu geben. In unserem Online Shop sind unter anderem Tankklappenaufkleber und Lufteinlass &#8211; Aufkleber erh\u00e4ltlich, die, einmal am Fahrzeug angebracht, t\u00e4uschend echt aussehen. Unter der Rubrik Folien, Dekore und Lacke k\u00f6nnen wir Ihnen in unserem Online Shop viele weitere Artikel zur optischen Aufwertung Ihres Fahrzeugs anbieten. Darunter T\u00f6ungsfolien, f\u00fcr die Scheiben Ihres Fahrzeugs, Lack f\u00fcr den Innenraum Ihres Fahrzeugs, Sonnenblendstreifen, Lackschutzfolie oder Folien f\u00fcr den Fahrzeuginnenraum. Schauen Sie sich doch einfach in unserem Online Shop um und entdecken Sie die Vielfalt an Artikeln. Sollten Sie auf der Suche nach etwas bestimmten sein und es nicht finden, dann verwenden Sie doch einfach das Kontakformular auf unserer Homepage um unseren Experten zu schreiben, diese werden versuchen Ihnen wenn m\u00f6glich mit Ihrer Anfrage zu helfen.<span style=\"display: inline-block; width: 0px; overflow: hidden; line-height: 0;\" data-mce-type=\"bookmark\" class=\"mce_SELRES_start\">\ufeff<\/span><\/p>\n","protected":false},"excerpt":{"rendered":"<p>Anwendungsbereich: zur individuellen Beschriftung am Fahrzeug, auch im Freizeitbereich verwendbarMa\u00dfe: 120&#215;29 mmMaterial: Kunststoffverleiht dem Fahrzeug eine pers\u00f6nliche NoteMotiv Dragon IVincl. 3M Folie ( Klebestreifen, hochfest )Anwendungsbereich: zur individuellen Beschriftung am Fahrzeug, auch im Freizeitbereich verwendbarMa\u00dfe: 120&#215;29 mmMaterial: Kunststoffverleiht dem Fahrzeug eine pers\u00f6nliche NoteMotiv Dragon IVincl. 3M Folie ( Klebestreifen, hochfest )<\/p>\n","protected":false},"featured_media":46493,"comment_status":"closed","ping_status":"open","template":"","meta":[],"product_brand":[],"product_cat":[651,637],"product_tag":[],"class_list":{"0":"post-29427","1":"product","2":"type-product","3":"status-publish","4":"has-post-thumbnail","6":"product_cat-auto-folie-aufkleber","7":"product_cat-sale","8":"pa_kfz-hersteller-universal","9":"pa_kfz-modell-universal","11":"first","12":"instock","13":"purchasable","14":"product-type-simple"},"_links":{"self":[{"href":"https:\/\/car-2.de\/shop\/wp-json\/wp\/v2\/product\/29427","targetHints":{"allow":["GET"]}}],"collection":[{"href":"https:\/\/car-2.de\/shop\/wp-json\/wp\/v2\/product"}],"about":[{"href":"https:\/\/car-2.de\/shop\/wp-json\/wp\/v2\/types\/product"}],"replies":[{"embeddable":true,"href":"https:\/\/car-2.de\/shop\/wp-json\/wp\/v2\/comments?post=29427"}],"wp:featuredmedia":[{"embeddable":true,"href":"https:\/\/car-2.de\/shop\/wp-json\/wp\/v2\/media\/46493"}],"wp:attachment":[{"href":"https:\/\/car-2.de\/shop\/wp-json\/wp\/v2\/media?parent=29427"}],"wp:term":[{"taxonomy":"product_brand","embeddable":true,"href":"https:\/\/car-2.de\/shop\/wp-json\/wp\/v2\/product_brand?post=29427"},{"taxonomy":"product_cat","embeddable":true,"href":"https:\/\/car-2.de\/shop\/wp-json\/wp\/v2\/product_cat?post=29427"},{"taxonomy":"product_tag","embeddable":true,"href":"https:\/\/car-2.de\/shop\/wp-json\/wp\/v2\/product_tag?post=29427"}],"curies":[{"name":"wp","href":"https:\/\/api.w.org\/{rel}","templated":true}]}}