{"id":29415,"date":"2025-01-02T02:01:07","date_gmt":"2025-01-02T01:01:07","guid":{"rendered":"http:\/\/automotive.system199.de\/shop\/produkt\/aufkleber-chrom-3d-autoaufkleber-3d-motiv-leafshape-70x98-mm-chrom\/"},"modified":"2025-01-02T02:01:08","modified_gmt":"2025-01-02T01:01:08","slug":"aufkleber-chrom-3d-autoaufkleber-3d-motiv-leafshape-70x98-mm-chrom","status":"publish","type":"product","link":"https:\/\/car-2.de\/shop\/produkt\/aufkleber-chrom-3d-autoaufkleber-3d-motiv-leafshape-70x98-mm-chrom\/","title":{"rendered":"Aufkleber Chrom 3D Autoaufkleber 3D Motiv Leafshape 70&#215;98 mm chrom"},"content":{"rendered":"<p><span style=\"display: inline-block; width: 0px; overflow: hidden; line-height: 0;\" data-mce-type=\"bookmark\" class=\"mce_SELRES_start\">\ufeff<\/span><\/p>\n","protected":false},"excerpt":{"rendered":"<p>Chrom Aufkleber Chrome Line 3DIdeal f\u00fcr WerbezweckeMotiv Leafshapeincl. 3M Folie ( Klebestreifen, hochfest )Ma\u00dfe: 70&#215;98 mmFarbe: chromChrom Aufkleber Chrome Line 3DIdeal f\u00fcr WerbezweckeMotiv Leafshapeincl. 3M Folie ( Klebestreifen, hochfest )Ma\u00dfe: 70&#215;98 mmFarbe: chrom<\/p>\n","protected":false},"featured_media":46429,"comment_status":"closed","ping_status":"open","template":"","meta":[],"product_brand":[],"product_cat":[651,637],"product_tag":[],"class_list":{"0":"post-29415","1":"product","2":"type-product","3":"status-publish","4":"has-post-thumbnail","6":"product_cat-auto-folie-aufkleber","7":"product_cat-sale","9":"first","10":"instock","11":"purchasable","12":"product-type-simple"},"_links":{"self":[{"href":"https:\/\/car-2.de\/shop\/wp-json\/wp\/v2\/product\/29415","targetHints":{"allow":["GET"]}}],"collection":[{"href":"https:\/\/car-2.de\/shop\/wp-json\/wp\/v2\/product"}],"about":[{"href":"https:\/\/car-2.de\/shop\/wp-json\/wp\/v2\/types\/product"}],"replies":[{"embeddable":true,"href":"https:\/\/car-2.de\/shop\/wp-json\/wp\/v2\/comments?post=29415"}],"wp:featuredmedia":[{"embeddable":true,"href":"https:\/\/car-2.de\/shop\/wp-json\/wp\/v2\/media\/46429"}],"wp:attachment":[{"href":"https:\/\/car-2.de\/shop\/wp-json\/wp\/v2\/media?parent=29415"}],"wp:term":[{"taxonomy":"product_brand","embeddable":true,"href":"https:\/\/car-2.de\/shop\/wp-json\/wp\/v2\/product_brand?post=29415"},{"taxonomy":"product_cat","embeddable":true,"href":"https:\/\/car-2.de\/shop\/wp-json\/wp\/v2\/product_cat?post=29415"},{"taxonomy":"product_tag","embeddable":true,"href":"https:\/\/car-2.de\/shop\/wp-json\/wp\/v2\/product_tag?post=29415"}],"curies":[{"name":"wp","href":"https:\/\/api.w.org\/{rel}","templated":true}]}}