{"id":29367,"date":"2025-01-02T02:00:51","date_gmt":"2025-01-02T01:00:51","guid":{"rendered":"http:\/\/automotive.system199.de\/shop\/produkt\/zusatzinstrument-vacuum-serie-1-universal-schwarz-weiss\/"},"modified":"2025-01-02T02:00:52","modified_gmt":"2025-01-02T01:00:52","slug":"zusatzinstrument-vacuum-serie-1-universal-schwarz-weiss","status":"publish","type":"product","link":"https:\/\/car-2.de\/shop\/produkt\/zusatzinstrument-vacuum-serie-1-universal-schwarz-weiss\/","title":{"rendered":"Zusatzinstrument Vacuum Serie 1 Universal, schwarz\/wei\u00df"},"content":{"rendered":"<p>FK Automotive bietet ihnen eine gro\u00dfe Anzahl an Zusatzinstrumenten in vielen Formen, verschiedenen Farben und mit diversen Funktionen. Die Zusatzinstrumente sind universell einsetzbar und passen zu vielen PKW- Modellen. Mit den FK Zusatzinstrumente erhalten sie das ultimative Racing- Design f\u00fcr ihren Innenraum. Die Anzeigen der Zusatzinstrumente sind gut ablesbar, beleuchtet und zeigen ihnen die Motordaten auf einen Blick. Durch eine bessere Kontrolle der Motordaten kann die Laufleistung von Motoren deutlich erh\u00f6ht werden. Wenn ihr Fahrzeug Serienm\u00e4\u00dfig ohne Drehzahlmesser ausgeliefert wird k\u00f6nnen sie diesen kosteng\u00fcnstig nachr\u00fcsten. Mit Hilfe des Drehzahlmessers haben sie die M\u00f6glichkeit spritsparend zu fahren was wiederrum ihren Geldbeutel und die Umwelt schont. F\u00fcr die Montage und dem richtigen Anschluss der Zusatzinstrumente ben\u00f6tigen sie sogenannte Geber. Diese werden selbstverst\u00e4ndlich inklusive einer Einbauanleitung bei allen Zusatzinstrumenten mitgeliefert. FK Automotive Zusatzinstrumente eignen sich auch sehr gut f\u00fcr den Rennsport. Wir liefern spezielle Zusatzinstrumente mit einstellbaren Schaltblitzanzeigen das sch\u00fctzt den Motor vor zu hohen Drehzahlen und zeigt ihnen die optimale Schaltzeit an. Passende Anbaurahmen f\u00fcr ihr Fahrzeug bekommen sie bei uns im Online Shop. Wir bieten verschiedenen Serien von Zusatzinstrumenten an diese Unterscheiden sich in Form, Ziffernblatt, Farbe, Beleuchtung etc. Dank der gro\u00dfen Auswahl haben sie die M\u00f6glichkeit die Zusatzinstrumente ihrem Innenraum individuell anzupassen. Bei der Serie 3 ist es sogar m\u00f6glich die Hintergrundfarbe der Anzeige in 7 verschiedenen Farben einzustellen. Mit FK Automotive Zusatzinstrumenten verpassen sie ihrem Fahrzeug den letzten Schliff und heben sie sich von der Masse ab. Informieren sie sich in unserem Online Shop, hier finden sie eine riesige Auswahl an n\u00fctzlichen Zubeh\u00f6rteilen f\u00fcr ihr Auto.<span style=\"display: inline-block; width: 0px; overflow: hidden; line-height: 0;\" data-mce-type=\"bookmark\" class=\"mce_SELRES_start\">\ufeff<\/span><\/p>\n","protected":false},"excerpt":{"rendered":"<p>Farbe: schwarz\/wei\u00dfZulassungsfreiVacuum InstrumentGlas schwarz get\u00f6nt power weissDurchmesser: 52 mmTop Qualit\u00e4tTolles Designgut ablesbarFarbe: schwarz\/wei\u00dfZulassungsfreiVacuum InstrumentGlas schwarz get\u00f6nt power weissDurchmesser: 52 mmTop Qualit\u00e4tTolles Designgut ablesbar<\/p>\n","protected":false},"featured_media":46192,"comment_status":"closed","ping_status":"open","template":"","meta":[],"product_brand":[],"product_cat":[],"product_tag":[],"class_list":{"0":"post-29367","1":"product","2":"type-product","3":"status-publish","4":"has-post-thumbnail","6":"pa_kfz-hersteller-universal","7":"pa_kfz-modell-universal","9":"first","10":"instock","11":"purchasable","12":"product-type-simple"},"_links":{"self":[{"href":"https:\/\/car-2.de\/shop\/wp-json\/wp\/v2\/product\/29367","targetHints":{"allow":["GET"]}}],"collection":[{"href":"https:\/\/car-2.de\/shop\/wp-json\/wp\/v2\/product"}],"about":[{"href":"https:\/\/car-2.de\/shop\/wp-json\/wp\/v2\/types\/product"}],"replies":[{"embeddable":true,"href":"https:\/\/car-2.de\/shop\/wp-json\/wp\/v2\/comments?post=29367"}],"wp:featuredmedia":[{"embeddable":true,"href":"https:\/\/car-2.de\/shop\/wp-json\/wp\/v2\/media\/46192"}],"wp:attachment":[{"href":"https:\/\/car-2.de\/shop\/wp-json\/wp\/v2\/media?parent=29367"}],"wp:term":[{"taxonomy":"product_brand","embeddable":true,"href":"https:\/\/car-2.de\/shop\/wp-json\/wp\/v2\/product_brand?post=29367"},{"taxonomy":"product_cat","embeddable":true,"href":"https:\/\/car-2.de\/shop\/wp-json\/wp\/v2\/product_cat?post=29367"},{"taxonomy":"product_tag","embeddable":true,"href":"https:\/\/car-2.de\/shop\/wp-json\/wp\/v2\/product_tag?post=29367"}],"curies":[{"name":"wp","href":"https:\/\/api.w.org\/{rel}","templated":true}]}}