{"id":29324,"date":"2025-01-02T02:00:40","date_gmt":"2025-01-02T01:00:40","guid":{"rendered":"http:\/\/automotive.system199.de\/shop\/produkt\/sportspiegel-adapter-set-audi-a3-typ-8p-2003-2007-schwarz\/"},"modified":"2025-01-02T02:00:42","modified_gmt":"2025-01-02T01:00:42","slug":"sportspiegel-adapter-set-audi-a3-typ-8p-2003-2007-schwarz","status":"publish","type":"product","link":"https:\/\/car-2.de\/shop\/produkt\/sportspiegel-adapter-set-audi-a3-typ-8p-2003-2007-schwarz\/","title":{"rendered":"Sportspiegel Adapter Set Audi A3 (Typ 8P)  2003-2007 schwarz"},"content":{"rendered":"<p>Werten Sie Ihr Fahrzeug optisch auf, mit den Sportspiegeln aus unserem Sportspiegel-Designprogramm. Sie k\u00f6nnen unsere Sportspiegel in zehn verschiedenen Design-Linien erwerben. Die Linien Power-Style, Cult-Style, Wing-Style, Performance und Mega-Style sind in den Farben schwarz, chrom und im carbon-look erh\u00e4ltlich. Die Linie Performance bieten wir au\u00dferdem in der Farbe wei\u00df an. Die Spiegel k\u00f6nnen nach Wunsch in manueller oder in elektrischer Ausf\u00fchrung bestellt werden. Zudem sind alle genannten Linien mit integriertem Blinker erh\u00e4ltlich, wobei die Performance Linie mit LED Blinkern ausgestattet ist. Die Linie Hyper-Style besticht mit ihrem eleganten und sportlichen Design. Die Blinker sind bei dieser Linie durchgehend integriert. Erh\u00e4ltlich ist sie in den Farben chrom und wei\u00df. Auf Wunsch sind die Sportspiegel elektrisch verstellbar. Unsere Sportspiegel im Racecar- und im Race-Look geben Ihnen durch ihre Tropfenform auf allen Stra\u00dfen das gewisse Rennfeeling. Man kann diese beiden Linien in den Farben schwarz, wei\u00df, chrom und carbon-look erhalten. Mit unseren Sportspiegeln im Classic-Style liegen Sie genau richtig, wenn Sie den klassischen und schlichten Look bevorzugen. Sie k\u00f6nnen sie in den Farben schwarz, chrom und carbon-look bestellen. Die Sportspiegel im Speed-Look erhalten ihr besonderes Design durch ihre schlanke und dennoch sportliche Form. Sie sind in den Farben schwarz und chrom, in manueller oder elektrischer Ausf\u00fchrung und mit oder ohne integriertem LED Blinker erh\u00e4ltlich. Alle unsere Sportspiegel sind f\u00fcr verschiedene Automarken und Fahrzeughersteller universell anwendbar. Die hohe Passgenauigkeit unserer Sportspiegel erleichtert Ihnen die Montage. Sollten Sie sich f\u00fcr einen unserer Sportspiegel entschieden haben, m\u00fcssen Sie diese nat\u00fcrlich irgendwie an Ihr Fahrzeug anbringen. Hierf\u00fcr bietet FK Spiegel Adapterplatten und Sportspiegeladapter an. Mit den Sportspiegel Adaptern k\u00f6nnen Sie jeden FK Sportspiegel und Spiegel an Ihrem Fahrzeug befesitigen. Die Adapterplatten sind alle gut verarbeitet und haben eine fahrzeugspezifische Passgenauigkeit. Auch in allen anderen Bereichen des Tunings kann Ihnen unser Online Shop, mit seinem breit gef\u00e4cherten Sortiment, eine gro\u00dfe Zahl an Artikeln in den Bereichen Tuning und sportliches Autozubeh\u00f6r bieten. Schauen Sie doch einfach rein.<span style=\"display: inline-block; width: 0px; overflow: hidden; line-height: 0;\" data-mce-type=\"bookmark\" class=\"mce_SELRES_start\">\ufeff<\/span><\/p>\n","protected":false},"excerpt":{"rendered":"<p>f\u00fcr Audi A3 (8P\/8PA)f\u00fcr Baujahr: 2003-2007Farbe: schwarzmanuell oder elektrischSportspiegeladapterplatten f\u00fcr FK Sportspiegeljeweils 2 St\u00fcck in einem Setpassgenau und fahrzeugspezifischhochwertig Verarbeitetf\u00fcr Audi A3 (8P\/8PA)f\u00fcr Baujahr: 2003-2007Farbe: schwarzmanuell oder elektrischSportspiegeladapterplatten f\u00fcr FK Sportspiegeljeweils 2 St\u00fcck in einem Setpassgenau und fahrzeugspezifischhochwertig Verarbeitet<\/p>\n","protected":false},"featured_media":46136,"comment_status":"closed","ping_status":"open","template":"","meta":[],"product_brand":[],"product_cat":[637],"product_tag":[],"class_list":{"0":"post-29324","1":"product","2":"type-product","3":"status-publish","4":"has-post-thumbnail","6":"product_cat-sale","7":"pa_kfz-hersteller-audi","8":"pa_kfz-modell-a3-8p-8pa","10":"first","11":"instock","12":"purchasable","13":"product-type-simple"},"_links":{"self":[{"href":"https:\/\/car-2.de\/shop\/wp-json\/wp\/v2\/product\/29324","targetHints":{"allow":["GET"]}}],"collection":[{"href":"https:\/\/car-2.de\/shop\/wp-json\/wp\/v2\/product"}],"about":[{"href":"https:\/\/car-2.de\/shop\/wp-json\/wp\/v2\/types\/product"}],"replies":[{"embeddable":true,"href":"https:\/\/car-2.de\/shop\/wp-json\/wp\/v2\/comments?post=29324"}],"wp:featuredmedia":[{"embeddable":true,"href":"https:\/\/car-2.de\/shop\/wp-json\/wp\/v2\/media\/46136"}],"wp:attachment":[{"href":"https:\/\/car-2.de\/shop\/wp-json\/wp\/v2\/media?parent=29324"}],"wp:term":[{"taxonomy":"product_brand","embeddable":true,"href":"https:\/\/car-2.de\/shop\/wp-json\/wp\/v2\/product_brand?post=29324"},{"taxonomy":"product_cat","embeddable":true,"href":"https:\/\/car-2.de\/shop\/wp-json\/wp\/v2\/product_cat?post=29324"},{"taxonomy":"product_tag","embeddable":true,"href":"https:\/\/car-2.de\/shop\/wp-json\/wp\/v2\/product_tag?post=29324"}],"curies":[{"name":"wp","href":"https:\/\/api.w.org\/{rel}","templated":true}]}}