{"id":29274,"date":"2025-01-02T02:00:17","date_gmt":"2025-01-02T01:00:17","guid":{"rendered":"http:\/\/automotive.system199.de\/shop\/produkt\/fk-alupedale-pedale-set-4-teilig-mercedes-benz-c-e-s-klasse-pedalcover-autopedale-gumminoppen\/"},"modified":"2025-01-02T02:00:20","modified_gmt":"2025-01-02T01:00:20","slug":"fk-alupedale-pedale-set-4-teilig-mercedes-benz-c-e-s-klasse-pedalcover-autopedale-gumminoppen","status":"publish","type":"product","link":"https:\/\/car-2.de\/shop\/produkt\/fk-alupedale-pedale-set-4-teilig-mercedes-benz-c-e-s-klasse-pedalcover-autopedale-gumminoppen\/","title":{"rendered":"FK Alupedale Pedale Set 4-teilig Mercedes Benz C-\/E-\/S-Klasse Pedalcover Autopedale Gumminoppen"},"content":{"rendered":"<p><span style=\"display: inline-block; width: 0px; overflow: hidden; line-height: 0;\" data-mce-type=\"bookmark\" class=\"mce_SELRES_start\">\ufeff<\/span><\/p>\n","protected":false},"excerpt":{"rendered":"<p>geeignet f\u00fcr C-\/E-\/S-Klasse (Typ W202\/203\/124\/210\/211\/W140\/220)f\u00fcr Automatikgetrieberutschfeste Gumminoppenohne TeilegutachtenSet besteht aus Cover f\u00fcr Gaspedal, Bremse, Fu\u00dfst\u00fctze und Fu\u00dftretbremsegeeignet f\u00fcr C-\/E-\/S-Klasse (Typ W202\/203\/124\/210\/211\/W140\/220)f\u00fcr Automatikgetrieberutschfeste Gumminoppenohne TeilegutachtenSet besteht aus Cover f\u00fcr Gaspedal, Bremse, Fu\u00dfst\u00fctze und Fu\u00dftretbremse<\/p>\n","protected":false},"featured_media":46108,"comment_status":"closed","ping_status":"open","template":"","meta":[],"product_brand":[],"product_cat":[637],"product_tag":[],"class_list":{"0":"post-29274","1":"product","2":"type-product","3":"status-publish","4":"has-post-thumbnail","6":"product_cat-sale","8":"first","9":"instock","10":"purchasable","11":"product-type-simple"},"_links":{"self":[{"href":"https:\/\/car-2.de\/shop\/wp-json\/wp\/v2\/product\/29274","targetHints":{"allow":["GET"]}}],"collection":[{"href":"https:\/\/car-2.de\/shop\/wp-json\/wp\/v2\/product"}],"about":[{"href":"https:\/\/car-2.de\/shop\/wp-json\/wp\/v2\/types\/product"}],"replies":[{"embeddable":true,"href":"https:\/\/car-2.de\/shop\/wp-json\/wp\/v2\/comments?post=29274"}],"wp:featuredmedia":[{"embeddable":true,"href":"https:\/\/car-2.de\/shop\/wp-json\/wp\/v2\/media\/46108"}],"wp:attachment":[{"href":"https:\/\/car-2.de\/shop\/wp-json\/wp\/v2\/media?parent=29274"}],"wp:term":[{"taxonomy":"product_brand","embeddable":true,"href":"https:\/\/car-2.de\/shop\/wp-json\/wp\/v2\/product_brand?post=29274"},{"taxonomy":"product_cat","embeddable":true,"href":"https:\/\/car-2.de\/shop\/wp-json\/wp\/v2\/product_cat?post=29274"},{"taxonomy":"product_tag","embeddable":true,"href":"https:\/\/car-2.de\/shop\/wp-json\/wp\/v2\/product_tag?post=29274"}],"curies":[{"name":"wp","href":"https:\/\/api.w.org\/{rel}","templated":true}]}}