{"id":29257,"date":"2025-01-02T02:00:07","date_gmt":"2025-01-02T01:00:07","guid":{"rendered":"http:\/\/automotive.system199.de\/shop\/produkt\/rueckleuchten-vw-golf-3-typ-1hxo-92-97-schwarz-rot\/"},"modified":"2025-01-02T02:00:11","modified_gmt":"2025-01-02T01:00:11","slug":"rueckleuchten-vw-golf-3-typ-1hxo-92-97-schwarz-rot","status":"publish","type":"product","link":"https:\/\/car-2.de\/shop\/produkt\/rueckleuchten-vw-golf-3-typ-1hxo-92-97-schwarz-rot\/","title":{"rendered":"R\u00fcckleuchten VW Golf 3 Typ 1HXO  92-97 schwarz rot"},"content":{"rendered":"<p><span style=\"display: inline-block; width: 0px; overflow: hidden; line-height: 0;\" data-mce-type=\"bookmark\" class=\"mce_SELRES_start\">\ufeff<\/span><\/p>\n","protected":false},"excerpt":{"rendered":"<p>f\u00fcr Baujahr: 1992 bis 1997Farbe: schwarz\/rotmit E Pr\u00fcfzeichen (eintragungsfrei)inkl. Kabelstrang1 Set bestehend aus 2 R\u00fcckleuchteneinfache Montagebeste VerarbeitungCrystal DesignR\u00fcckleuchten VW Golf 3f\u00fcr Baujahr: 1992 bis 1997Farbe: schwarz\/rotmit E Pr\u00fcfzeichen (eintragungsfrei)inkl. Kabelstrang1 Set bestehend aus 2 R\u00fcckleuchteneinfache Montagebeste VerarbeitungCrystal DesignR\u00fcckleuchten VW Golf 3<\/p>\n","protected":false},"featured_media":45984,"comment_status":"closed","ping_status":"open","template":"","meta":[],"product_brand":[],"product_cat":[633,640],"product_tag":[],"class_list":{"0":"post-29257","1":"product","2":"type-product","3":"status-publish","4":"has-post-thumbnail","6":"product_cat-beleuchtung-tuning","7":"product_cat-rueckleuchten","8":"pa_kfz-hersteller-vw","9":"pa_kfz-modell-golf-3","11":"first","12":"instock","13":"purchasable","14":"product-type-simple"},"_links":{"self":[{"href":"https:\/\/car-2.de\/shop\/wp-json\/wp\/v2\/product\/29257","targetHints":{"allow":["GET"]}}],"collection":[{"href":"https:\/\/car-2.de\/shop\/wp-json\/wp\/v2\/product"}],"about":[{"href":"https:\/\/car-2.de\/shop\/wp-json\/wp\/v2\/types\/product"}],"replies":[{"embeddable":true,"href":"https:\/\/car-2.de\/shop\/wp-json\/wp\/v2\/comments?post=29257"}],"wp:featuredmedia":[{"embeddable":true,"href":"https:\/\/car-2.de\/shop\/wp-json\/wp\/v2\/media\/45984"}],"wp:attachment":[{"href":"https:\/\/car-2.de\/shop\/wp-json\/wp\/v2\/media?parent=29257"}],"wp:term":[{"taxonomy":"product_brand","embeddable":true,"href":"https:\/\/car-2.de\/shop\/wp-json\/wp\/v2\/product_brand?post=29257"},{"taxonomy":"product_cat","embeddable":true,"href":"https:\/\/car-2.de\/shop\/wp-json\/wp\/v2\/product_cat?post=29257"},{"taxonomy":"product_tag","embeddable":true,"href":"https:\/\/car-2.de\/shop\/wp-json\/wp\/v2\/product_tag?post=29257"}],"curies":[{"name":"wp","href":"https:\/\/api.w.org\/{rel}","templated":true}]}}