{"id":29234,"date":"2025-01-02T02:00:07","date_gmt":"2025-01-02T01:00:07","guid":{"rendered":"http:\/\/automotive.system199.de\/shop\/produkt\/rueckleuchten-set-seat-ibiza-typ-6k-99-02-chrom\/"},"modified":"2025-01-02T02:00:07","modified_gmt":"2025-01-02T01:00:07","slug":"rueckleuchten-set-seat-ibiza-typ-6k-99-02-chrom","status":"publish","type":"product","link":"https:\/\/car-2.de\/shop\/produkt\/rueckleuchten-set-seat-ibiza-typ-6k-99-02-chrom\/","title":{"rendered":"R\u00fcckleuchten Set Seat Ibiza Typ 6K  99-02 chrom"},"content":{"rendered":"<p><span style=\"display: inline-block; width: 0px; overflow: hidden; line-height: 0;\" data-mce-type=\"bookmark\" class=\"mce_SELRES_start\">\ufeff<\/span><\/p>\n","protected":false},"excerpt":{"rendered":"<p>f\u00fcr Seat Ibiza 2 (6K)f\u00fcr Baujahr: 1997 bis 2002Farbe: chrommit E Pr\u00fcfzeichen (eintragungsfrei)R\u00fcckleuchten Seat Ibiza 2 6Kinkl. Kabelstrang1 Set bestehend aus 2 R\u00fcckleuchteneinfache Montagebeste Verarbeitungf\u00fcr Seat Ibiza 2 (6K)f\u00fcr Baujahr: 1997 bis 2002Farbe: chrommit E Pr\u00fcfzeichen (eintragungsfrei)R\u00fcckleuchten Seat Ibiza 2 6Kinkl. Kabelstrang1 Set bestehend aus 2 R\u00fcckleuchteneinfache Montagebeste Verarbeitung<\/p>\n","protected":false},"featured_media":45904,"comment_status":"closed","ping_status":"open","template":"","meta":[],"product_brand":[],"product_cat":[633,640],"product_tag":[],"class_list":{"0":"post-29234","1":"product","2":"type-product","3":"status-publish","4":"has-post-thumbnail","6":"product_cat-beleuchtung-tuning","7":"product_cat-rueckleuchten","8":"pa_kfz-hersteller-seat","9":"pa_kfz-modell-ibiza-2-6k","11":"first","12":"instock","13":"purchasable","14":"product-type-simple"},"_links":{"self":[{"href":"https:\/\/car-2.de\/shop\/wp-json\/wp\/v2\/product\/29234","targetHints":{"allow":["GET"]}}],"collection":[{"href":"https:\/\/car-2.de\/shop\/wp-json\/wp\/v2\/product"}],"about":[{"href":"https:\/\/car-2.de\/shop\/wp-json\/wp\/v2\/types\/product"}],"replies":[{"embeddable":true,"href":"https:\/\/car-2.de\/shop\/wp-json\/wp\/v2\/comments?post=29234"}],"wp:featuredmedia":[{"embeddable":true,"href":"https:\/\/car-2.de\/shop\/wp-json\/wp\/v2\/media\/45904"}],"wp:attachment":[{"href":"https:\/\/car-2.de\/shop\/wp-json\/wp\/v2\/media?parent=29234"}],"wp:term":[{"taxonomy":"product_brand","embeddable":true,"href":"https:\/\/car-2.de\/shop\/wp-json\/wp\/v2\/product_brand?post=29234"},{"taxonomy":"product_cat","embeddable":true,"href":"https:\/\/car-2.de\/shop\/wp-json\/wp\/v2\/product_cat?post=29234"},{"taxonomy":"product_tag","embeddable":true,"href":"https:\/\/car-2.de\/shop\/wp-json\/wp\/v2\/product_tag?post=29234"}],"curies":[{"name":"wp","href":"https:\/\/api.w.org\/{rel}","templated":true}]}}