{"id":29211,"date":"2025-01-10T13:25:47","date_gmt":"2025-01-10T12:25:47","guid":{"rendered":"http:\/\/automotive.system199.de\/shop\/produkt\/gutachten-bearbeitungsgebuehr\/"},"modified":"2025-01-10T13:25:48","modified_gmt":"2025-01-10T12:25:48","slug":"gutachten-bearbeitungsgebuehr","status":"publish","type":"product","link":"https:\/\/car-2.de\/shop\/produkt\/gutachten-bearbeitungsgebuehr\/","title":{"rendered":"Gutachten Bearbeitungsgeb\u00fchr"},"content":{"rendered":"<p>*** Hier erhalten Sie nur ein bereits erstelltes Gutachten ***Anleitung:Klicken Sie auf Bestellen. Gehen Sie in den Warenkorb. Bei Schritt 2,  wo Sie Ihre Kontaktdaten und Adresse eingeben, gibt es ebenfalls ein Feld &#8222;Deine Mitteilung an uns&#8220;. Hier geben Sie bitte alle Fahrzeugdaten ein, Federkennzeichnung und welches Produkt bzw. Artikelnummer des Produktes ein. Schliessen Sie die Bestellung ab.Sobald die Zahlung eingetroffen ist, erhalten Sie das Gutachten von unserem Service-Team per Email zugeschickt.<span style=\"display: inline-block; width: 0px; overflow: hidden; line-height: 0;\" data-mce-type=\"bookmark\" class=\"mce_SELRES_start\">\ufeff<\/span><\/p>\n","protected":false},"excerpt":{"rendered":"<p>ACHTUNG: BEISPIELBILD!Bearbeitungszeit ca. bis zu 5 WerktageVersand erfolgt per E-mailIm Bestellvorgang (Mitteilungsfeld\/ Kommentarfeld)  Daten\/ Artikelnummer usw. angeben, f\u00fcr welches Produkt Sie das Gutachten ben\u00f6tigen!!  Keine Gutachtenerstellung f\u00fcr Sportsitze und Fremdprodukte m\u00f6glichACHTUNG: BEISPIELBILD!Bearbeitungszeit ca. bis zu 5 WerktageVersand erfolgt per E-mailIm Bestellvorgang (Mitteilungsfeld\/ Kommentarfeld)  Daten\/ Artikelnummer usw. angeben, f\u00fcr welches Produkt Sie das Gutachten ben\u00f6tigen!!  Keine Gutachtenerstellung f\u00fcr Sportsitze und Fremdprodukte m\u00f6glich<\/p>\n","protected":false},"featured_media":45874,"comment_status":"closed","ping_status":"open","template":"","meta":[],"product_brand":[],"product_cat":[641,646],"product_tag":[],"class_list":{"0":"post-29211","1":"product","2":"type-product","3":"status-publish","4":"has-post-thumbnail","6":"product_cat-fahrwerk-tuning","7":"product_cat-gewindefahrwerk","8":"pa_kfz-hersteller-universal","9":"pa_kfz-modell-universal","11":"first","12":"instock","13":"purchasable","14":"product-type-simple"},"_links":{"self":[{"href":"https:\/\/car-2.de\/shop\/wp-json\/wp\/v2\/product\/29211","targetHints":{"allow":["GET"]}}],"collection":[{"href":"https:\/\/car-2.de\/shop\/wp-json\/wp\/v2\/product"}],"about":[{"href":"https:\/\/car-2.de\/shop\/wp-json\/wp\/v2\/types\/product"}],"replies":[{"embeddable":true,"href":"https:\/\/car-2.de\/shop\/wp-json\/wp\/v2\/comments?post=29211"}],"wp:featuredmedia":[{"embeddable":true,"href":"https:\/\/car-2.de\/shop\/wp-json\/wp\/v2\/media\/45874"}],"wp:attachment":[{"href":"https:\/\/car-2.de\/shop\/wp-json\/wp\/v2\/media?parent=29211"}],"wp:term":[{"taxonomy":"product_brand","embeddable":true,"href":"https:\/\/car-2.de\/shop\/wp-json\/wp\/v2\/product_brand?post=29211"},{"taxonomy":"product_cat","embeddable":true,"href":"https:\/\/car-2.de\/shop\/wp-json\/wp\/v2\/product_cat?post=29211"},{"taxonomy":"product_tag","embeddable":true,"href":"https:\/\/car-2.de\/shop\/wp-json\/wp\/v2\/product_tag?post=29211"}],"curies":[{"name":"wp","href":"https:\/\/api.w.org\/{rel}","templated":true}]}}