{"id":29204,"date":"2025-01-02T01:59:58","date_gmt":"2025-01-02T00:59:58","guid":{"rendered":"http:\/\/automotive.system199.de\/shop\/produkt\/rueckleuchten-set-renault-clio-typ-b-98-01-chrom\/"},"modified":"2025-01-02T02:00:00","modified_gmt":"2025-01-02T01:00:00","slug":"rueckleuchten-set-renault-clio-typ-b-98-01-chrom","status":"publish","type":"product","link":"https:\/\/car-2.de\/shop\/produkt\/rueckleuchten-set-renault-clio-typ-b-98-01-chrom\/","title":{"rendered":"R\u00fcckleuchten Set Renault Clio Typ B  98-01 chrom"},"content":{"rendered":"<p><span style=\"display: inline-block; width: 0px; overflow: hidden; line-height: 0;\" data-mce-type=\"bookmark\" class=\"mce_SELRES_start\">\ufeff<\/span><\/p>\n","protected":false},"excerpt":{"rendered":"<p>f\u00fcr Renault Clio 2 (B)f\u00fcr Baujahr: 1998 bis 2001Farbe: chrommit E Pr\u00fcfzeichen (eintragungsfrei)R\u00fcckleuchten Renault Clio 2 B1 Set bestehend aus 2 R\u00fcckleuchteneinfache Montagebeste Verarbeitungf\u00fcr Renault Clio 2 (B)f\u00fcr Baujahr: 1998 bis 2001Farbe: chrommit E Pr\u00fcfzeichen (eintragungsfrei)R\u00fcckleuchten Renault Clio 2 B1 Set bestehend aus 2 R\u00fcckleuchteneinfache Montagebeste Verarbeitung<\/p>\n","protected":false},"featured_media":45820,"comment_status":"closed","ping_status":"open","template":"","meta":[],"product_brand":[],"product_cat":[633,640],"product_tag":[],"class_list":{"0":"post-29204","1":"product","2":"type-product","3":"status-publish","4":"has-post-thumbnail","6":"product_cat-beleuchtung-tuning","7":"product_cat-rueckleuchten","8":"pa_kfz-hersteller-renault","9":"pa_kfz-modell-clio-2-b","11":"first","12":"instock","13":"purchasable","14":"product-type-simple"},"_links":{"self":[{"href":"https:\/\/car-2.de\/shop\/wp-json\/wp\/v2\/product\/29204","targetHints":{"allow":["GET"]}}],"collection":[{"href":"https:\/\/car-2.de\/shop\/wp-json\/wp\/v2\/product"}],"about":[{"href":"https:\/\/car-2.de\/shop\/wp-json\/wp\/v2\/types\/product"}],"replies":[{"embeddable":true,"href":"https:\/\/car-2.de\/shop\/wp-json\/wp\/v2\/comments?post=29204"}],"wp:featuredmedia":[{"embeddable":true,"href":"https:\/\/car-2.de\/shop\/wp-json\/wp\/v2\/media\/45820"}],"wp:attachment":[{"href":"https:\/\/car-2.de\/shop\/wp-json\/wp\/v2\/media?parent=29204"}],"wp:term":[{"taxonomy":"product_brand","embeddable":true,"href":"https:\/\/car-2.de\/shop\/wp-json\/wp\/v2\/product_brand?post=29204"},{"taxonomy":"product_cat","embeddable":true,"href":"https:\/\/car-2.de\/shop\/wp-json\/wp\/v2\/product_cat?post=29204"},{"taxonomy":"product_tag","embeddable":true,"href":"https:\/\/car-2.de\/shop\/wp-json\/wp\/v2\/product_tag?post=29204"}],"curies":[{"name":"wp","href":"https:\/\/api.w.org\/{rel}","templated":true}]}}