{"id":29157,"date":"2021-09-09T21:59:45","date_gmt":"2021-09-09T19:59:45","guid":{"rendered":"http:\/\/automotive.system199.de\/shop\/produkt\/verschleissteile-scheinwerfer-rechts-renault-twingo-typ-c06-01-07\/"},"modified":"2025-01-09T22:32:43","modified_gmt":"2025-01-09T21:32:43","slug":"verschleissteile-scheinwerfer-rechts-renault-twingo-typ-c06-01-07","status":"publish","type":"product","link":"https:\/\/car-2.de\/shop\/produkt\/verschleissteile-scheinwerfer-rechts-renault-twingo-typ-c06-01-07\/","title":{"rendered":"Verschlei\u00dfteile Scheinwerfer rechts Renault Twingo (Typ C06)  01-07"},"content":{"rendered":"<div><strong><font face=\"Arial\"><font><\/font>Verschlei\u00dfteile Scheinwerfer rechts Renault Twingo (Typ C06) Bj. 01-07<\/font><\/strong><\/div>\n<div><strong>Die Zubeh\u00f6r Scheinwerfer<\/strong> sind die perfekte Alternative zu den Originalscheinwerfer jedoch preistechnisch im Regelfall deutlich g\u00fcnstiger.&nbsp;<\/div>\n<div>Es ist schon \u00e4rgerlich genug wenn man in einen Unfall verwickelt war und dann mit hohen Kosten f\u00fcr die Reparatur konfrontiert wird. Mit den Zubeh\u00f6rscheinwerfern haben Sie die M\u00f6glichkeit Geld zu sparen und bei der Qualit\u00e4t der Scheinwerfer keine Einbu\u00dfen zu haben.<\/div>\n<div>&nbsp;<\/div>\n<div><strong>KEINE KOSTEN EINTRAGUNGSFREI:<\/strong> Die Zubeh\u00f6r Scheinwerfer werden mit e-Zeichen ausgeliefert und sind somit eintragungsfrei&nbsp;<\/div>\n<div>&nbsp;<\/div>\n<div><strong>GERINGE EINBAUKOSTEN:<\/strong> Die Zubeh\u00f6rscheinwerfer k\u00f6nnen problemlos von jeder Fachwerkstatt binnen ca. 2 Stunden eingebaut werden.&nbsp;<\/div>\n<div><strong><br \/><\/strong><\/div>\n<div><strong>Einbauanleitung:<\/strong> Die Scheinwerfer werden teilweise komplett mit Kabelbaum und einer englischen Einbauanleitung ausgeliefert oder mittels Stecker die auf den Serienkabelbaum passen.&nbsp;<\/div>\n<div><strong><br \/><\/strong><\/div>\n<div><strong>Die Qualit\u00e4t:<\/strong> Die Scheinwerfer sind mit Erstausr\u00fcsterqualit\u00e4t zu vergleichen und werden von namhaften Produzenten f\u00fcr das Zubeh\u00f6rgesch\u00e4ft produziert.<\/div>\n<div><strong><br \/><\/strong><\/div>\n<div><strong>Der Preis:<\/strong> Im Regelfall sind diese Zubeh\u00f6rscheinwerfer immer g\u00fcnstiger als die Originalen Scheinwerfer. Hier lohnt sich ein Preischeck, selbst wenn im Falle einen Unfalls nur ein Scheinwerfer defekt sein sollte. Die Zubeh\u00f6rscheinwerfer sind eine g\u00fcnstige Umr\u00fcstm\u00f6glichkeit im Falle eines Unfalls oder im Falle einer Nachr\u00fcstung wenn die Streuscheibe bei Steinschl\u00e4gen in Mitleidenschaft gezogen wurde!<\/div>\n<div><strong><br \/><\/strong><\/div>\n<div><strong>Die Scheinwerfer Technik:<\/strong> Die Scheinwerfer sind nicht nur technisch sondern auch optisch ausgereift und sind im \u00fcbrigen schon 100.000 fach erfolgreich weltweit eingebaut. Sie m\u00f6chten Ihrem Fahrzeug eine sportliche Note geben? Dann sollten Sie gleich dieses tolle Scheinwerferset bestellen.<\/div>\n<div>&nbsp;<\/div>\n<div><strong>Weitere Ausf\u00fchrungsdetails:&nbsp;<\/strong><\/div>\n<div>\u0095<span class=\"Apple-tab-span\" style=\"white-space: pre\"> <\/span>Scheinwerfer in Originaloptik mit entsprechender Technik<\/div>\n<div>\u0095<span class=\"Apple-tab-span\" style=\"white-space: pre\"> <\/span>verbesserte Lichtausbeute durch verbesserter Reflektoren und neuerer Technik<\/div>\n<div>\u0095<span class=\"Apple-tab-span\" style=\"white-space: pre\"> <\/span>wenn nicht anders angegeben inkl. elektrischer LWR ( Leuchtweitenregulierung )&nbsp;<\/div>\n<div>\u0095<span class=\"Apple-tab-span\" style=\"white-space: pre\"> <\/span>Anschluss erfolgt \u00fcber fahrzeugspezifischen Stecker&nbsp;<\/div>\n<div>\u0095<span class=\"Apple-tab-span\" style=\"white-space: pre\"> <\/span>Leuchtmittel sind im Lieferumfang nicht enthalten<\/div>\n<div>\u0095<span class=\"Apple-tab-span\" style=\"white-space: pre\"> <\/span>keine Eintragung und Eintragungskosten in die Papiere n\u00f6tig, da mit E Pr\u00fcfzeichen versehen&nbsp;<\/div>\n<div>\u0095<span class=\"Apple-tab-span\" style=\"white-space: pre\"> <\/span>Einfache Montage da die Original Scheinwerfer Befestigungspunkte des Fahrzeugs verwendet werden<\/div>\n<div>\u0095<span class=\"Apple-tab-span\" style=\"white-space: pre\"> <\/span>Lange Lebensdauer durch die Verwendung von hochwertigen Material und Chrombeschichtungen<\/div>\n<div>&nbsp;<\/div>\n<div><strong>Lieferumfang:<\/strong><\/div>\n<div>\u0095<span class=\"Apple-tab-span\" style=\"white-space: pre\"> <\/span>1 Scheinwerfer wie angegebenen rechts oder links<\/div>\n","protected":false},"excerpt":{"rendered":"<ul>\n<li>f\u00fcr Renault Twingo 1<\/li>\n<li>f\u00fcr Baujahr: 2001 bis 2007<\/li>\n<li>mit E-Pr\u00fcfzeichen (eintragungsfrei)<\/li>\n<li>mit elektr. Leuchtweitenregulierung ohne Stellmotor<\/li>\n<li>Leuchtmittel: H4\/W5W\/PY21W<\/li>\n<li>rechts \/ Beifahrerseite<\/li>\n<li>Zubeh\u00f6r Scheinwerfer<\/li>\n<li>original Look<\/li>\n<li>einfache Montage<\/li>\n<li>top Verarbeitung<\/li>\n<\/ul>\n","protected":false},"featured_media":33842,"comment_status":"closed","ping_status":"open","template":"","meta":[],"product_brand":[],"product_cat":[633,634],"product_tag":[],"class_list":{"0":"post-29157","1":"product","2":"type-product","3":"status-publish","4":"has-post-thumbnail","6":"product_cat-beleuchtung-tuning","7":"product_cat-scheinwerfer","8":"pa_kfz-hersteller-renault","9":"pa_kfz-modell-twingo-1","11":"first","12":"instock","13":"taxable","14":"shipping-taxable","15":"purchasable","16":"product-type-simple"},"_links":{"self":[{"href":"https:\/\/car-2.de\/shop\/wp-json\/wp\/v2\/product\/29157","targetHints":{"allow":["GET"]}}],"collection":[{"href":"https:\/\/car-2.de\/shop\/wp-json\/wp\/v2\/product"}],"about":[{"href":"https:\/\/car-2.de\/shop\/wp-json\/wp\/v2\/types\/product"}],"replies":[{"embeddable":true,"href":"https:\/\/car-2.de\/shop\/wp-json\/wp\/v2\/comments?post=29157"}],"wp:featuredmedia":[{"embeddable":true,"href":"https:\/\/car-2.de\/shop\/wp-json\/wp\/v2\/media\/33842"}],"wp:attachment":[{"href":"https:\/\/car-2.de\/shop\/wp-json\/wp\/v2\/media?parent=29157"}],"wp:term":[{"taxonomy":"product_brand","embeddable":true,"href":"https:\/\/car-2.de\/shop\/wp-json\/wp\/v2\/product_brand?post=29157"},{"taxonomy":"product_cat","embeddable":true,"href":"https:\/\/car-2.de\/shop\/wp-json\/wp\/v2\/product_cat?post=29157"},{"taxonomy":"product_tag","embeddable":true,"href":"https:\/\/car-2.de\/shop\/wp-json\/wp\/v2\/product_tag?post=29157"}],"curies":[{"name":"wp","href":"https:\/\/api.w.org\/{rel}","templated":true}]}}