{"id":28995,"date":"2025-01-02T01:59:05","date_gmt":"2025-01-02T00:59:05","guid":{"rendered":"http:\/\/automotive.system199.de\/shop\/produkt\/hakenschluessel-zur-verstellung-von-gewindefahrwerk-75-mm\/"},"modified":"2025-01-02T01:59:11","modified_gmt":"2025-01-02T00:59:11","slug":"hakenschluessel-zur-verstellung-von-gewindefahrwerk-75-mm","status":"publish","type":"product","link":"https:\/\/car-2.de\/shop\/produkt\/hakenschluessel-zur-verstellung-von-gewindefahrwerk-75-mm\/","title":{"rendered":"Hakenschl\u00fcssel zur Verstellung von Gewindefahrwerk 75 mm"},"content":{"rendered":"<p>Das non plus ultra unter den Fahrwerkssystemen ist eindeutig das Gewindefahrwerk. So haben wir als FK Automotive Onlineshop f\u00fcr Tuning und sportliches Autozubeh\u00f6r und Fahrwerkshersteller mit einem der gr\u00f6\u00dften Lieferprogramme in ganz Europa nat\u00fcrlich auch eine Menge Gewindefahrwerke f\u00fcr Sie parat. Diese werden in unserem Unternehmen gefertigt, und versprechen eine besonders hohe -Made in Germany\u201c Qualit\u00e4t. Es gibt einige nennenswerte Vorteile, die das Gewindefahrwerk dem normalen Fahrwerk oder Sportfahrwerk \u00fcberlegen machen. Gewindefahrwerke charakterisieren sich insbesondere dadurch, dass Sie \u2013 wie es der Name -Gewindefahrwerk\u201c schon sagt \u2013 es durch ein Gewinde hoch und runter schrauben k\u00f6nnen, sprich Sie k\u00f6nnen Ihr Fahrzeug im Handumdrehen im Gutachten angegebenen Verstellbereich h\u00f6her- oder tiefer legen! Hierbei kann der Verstellbereich des Gewindefahrwerks ja nach Gutachten variieren, es sind aber durchaus Verstellbereiche bis zu 75mm m\u00f6glich! Des \u00d6fteren k\u00f6nnen Sie die Fahrzeuge sogar tiefer oder h\u00f6her legen als es im Gutachten steht, dies ist insbesondere f\u00fcr Motorsportfahrer interessant, allerdings verlieren Sie hierbei f\u00fcr den Moment die Stra\u00dfenzulassung! Auch eine individuelle Abstimmung durch verschiedene D\u00e4mpfungstechniken ist bei speziellen Ausf\u00fchrungen m\u00f6glich. Gr\u00f6\u00dftenteils sind auch noch die Federbeingeh\u00e4use verk\u00fcrzt, damit Sie mehr Federweg erhalten. Nat\u00fcrlich handelt es sich bei unseren Gewindefahrwerken um Sportfahrwerke. Diese verschaffen Ihrem Fahrzeug eine besonders gute Kurven- und Stra\u00dfenlage, und verw\u00f6hnen Sie durch die straff sportliche Abstimmung mit einem v\u00f6llig neuen und sportlichen Fahrgef\u00fchl. Unsere FK Gewindefahrwerke gibt es in unterschiedlichen Kategorien und Preisklassen, dazu geh\u00f6ren die Highsport Gewindefahrwerke, die K\u00f6nigsport Gewindefahrwerke, die Silverline Gewindefahrwerke und die Silverline X Gewindefahrwerke. In dieser Kategorie bieten wir ausschlie\u00dflich den Verstellschl\u00fcssel oder auch Hakenschl\u00fcssel f\u00fcr die Verstellung der Gewindefahrwerke aus unserem Hause an.<span style=\"display: inline-block; width: 0px; overflow: hidden; line-height: 0;\" data-mce-type=\"bookmark\" class=\"mce_SELRES_start\">\ufeff<\/span><\/p>\n","protected":false},"excerpt":{"rendered":"<p>Original FK Hakenschl\u00fcsselbei Verlust des Verstellschl\u00fcsselsOriginal FK Hakenschl\u00fcsselbei Verlust des Verstellschl\u00fcssels<\/p>\n","protected":false},"featured_media":45325,"comment_status":"closed","ping_status":"open","template":"","meta":[],"product_brand":[],"product_cat":[641,642],"product_tag":[],"class_list":{"0":"post-28995","1":"product","2":"type-product","3":"status-publish","4":"has-post-thumbnail","6":"product_cat-fahrwerk-tuning","7":"product_cat-fahrwerk-zubehoer","8":"pa_kfz-hersteller-universal","9":"pa_kfz-modell-universal","11":"first","12":"instock","13":"purchasable","14":"product-type-simple"},"_links":{"self":[{"href":"https:\/\/car-2.de\/shop\/wp-json\/wp\/v2\/product\/28995","targetHints":{"allow":["GET"]}}],"collection":[{"href":"https:\/\/car-2.de\/shop\/wp-json\/wp\/v2\/product"}],"about":[{"href":"https:\/\/car-2.de\/shop\/wp-json\/wp\/v2\/types\/product"}],"replies":[{"embeddable":true,"href":"https:\/\/car-2.de\/shop\/wp-json\/wp\/v2\/comments?post=28995"}],"wp:featuredmedia":[{"embeddable":true,"href":"https:\/\/car-2.de\/shop\/wp-json\/wp\/v2\/media\/45325"}],"wp:attachment":[{"href":"https:\/\/car-2.de\/shop\/wp-json\/wp\/v2\/media?parent=28995"}],"wp:term":[{"taxonomy":"product_brand","embeddable":true,"href":"https:\/\/car-2.de\/shop\/wp-json\/wp\/v2\/product_brand?post=28995"},{"taxonomy":"product_cat","embeddable":true,"href":"https:\/\/car-2.de\/shop\/wp-json\/wp\/v2\/product_cat?post=28995"},{"taxonomy":"product_tag","embeddable":true,"href":"https:\/\/car-2.de\/shop\/wp-json\/wp\/v2\/product_tag?post=28995"}],"curies":[{"name":"wp","href":"https:\/\/api.w.org\/{rel}","templated":true}]}}