{"id":28945,"date":"2021-09-09T21:55:02","date_gmt":"2021-09-09T19:55:02","guid":{"rendered":"http:\/\/automotive.system199.de\/shop\/produkt\/fk-rennsport-ersatzteil-hauptfeder-fuer-fk-gewindefahrwerke-ha-feder-6\/"},"modified":"2025-01-09T22:32:21","modified_gmt":"2025-01-09T21:32:21","slug":"fk-rennsport-ersatzteil-hauptfeder-fuer-fk-gewindefahrwerke-ha-feder-6","status":"publish","type":"product","link":"https:\/\/car-2.de\/shop\/produkt\/fk-rennsport-ersatzteil-hauptfeder-fuer-fk-gewindefahrwerke-ha-feder-6\/","title":{"rendered":"FK Rennsport Ersatzteil Hauptfeder f\u00fcr FK Gewindefahrwerke HA Feder"},"content":{"rendered":"<p><font color=\"#ff0000\"><strong>Wichtig! Um die f\u00fcr Ihr Gewindefahrwerk passenden Einzelteile zu erhalten, geben Sie bei Ihrer Bestellung bitte die FK Bestellnummer Ihres Gewindefahrwerks mit an!<\/strong><\/font><\/p>\n<p><strong>Artikelbeschreibung:<\/strong><br \/>Wer in einen Unfall verwickelt wurde oder Opfer eines Diebstahls wurde steht oft vor dem Problem,passende Ersatzteile f\u00fcr sein Fahrzeug zu bekommen. Wir von FK m\u00f6chten, dass unsere Kunden mit dem Kauf von Artikeln aus unserem Hausrundum zufrieden sind. Deshalb ist es uns auch wichtig, Ihnen die passenden Ersatzteile zu den bei uns gekauften Produkten anbieten zu k\u00f6nnen. <br \/>In unserem Online Shop f\u00fcr Tuning und sportliches Autozubeh\u00f6r k\u00f6nnen Sie unter anderem Einzelteile zu Ihrem Gewindefahrwerk bestellen.Von Feststellringen, \u00fcber Pendelst\u00fctzen bis zu D\u00e4mpferpatronen k\u00f6nnen wir Ihnen ein gro\u00dfes Angebot an Ersatzteilen f\u00fcr Ihr Gewindefahrwerkanbieten. Unsere Ersatzfedern sind mit ihrer hohen Qualit\u00e4t, ihrer guten Verarbeitung und ihrer Passgenauigkeitbestens auf die Anforderungen unserer FK Gewindefahrwerke abgestimmt. Sie befinden sich in einem fortw\u00e4hrenden Entwicklungsprozess und sind somit immer auf demtechnisch neuesten Stand.<\/p>\n<p><img decoding=\"async\" alt=\"Sexy Grid-Girl mit Flaggen\" style=\"margin-right: 20px\" src=\"https\/\/www.fk-shop.de\/out\/fk\/img\/emotion\/FK_76242746_XS_Grid-Girl.jpg\" height=\"200px\" \/><img decoding=\"async\" alt=\"Racecar bei Nacht mit bunten Lichtern\" src=\"https\/\/www.fk-shop.de\/out\/fk\/img\/emotion\/FK_28145941_XS_Racecar_byNight_colorful.jpg\" height=\"200px\" \/><\/p>\n<p><strong>Details:<\/strong><br \/>&#8211; Passendes Ersatzteil f\u00fcr Ihr FK Gewindefahrwerk<br \/>&#8211; Erstklassige Qualit\u00e4t f\u00fcr eine hohe Lebensdauer<br \/>&#8211; Hochwertige Verzinkung der Feder zum Schutz vor Korrosion<br \/>&#8211; einfache Montage<br \/>&#8211; sehr gutes Preis-Leistungsverh\u00e4ltnis<br \/>&#8211; qualitativ hochwertige Verarbeitung<br \/>&#8211; Neu und OVP<br \/>&#8211; Sofort lieferbar<\/p>\n<p><strong>Lieferumfang:<\/strong><br \/>1 x FK Ersatz-Feder f\u00fcr FK Gewindefahrwerk<br \/>1 x Montageanleitung<\/p>\n<p><strong><\/p>\n<p><strong>Hinweise:<\/strong><\/p>\n<p>Wichtig! Um die f\u00fcr Ihr Gewindefahrwerk passenden Einzelteile zu erhalten, geben Sie bei Ihrer Bestellung bitte die FK Bestellnummer Ihres Gewindefahrwerks mit an!Falls Sie noch Fragen haben sollten, so verwenden Sie bitte das Kontaktformular auf unserer Homepage und schreiben uns diese unter Nennung des Produktionsdatums Ihres Gewindefahrwerks. Unser Expertenteam steht Ihnen gerne zur Verf\u00fcgung und wird Ihnen schnell und unkompliziert Ihre Fragen beantworten und die optimale L\u00f6sung f\u00fcr Sie entwickeln.<\/p>\n<p>Wir f\u00fchren Gewindefahrwerke f\u00fcr viele verschiedene Fahrzeuge, z.B.: f\u00fcr Audi Q7, BMW Z4, Mercedes Benz C-Klasse, Mercedes Benz SLK, Ford Mustang, Ford Fiesta, Ford Focus, Honda Civic, Mini Cooper, Opel Agila, Porsche Boxter, <br \/>VW Golf 7 u.v.m. (N\u00e4here Informationen zu den einzelnen Fahrzeugen erhalten Sie bei Ihrem Fachh\u00e4ndler).<\/p>\n<p>Der K\u00e4ufer hat daf\u00fcr Sorge zu tragen, dass alle \u00c4nderungen und Umr\u00fcstungen an seinem Fahrzeug, wenn es im \u00f6ffentlichen Stra\u00dfenverkehr betrieben wird, nach den gesetzlichen Bestimmungen in seine Kfz-Papiere (Fahrzeugbrief und Fahrzeugschein) eingetragen wird. FK Endschalld\u00e4mpfer\/Sportauspuffanlagen werden ohne Teilegutachten\/StZVO-Zulassung verkauft. Sie sind evtl. \u00fcber eine Abnahme nach \u00a721 StVZO eintragbar. Die Verantwortung f\u00fcr die T\u00dcV-Eintragung von umgebauten Fahrzeugen oder deren Teilen liegt beim K\u00e4ufer. Wir empfehlen vor dem Einbau eine R\u00fccksprache mit einer Eintragungsstelle (T\u00dcV\/GT\u00dc\/DEKRA) zu halten.<\/p>\n<p>Die Darstellung von Farben variiert je nach genutzter Computerhardware und der Kalibrierung Ihres Monitores. Farbabweichungen zwischen Produktabbildung und realem Artikel sind physikalisch bedingt und nicht vermeidbar.<\/p>\n<p><strong>Wissenswertes:<\/strong><br \/>Gerne sind wir Ihnen bei der Auswahl der Ersatzteile f\u00fcr Ihr Gewindefahrwerk behilflich. In unserem FK-Shop finden Sie das komplette Zubeh\u00f6r, alle Ersatzteilen und das passende Werkzeug.FK geh\u00f6rt zu einem der \u00e4ltesten und auch bekanntesten Anbieter f\u00fcr Gewindefahrwerke in Deutschland. Wir fertigen Gewindefahrwerksystemewie Highsport, Silverline, K\u00f6nigsport und auch Silverline X. Die Fahrwerke sind bereits hunderttausendfach bew\u00e4hrt und weltweit erfolgreich im Einsatz.<\/p>\n<p><\/strong><\/p>\n<p>Wir freuen uns auf Ihren Besuch in unserem <u><a href=\"https\/\/www.fk-shop.de\/\">Online-Shop<\/a><\/u>.Dort finden Sie ein breites Sortiment an Artikeln aus dem Bereich Rennsport- und Leistungstuning, wie zum Beispiel <u><a href=\"https\/\/www.fk-shop.de\/Tuning\/Fahrwerk-Tuning\/Sportfahrwerk\/\">Sportfahrwerk<\/a><\/u>, <u><a href=\"https\/\/www.fk-shop.de\/Tuning\/Fahrwerk-Tuning\/Domstrebe\/\">Domstrebe<\/a><\/u>, <u><a href=\"https\/\/www.fk-shop.de\/Tuning\/Fahrwerk-Tuning\/Tieferlegungsfedern\/\">Tieferlegungsfedern<\/a><\/u>, <u><a href=\"https\/\/www.fk-shop.de\/Tuning\/Fahrwerk-Tuning\/Sportstossdaempfer\/\">Sportstossdaempfer<\/a><\/u>und <u><a href=\"https\/\/www.fk-shop.de\/Tuning\/Fahrwerk-Tuning\/Federwegbegrenzer\/\">Federwegbegrenzer<\/a><\/u><\/p>\n<p><strong><\/p>\n<p>Schauen Sie einfach mal vorbei und \u00fcberzeugen Sie sich selbst! <\/p>\n<p><\/strong><\/p>\n","protected":false},"excerpt":{"rendered":"<ul>\n<li>Original Ersatz Hauptfeder (Hinterachse)<\/li>\n<li>geeignet f\u00fcr FK-Gewindefahrwerke<\/li>\n<li>Windungszahl: 5,5<\/li>\n<li>Farbe: blau<\/li>\n<li>Erstklassige Qualit\u00e4t<\/li>\n<li>hohe Lebensdauer<\/li>\n<li>hochwertig verzinkte Feder (Korrosionsschutz)<\/li>\n<\/ul>\n","protected":false},"featured_media":28946,"comment_status":"closed","ping_status":"open","template":"","meta":[],"product_brand":[],"product_cat":[641,642],"product_tag":[],"class_list":{"0":"post-28945","1":"product","2":"type-product","3":"status-publish","4":"has-post-thumbnail","6":"product_cat-fahrwerk-tuning","7":"product_cat-fahrwerk-zubehoer","9":"first","10":"instock","11":"taxable","12":"shipping-taxable","13":"purchasable","14":"product-type-simple"},"_links":{"self":[{"href":"https:\/\/car-2.de\/shop\/wp-json\/wp\/v2\/product\/28945","targetHints":{"allow":["GET"]}}],"collection":[{"href":"https:\/\/car-2.de\/shop\/wp-json\/wp\/v2\/product"}],"about":[{"href":"https:\/\/car-2.de\/shop\/wp-json\/wp\/v2\/types\/product"}],"replies":[{"embeddable":true,"href":"https:\/\/car-2.de\/shop\/wp-json\/wp\/v2\/comments?post=28945"}],"wp:featuredmedia":[{"embeddable":true,"href":"https:\/\/car-2.de\/shop\/wp-json\/wp\/v2\/media\/28946"}],"wp:attachment":[{"href":"https:\/\/car-2.de\/shop\/wp-json\/wp\/v2\/media?parent=28945"}],"wp:term":[{"taxonomy":"product_brand","embeddable":true,"href":"https:\/\/car-2.de\/shop\/wp-json\/wp\/v2\/product_brand?post=28945"},{"taxonomy":"product_cat","embeddable":true,"href":"https:\/\/car-2.de\/shop\/wp-json\/wp\/v2\/product_cat?post=28945"},{"taxonomy":"product_tag","embeddable":true,"href":"https:\/\/car-2.de\/shop\/wp-json\/wp\/v2\/product_tag?post=28945"}],"curies":[{"name":"wp","href":"https:\/\/api.w.org\/{rel}","templated":true}]}}