{"id":28913,"date":"2021-09-09T21:54:46","date_gmt":"2021-09-09T19:54:46","guid":{"rendered":"http:\/\/automotive.system199.de\/shop\/produkt\/fk-rennsport-ersatzteil-hauptfeder-fuer-fk-gewindefahrwerke-feder-14\/"},"modified":"2025-01-09T22:32:19","modified_gmt":"2025-01-09T21:32:19","slug":"fk-rennsport-ersatzteil-hauptfeder-fuer-fk-gewindefahrwerke-feder-14","status":"publish","type":"product","link":"https:\/\/car-2.de\/shop\/produkt\/fk-rennsport-ersatzteil-hauptfeder-fuer-fk-gewindefahrwerke-feder-14\/","title":{"rendered":"FK Rennsport Ersatzteil Hauptfeder f\u00fcr FK Gewindefahrwerke Feder"},"content":{"rendered":"<p><\/p>\n<p><strong>Details:<\/strong><br \/>&#8211; Passendes Ersatzteil f\u00fcr Ihr FK Gewindefahrwerk<br \/>&#8211; Erstklassige Qualit\u00e4t f\u00fcr eine hohe Lebensdauer<br \/>&#8211; Hochwertige Verzinkung der Feder zum Schutz vor Korrosion<br \/>&#8211; einfache Montage<br \/>&#8211; sehr gutes Preis-Leistungsverh\u00e4ltnis<br \/>&#8211; qualitativ hochwertige Verarbeitung<br \/>&#8211; Neu und OVP<br \/>&#8211; Sofort lieferbar<\/p>\n<p><strong>Lieferumfang:<\/strong><br \/>1 x FK Ersatz-Feder f\u00fcr FK Gewindefahrwerk<\/p>\n<p><strong><\/p>\n<p><strong>Wissenswertes:<\/strong><br \/>Gerne sind wir Ihnen bei der Auswahl der Ersatzteile f\u00fcr Ihr Gewindefahrwerk behilflich. In unserem FK-Shop finden Sie das komplette Zubeh\u00f6r, alle Ersatzteilen und das passende Werkzeug.FK geh\u00f6rt zu einem der \u00e4ltesten und auch bekanntesten Anbieter f\u00fcr Gewindefahrwerke in Deutschland. Wir fertigen Gewindefahrwerksystemewie Highsport, Silverline, K\u00f6nigsport und auch Silverline X. Die Fahrwerke sind bereits hunderttausendfach bew\u00e4hrt und weltweit erfolgreich im Einsatz.<\/p>\n<p><\/strong><\/p>\n<p>Wir freuen uns auf Ihren Besuch in unserem <u><a href=\"https\/\/www.fk-shop.de\/\">Online-Shop<\/a><\/u>.Dort finden Sie ein breites Sortiment an Artikeln aus dem Bereich Rennsport- und Leistungstuning, wie zum Beispiel <u><a href=\"https\/\/www.fk-shop.de\/Tuning\/Fahrwerk-Tuning\/Sportfahrwerk\/\">Sportfahrwerk<\/a><\/u>, <u><a href=\"https\/\/www.fk-shop.de\/Tuning\/Fahrwerk-Tuning\/Domstrebe\/\">Domstrebe<\/a><\/u>, <u><a href=\"https\/\/www.fk-shop.de\/Tuning\/Fahrwerk-Tuning\/Tieferlegungsfedern\/\">Tieferlegungsfedern<\/a><\/u>, <u><a href=\"https\/\/www.fk-shop.de\/Tuning\/Fahrwerk-Tuning\/Sportstossdaempfer\/\">Sportstossdaempfer<\/a><\/u>und <u><a href=\"https\/\/www.fk-shop.de\/Tuning\/Fahrwerk-Tuning\/Federwegbegrenzer\/\">Federwegbegrenzer<\/a><\/u><\/p>\n<p><strong><\/p>\n<p>Schauen Sie einfach mal vorbei und \u00fcberzeugen Sie sich selbst! <\/p>\n<p><\/strong><\/p>\n","protected":false},"excerpt":{"rendered":"<ul>\n<li>Original Ersatz Hauptfeder<\/li>\n<li>geeignet f\u00fcr FK-Gewindefahrwerke<\/li>\n<li>Windungszahl: 8,25<\/li>\n<li>Farbe: blau\/gelb<\/li>\n<li>Erstklassige Qualit\u00e4t<\/li>\n<li>hohe Lebensdauer<\/li>\n<li>hochwertig verzinkte Feder (Korrosionsschutz)<\/li>\n<\/ul>\n","protected":false},"featured_media":28912,"comment_status":"closed","ping_status":"open","template":"","meta":[],"product_brand":[],"product_cat":[641,642],"product_tag":[],"class_list":{"0":"post-28913","1":"product","2":"type-product","3":"status-publish","4":"has-post-thumbnail","6":"product_cat-fahrwerk-tuning","7":"product_cat-fahrwerk-zubehoer","9":"first","10":"instock","11":"taxable","12":"shipping-taxable","13":"purchasable","14":"product-type-simple"},"_links":{"self":[{"href":"https:\/\/car-2.de\/shop\/wp-json\/wp\/v2\/product\/28913","targetHints":{"allow":["GET"]}}],"collection":[{"href":"https:\/\/car-2.de\/shop\/wp-json\/wp\/v2\/product"}],"about":[{"href":"https:\/\/car-2.de\/shop\/wp-json\/wp\/v2\/types\/product"}],"replies":[{"embeddable":true,"href":"https:\/\/car-2.de\/shop\/wp-json\/wp\/v2\/comments?post=28913"}],"wp:featuredmedia":[{"embeddable":true,"href":"https:\/\/car-2.de\/shop\/wp-json\/wp\/v2\/media\/28912"}],"wp:attachment":[{"href":"https:\/\/car-2.de\/shop\/wp-json\/wp\/v2\/media?parent=28913"}],"wp:term":[{"taxonomy":"product_brand","embeddable":true,"href":"https:\/\/car-2.de\/shop\/wp-json\/wp\/v2\/product_brand?post=28913"},{"taxonomy":"product_cat","embeddable":true,"href":"https:\/\/car-2.de\/shop\/wp-json\/wp\/v2\/product_cat?post=28913"},{"taxonomy":"product_tag","embeddable":true,"href":"https:\/\/car-2.de\/shop\/wp-json\/wp\/v2\/product_tag?post=28913"}],"curies":[{"name":"wp","href":"https:\/\/api.w.org\/{rel}","templated":true}]}}