{"id":28896,"date":"2021-09-09T21:54:37","date_gmt":"2021-09-09T19:54:37","guid":{"rendered":"http:\/\/automotive.system199.de\/shop\/produkt\/fk-rennsport-ersatzteil-hauptfeder-fuer-fk-gewindefahrwerke-feder-7\/"},"modified":"2025-01-09T22:32:16","modified_gmt":"2025-01-09T21:32:16","slug":"fk-rennsport-ersatzteil-hauptfeder-fuer-fk-gewindefahrwerke-feder-7","status":"publish","type":"product","link":"https:\/\/car-2.de\/shop\/produkt\/fk-rennsport-ersatzteil-hauptfeder-fuer-fk-gewindefahrwerke-feder-7\/","title":{"rendered":"FK Rennsport Ersatzteil Hauptfeder f\u00fcr FK Gewindefahrwerke Feder"},"content":{"rendered":"<p>FK Ersatzfedern f\u00fcr FK Gewindefahrwerke. Wir bieten die Ersatzfedern in verschiedenen Ausf\u00fchrungen f\u00fcr diverse Gewindefahrwerke an. Die Ersatzfedern entsprechen 1 zu 1 den originalen Federn die wir ins unseren FK Gewindefahrwerken verwenden. Die Ersatzfedern entsprechen nat\u00fcrlich gewohnter FK Qualit\u00e4t und sind technisch auf dem neusten Stand. Wir bieten alle Gewindefahrwerke in Komplettsets an, Sie k\u00f6nnen aber auch Teile separat bestellen. Wenn Sie Ersatzteile f\u00fcr ihre Gewindefahrwerke brauchen sind wir Ihnen bei der Auswahl gerne behilflich. Im Bereich Fahrwerke und Tuning in der Sparte Sonstiges bieten wir das komplette Zubeh\u00f6r, alle Ersatzteilen und das passende Werkzeug zur Einstellung f\u00fcr die Gewindefahrwerke. Die FK Automotive Ersatzfedern und Vorspannfedern sind gr\u00f6\u00dftenteils mit Zulassung. Wir von FK bieten eine Menge verschiedener Gewindefahrwerke und Fahrwerkssysteme in unserem Sortiment. Die Kr\u00f6nung unter den Fahrwerkssystemen ist eindeutig das Gewindefahrwerk. Wir bieten in unserem Onlineshop eines der gr\u00f6\u00dften Lieferprogramme in ganz Europa und nat\u00fcrlich auch eine Menge Gewindefahrwerke f\u00fcr Sie parat. Wir haben Gewindefahrwerke f\u00fcr Alfa Romeo, Audi, BMW, Mercedes Benz, Opel, Seat, Skoda und VW auf Lager. Die Fahrwerksteile f\u00fcr die Gewindefahrwerke werden auf modernen CNC Maschinen aus hochwertigen Materialien hergestellt. Unsere FK Gewindefahrwerke gibt es in unterschiedlichen Ausf\u00fchrungen und Preisklassen, dazu geh\u00f6ren die Highsport Gewindefahrwerke, die K\u00f6nigsport Gewindefahrwerke, die Silverline Gewindefahrwerke und die Silverline X Gewindefahrwerke. Im Bereich Fahrwerke und Tuning bieten wir eine riesen Auswahl an Teilen mit denen Sie das Design und die Fahrdynamik Ihres Fahrzeuges optimieren k\u00f6nnen. Infomieren Sie sich jetzt bestimmt haben wir auch f\u00fcr Ihr Fahrzeug Gewindefahrwerke oder passende Ersatzteile im Sortiment.<\/p>\n","protected":false},"excerpt":{"rendered":"<ul>\n<li>Original Ersatz Hauptfeder<\/li>\n<li>geeignet f\u00fcr FK-Gewindefahrwerke<\/li>\n<li>Windungszahl: 5,5<\/li>\n<li>Farbe: blau<\/li>\n<li>Erstklassige Qualit\u00e4t<\/li>\n<li>hohe Lebensdauer<\/li>\n<li>hochwertig verzinkte Feder (Korrosionsschutz)<\/li>\n<\/ul>\n","protected":false},"featured_media":28897,"comment_status":"closed","ping_status":"open","template":"","meta":[],"product_brand":[],"product_cat":[641,642],"product_tag":[],"class_list":{"0":"post-28896","1":"product","2":"type-product","3":"status-publish","4":"has-post-thumbnail","6":"product_cat-fahrwerk-tuning","7":"product_cat-fahrwerk-zubehoer","9":"first","10":"instock","11":"taxable","12":"shipping-taxable","13":"purchasable","14":"product-type-simple"},"_links":{"self":[{"href":"https:\/\/car-2.de\/shop\/wp-json\/wp\/v2\/product\/28896","targetHints":{"allow":["GET"]}}],"collection":[{"href":"https:\/\/car-2.de\/shop\/wp-json\/wp\/v2\/product"}],"about":[{"href":"https:\/\/car-2.de\/shop\/wp-json\/wp\/v2\/types\/product"}],"replies":[{"embeddable":true,"href":"https:\/\/car-2.de\/shop\/wp-json\/wp\/v2\/comments?post=28896"}],"wp:featuredmedia":[{"embeddable":true,"href":"https:\/\/car-2.de\/shop\/wp-json\/wp\/v2\/media\/28897"}],"wp:attachment":[{"href":"https:\/\/car-2.de\/shop\/wp-json\/wp\/v2\/media?parent=28896"}],"wp:term":[{"taxonomy":"product_brand","embeddable":true,"href":"https:\/\/car-2.de\/shop\/wp-json\/wp\/v2\/product_brand?post=28896"},{"taxonomy":"product_cat","embeddable":true,"href":"https:\/\/car-2.de\/shop\/wp-json\/wp\/v2\/product_cat?post=28896"},{"taxonomy":"product_tag","embeddable":true,"href":"https:\/\/car-2.de\/shop\/wp-json\/wp\/v2\/product_tag?post=28896"}],"curies":[{"name":"wp","href":"https:\/\/api.w.org\/{rel}","templated":true}]}}