{"id":28853,"date":"2025-01-10T13:25:02","date_gmt":"2025-01-10T12:25:02","guid":{"rendered":"http:\/\/automotive.system199.de\/shop\/produkt\/daempferpatrone-ersatzteil-gewindefahrwerk-sportfahrwerk\/"},"modified":"2025-01-10T13:25:04","modified_gmt":"2025-01-10T12:25:04","slug":"daempferpatrone-ersatzteil-gewindefahrwerk-sportfahrwerk","status":"publish","type":"product","link":"https:\/\/car-2.de\/shop\/produkt\/daempferpatrone-ersatzteil-gewindefahrwerk-sportfahrwerk\/","title":{"rendered":"D\u00e4mpferpatrone Ersatzteil &#8211; Gewindefahrwerk &#8211; Sportfahrwerk"},"content":{"rendered":"<p>FK Automotive ist einer der gr\u00f6\u00dften Anbieter im Bereich Tuning und sportliches Autozubeh\u00f6r in Europa. Wir bieten eine riesen Auswahl an interessanten Teilen die Tuningfreunde begeistern. Produkte von FK Automotive zeichnen sich aus durch ihre gleichbleibend hohe Qualit\u00e4t zu gewohnt g\u00fcnstigen Preisen. Speziell im Bereich Fahrwerke verf\u00fcgen wir \u00fcber eine langj\u00e4hrige und weitreichende Erfahrung. Die von uns angebotenen Fahrwerkskomponenten sind gr\u00f6\u00dftenteils Made in Germany und aus eigener Fertigung. Die Fahrwerksteile werden auf modernen CNC- Maschinen aus hochwertigen Materialien angefertigt. Die Fahrwerk- Sets werden komplett mit allen Zubeh\u00f6rteilen ausgeliefert. Sie k\u00f6nnen einzelne Teile aber auch direkt bei uns ordern. Die Ersatzteile und Zubeh\u00f6r f\u00fcr die Gewindefahrwerke entsprechen h\u00f6chsten Anspr\u00fcchen in Sachen Technik und Qualit\u00e4t. Wir bieten unter anderem Ersatzd\u00e4mpfer, D\u00e4mpferpatronen, Federbeine, Gewindeschutzspray etc. im Programm. Der Austausch der Teile ist dank der Passform, die 1 zu 1 dem Serienteil entspricht, unkompliziert und schnell durchf\u00fchrbar. Aufgrund unserer gro\u00dfen Erfahrung bei der Fertigung und Entwicklung von Fahrwerke k\u00f6nnen Sie sich auf die Qualit\u00e4t und die Leistung der Produkte verlassen. Unsere FK Gewindefahrwerke gibt es in unterschiedlichen Kategorien und Preisklassen, dazu geh\u00f6ren die Highsport Gewindefahrwerke, die K\u00f6nigsport Gewindefahrwerke, die Silverline Gewindefahrwerke und die Silverline X Gewindefahrwerke. Im Bereich Fahrwerke und Tuning bieten wir eine riesen Auswahl an Teilen mit denen Sie das Design und die Fahrdynamik Ihres Fahrzeuges optimieren k\u00f6nnen. Zu allen Teilen bieten wir selbstverst\u00e4ndlich alle Zubeh\u00f6rteile, Anschlussteile und teilweise das passende Werkzeug. Wenn Sie Hilfe bei der Auswahl der passenden Ersatzteile ben\u00f6tigen k\u00f6nnen Sie sich gerne an unser Service Team wenden. Wir helfen Ihnen gerne weiter.<span style=\"display: inline-block; width: 0px; overflow: hidden; line-height: 0;\" data-mce-type=\"bookmark\" class=\"mce_SELRES_start\">\ufeff<\/span><\/p>\n","protected":false},"excerpt":{"rendered":"<p>Ersatzteil f\u00fcr GewindefahrwerkBeste Qualit\u00e4tErsatzteil f\u00fcr GewindefahrwerkBeste Qualit\u00e4t<\/p>\n","protected":false},"featured_media":45266,"comment_status":"closed","ping_status":"open","template":"","meta":[],"product_brand":[],"product_cat":[641,642],"product_tag":[],"class_list":{"0":"post-28853","1":"product","2":"type-product","3":"status-publish","4":"has-post-thumbnail","6":"product_cat-fahrwerk-tuning","7":"product_cat-fahrwerk-zubehoer","8":"pa_kfz-hersteller-universal","9":"pa_kfz-modell-universal","11":"first","12":"instock","13":"purchasable","14":"product-type-simple"},"_links":{"self":[{"href":"https:\/\/car-2.de\/shop\/wp-json\/wp\/v2\/product\/28853","targetHints":{"allow":["GET"]}}],"collection":[{"href":"https:\/\/car-2.de\/shop\/wp-json\/wp\/v2\/product"}],"about":[{"href":"https:\/\/car-2.de\/shop\/wp-json\/wp\/v2\/types\/product"}],"replies":[{"embeddable":true,"href":"https:\/\/car-2.de\/shop\/wp-json\/wp\/v2\/comments?post=28853"}],"wp:featuredmedia":[{"embeddable":true,"href":"https:\/\/car-2.de\/shop\/wp-json\/wp\/v2\/media\/45266"}],"wp:attachment":[{"href":"https:\/\/car-2.de\/shop\/wp-json\/wp\/v2\/media?parent=28853"}],"wp:term":[{"taxonomy":"product_brand","embeddable":true,"href":"https:\/\/car-2.de\/shop\/wp-json\/wp\/v2\/product_brand?post=28853"},{"taxonomy":"product_cat","embeddable":true,"href":"https:\/\/car-2.de\/shop\/wp-json\/wp\/v2\/product_cat?post=28853"},{"taxonomy":"product_tag","embeddable":true,"href":"https:\/\/car-2.de\/shop\/wp-json\/wp\/v2\/product_tag?post=28853"}],"curies":[{"name":"wp","href":"https:\/\/api.w.org\/{rel}","templated":true}]}}