{"id":27870,"date":"2025-01-02T01:55:01","date_gmt":"2025-01-02T00:55:01","guid":{"rendered":"http:\/\/automotive.system199.de\/shop\/produkt\/led-rueckleuchten-set-citroen-saxo-typ-s-s-hfx-s-kfw-96-02-klar-rot\/"},"modified":"2025-01-02T01:55:02","modified_gmt":"2025-01-02T00:55:02","slug":"led-rueckleuchten-set-citroen-saxo-typ-s-s-hfx-s-kfw-96-02-klar-rot","status":"publish","type":"product","link":"https:\/\/car-2.de\/shop\/produkt\/led-rueckleuchten-set-citroen-saxo-typ-s-s-hfx-s-kfw-96-02-klar-rot\/","title":{"rendered":"LED R\u00fcckleuchten Set Citroen Saxo Typ S\/S HFX \/ S KFW  96-02 klar\/rot"},"content":{"rendered":"<p><span style=\"display: inline-block; width: 0px; overflow: hidden; line-height: 0;\" data-mce-type=\"bookmark\" class=\"mce_SELRES_start\">\ufeff<\/span><\/p>\n","protected":false},"excerpt":{"rendered":"<p>f\u00fcr Citroen Saxof\u00fcr Baujahr: 1996 bis 2002Farbe: klar\/rotmit E Pr\u00fcfzeichen (eintragungsfrei)led R\u00fcckleuchten Citroen SaxoLED Leuchtmittel enthaltenlinks + rechts (Set)einfache Montagebeste Verarbeitungf\u00fcr Citroen Saxof\u00fcr Baujahr: 1996 bis 2002Farbe: klar\/rotmit E Pr\u00fcfzeichen (eintragungsfrei)led R\u00fcckleuchten Citroen SaxoLED Leuchtmittel enthaltenlinks + rechts (Set)einfache Montagebeste Verarbeitung<\/p>\n","protected":false},"featured_media":44432,"comment_status":"closed","ping_status":"open","template":"","meta":[],"product_brand":[],"product_cat":[633,640],"product_tag":[],"class_list":{"0":"post-27870","1":"product","2":"type-product","3":"status-publish","4":"has-post-thumbnail","6":"product_cat-beleuchtung-tuning","7":"product_cat-rueckleuchten","8":"pa_kfz-hersteller-citroen","9":"pa_kfz-modell-saxo","11":"first","12":"instock","13":"purchasable","14":"product-type-simple"},"_links":{"self":[{"href":"https:\/\/car-2.de\/shop\/wp-json\/wp\/v2\/product\/27870","targetHints":{"allow":["GET"]}}],"collection":[{"href":"https:\/\/car-2.de\/shop\/wp-json\/wp\/v2\/product"}],"about":[{"href":"https:\/\/car-2.de\/shop\/wp-json\/wp\/v2\/types\/product"}],"replies":[{"embeddable":true,"href":"https:\/\/car-2.de\/shop\/wp-json\/wp\/v2\/comments?post=27870"}],"wp:featuredmedia":[{"embeddable":true,"href":"https:\/\/car-2.de\/shop\/wp-json\/wp\/v2\/media\/44432"}],"wp:attachment":[{"href":"https:\/\/car-2.de\/shop\/wp-json\/wp\/v2\/media?parent=27870"}],"wp:term":[{"taxonomy":"product_brand","embeddable":true,"href":"https:\/\/car-2.de\/shop\/wp-json\/wp\/v2\/product_brand?post=27870"},{"taxonomy":"product_cat","embeddable":true,"href":"https:\/\/car-2.de\/shop\/wp-json\/wp\/v2\/product_cat?post=27870"},{"taxonomy":"product_tag","embeddable":true,"href":"https:\/\/car-2.de\/shop\/wp-json\/wp\/v2\/product_tag?post=27870"}],"curies":[{"name":"wp","href":"https:\/\/api.w.org\/{rel}","templated":true}]}}