{"id":27725,"date":"2025-01-02T01:54:20","date_gmt":"2025-01-02T00:54:20","guid":{"rendered":"http:\/\/automotive.system199.de\/shop\/produkt\/led-rueckleuchten-set-audi-a4-limousine-typ-b5-95-00-klar-rot-s4-tdi\/"},"modified":"2025-01-02T01:54:23","modified_gmt":"2025-01-02T00:54:23","slug":"led-rueckleuchten-set-audi-a4-limousine-typ-b5-95-00-klar-rot-s4-tdi","status":"publish","type":"product","link":"https:\/\/car-2.de\/shop\/produkt\/led-rueckleuchten-set-audi-a4-limousine-typ-b5-95-00-klar-rot-s4-tdi\/","title":{"rendered":"LED R\u00fcckleuchten Set Audi A4 Limousine Typ B5  95-00 klar\/rot S4 \/ TDI"},"content":{"rendered":"<p><span style=\"display: inline-block; width: 0px; overflow: hidden; line-height: 0;\" data-mce-type=\"bookmark\" class=\"mce_SELRES_start\">\ufeff<\/span><\/p>\n","protected":false},"excerpt":{"rendered":"<p>f\u00fcr Audi A4 (B5\/8D)f\u00fcr Baujahr: 1995 bis 2000Farbe: klar\/rotmit E Pr\u00fcfzeichen (eintragungsfrei)f\u00fcr S4 \/ TDI Modellinkl. Kabelstrang f\u00fcr LEDLED Leuchtmittel enthalten1 Set bestehend aus 2 R\u00fcckleuchteneinfache Montagebeste Verarbeitungf\u00fcr Audi A4 (B5\/8D)f\u00fcr Baujahr: 1995 bis 2000Farbe: klar\/rotmit E Pr\u00fcfzeichen (eintragungsfrei)f\u00fcr S4 \/ TDI Modellinkl. Kabelstrang f\u00fcr LEDLED Leuchtmittel enthalten1 Set bestehend aus 2 R\u00fcckleuchteneinfache Montagebeste Verarbeitung<\/p>\n","protected":false},"featured_media":44204,"comment_status":"closed","ping_status":"open","template":"","meta":[],"product_brand":[],"product_cat":[633,640],"product_tag":[],"class_list":{"0":"post-27725","1":"product","2":"type-product","3":"status-publish","4":"has-post-thumbnail","6":"product_cat-beleuchtung-tuning","7":"product_cat-rueckleuchten","8":"pa_kfz-hersteller-audi","9":"pa_kfz-modell-a4-b5-8d","11":"first","12":"instock","13":"purchasable","14":"product-type-simple"},"_links":{"self":[{"href":"https:\/\/car-2.de\/shop\/wp-json\/wp\/v2\/product\/27725","targetHints":{"allow":["GET"]}}],"collection":[{"href":"https:\/\/car-2.de\/shop\/wp-json\/wp\/v2\/product"}],"about":[{"href":"https:\/\/car-2.de\/shop\/wp-json\/wp\/v2\/types\/product"}],"replies":[{"embeddable":true,"href":"https:\/\/car-2.de\/shop\/wp-json\/wp\/v2\/comments?post=27725"}],"wp:featuredmedia":[{"embeddable":true,"href":"https:\/\/car-2.de\/shop\/wp-json\/wp\/v2\/media\/44204"}],"wp:attachment":[{"href":"https:\/\/car-2.de\/shop\/wp-json\/wp\/v2\/media?parent=27725"}],"wp:term":[{"taxonomy":"product_brand","embeddable":true,"href":"https:\/\/car-2.de\/shop\/wp-json\/wp\/v2\/product_brand?post=27725"},{"taxonomy":"product_cat","embeddable":true,"href":"https:\/\/car-2.de\/shop\/wp-json\/wp\/v2\/product_cat?post=27725"},{"taxonomy":"product_tag","embeddable":true,"href":"https:\/\/car-2.de\/shop\/wp-json\/wp\/v2\/product_tag?post=27725"}],"curies":[{"name":"wp","href":"https:\/\/api.w.org\/{rel}","templated":true}]}}