{"id":27682,"date":"2025-01-02T01:54:14","date_gmt":"2025-01-02T00:54:14","guid":{"rendered":"http:\/\/automotive.system199.de\/shop\/produkt\/led-rueckleuchten-set-audi-a4-limousine-typ-8e-01-04-chrom\/"},"modified":"2025-01-02T01:54:14","modified_gmt":"2025-01-02T00:54:14","slug":"led-rueckleuchten-set-audi-a4-limousine-typ-8e-01-04-chrom","status":"publish","type":"product","link":"https:\/\/car-2.de\/shop\/produkt\/led-rueckleuchten-set-audi-a4-limousine-typ-8e-01-04-chrom\/","title":{"rendered":"LED R\u00fcckleuchten Set Audi A4 Limousine Typ 8E  01-04 chrom"},"content":{"rendered":"<p><span style=\"display: inline-block; width: 0px; overflow: hidden; line-height: 0;\" data-mce-type=\"bookmark\" class=\"mce_SELRES_start\">\ufeff<\/span><\/p>\n","protected":false},"excerpt":{"rendered":"<p>f\u00fcr Baujahr: 2001 bis 2004Farbe: chrommit E Pr\u00fcfzeichen (eintragungsfrei)led R\u00fcckleuchten Audi A4 B6 8ELED Leuchtmittel enthaltenlinks + rechts (Set)einfache Montagebeste Verarbeitungf\u00fcr Baujahr: 2001 bis 2004Farbe: chrommit E Pr\u00fcfzeichen (eintragungsfrei)led R\u00fcckleuchten Audi A4 B6 8ELED Leuchtmittel enthaltenlinks + rechts (Set)einfache Montagebeste Verarbeitung<\/p>\n","protected":false},"featured_media":44197,"comment_status":"closed","ping_status":"open","template":"","meta":[],"product_brand":[],"product_cat":[633,640],"product_tag":[],"class_list":{"0":"post-27682","1":"product","2":"type-product","3":"status-publish","4":"has-post-thumbnail","6":"product_cat-beleuchtung-tuning","7":"product_cat-rueckleuchten","8":"pa_kfz-hersteller-audi","9":"pa_kfz-modell-a4-b6-8e","11":"first","12":"instock","13":"purchasable","14":"product-type-simple"},"_links":{"self":[{"href":"https:\/\/car-2.de\/shop\/wp-json\/wp\/v2\/product\/27682","targetHints":{"allow":["GET"]}}],"collection":[{"href":"https:\/\/car-2.de\/shop\/wp-json\/wp\/v2\/product"}],"about":[{"href":"https:\/\/car-2.de\/shop\/wp-json\/wp\/v2\/types\/product"}],"replies":[{"embeddable":true,"href":"https:\/\/car-2.de\/shop\/wp-json\/wp\/v2\/comments?post=27682"}],"wp:featuredmedia":[{"embeddable":true,"href":"https:\/\/car-2.de\/shop\/wp-json\/wp\/v2\/media\/44197"}],"wp:attachment":[{"href":"https:\/\/car-2.de\/shop\/wp-json\/wp\/v2\/media?parent=27682"}],"wp:term":[{"taxonomy":"product_brand","embeddable":true,"href":"https:\/\/car-2.de\/shop\/wp-json\/wp\/v2\/product_brand?post=27682"},{"taxonomy":"product_cat","embeddable":true,"href":"https:\/\/car-2.de\/shop\/wp-json\/wp\/v2\/product_cat?post=27682"},{"taxonomy":"product_tag","embeddable":true,"href":"https:\/\/car-2.de\/shop\/wp-json\/wp\/v2\/product_tag?post=27682"}],"curies":[{"name":"wp","href":"https:\/\/api.w.org\/{rel}","templated":true}]}}