{"id":27521,"date":"2025-01-10T13:21:39","date_gmt":"2025-01-10T12:21:39","guid":{"rendered":"http:\/\/automotive.system199.de\/shop\/produkt\/frontblinker-blinker-set-bmw-3er-coupe-cabrio-typ-e46-01-03-chrom\/"},"modified":"2025-01-10T13:21:42","modified_gmt":"2025-01-10T12:21:42","slug":"frontblinker-blinker-set-bmw-3er-coupe-cabrio-typ-e46-01-03-chrom","status":"publish","type":"product","link":"https:\/\/car-2.de\/shop\/produkt\/frontblinker-blinker-set-bmw-3er-coupe-cabrio-typ-e46-01-03-chrom\/","title":{"rendered":"Frontblinker Blinker Set BMW 3er Coupe\/Cabrio Typ E46  01-03 chrom"},"content":{"rendered":"<p>Design Frontblinker:Der Design Frontblinker ist das optische &#8222;Must-Have&#8220; in Sachen Beleuchtungstuning. Mit diesen sch\u00f6nen Frontblinkern ver\u00e4ndern Sie die Frontoptik entscheidend. Mit der neuen Crystal-Reflektortechnik verleihen Sie Ihrem Fahrzeug eine sportliche und auch edle Linie. Die Design Frontblinker sind auch eine perfekte Erg\u00e4nzung zu Designscheinwerfer. Den nur durch sch\u00f6ne Blinker kommen die Tuningscheinwerfer auch wirklich erst richtig zur Geltung. Dank der neuen Crystal-Reflektortechnik ist das Leuchterscheinungsbild auff\u00e4lliger und Sie werden somit von anderen Verkehrsteilnehmer schneller wahrgenommen.Vorteile:keine Kosten, da eintragungsfrei (E-Zeichen)geringe Einbaukosten einfache Montage (ca. 30min. )hohe Qualit\u00e4teinzigartiges Design  &nbsp;in Erstausr\u00fcsterqualit\u00e4t von namhaften Produzenten f\u00fcr das Zubeh\u00f6rgesch\u00e4ft produziertoft g\u00fcnstiger als die originalen FrontblinkerLange Lebensdauer durch hochwertiges Material und Chormbeschichtungf\u00fcr Bordcomputer technisch passend verbesserte Lichtwerte durch neuerer Reflektortechniksportliches Design&nbsp;Lieferumfang:1 Frontblinkerset bestehenden aus einem rechten und linken Frontblinker<span style=\"display: inline-block; width: 0px; overflow: hidden; line-height: 0;\" data-mce-type=\"bookmark\" class=\"mce_SELRES_start\">\ufeff<\/span><\/p>\n","protected":false},"excerpt":{"rendered":"<p>f\u00fcr BMW 3er E46f\u00fcr Baujahr: 2001 bis 2003Farbe: crystal chrommit E-Pr\u00fcfzeichen (eintragungsfrei)links + rechts (Set)Design Blinker vorneTop DesignTop Qualit\u00e4tPassgenauf\u00fcr BMW 3er E46f\u00fcr Baujahr: 2001 bis 2003Farbe: crystal chrommit E-Pr\u00fcfzeichen (eintragungsfrei)links + rechts (Set)Design Blinker vorneTop DesignTop Qualit\u00e4tPassgenau<\/p>\n","protected":false},"featured_media":44045,"comment_status":"closed","ping_status":"open","template":"","meta":[],"product_brand":[],"product_cat":[633,639],"product_tag":[],"class_list":{"0":"post-27521","1":"product","2":"type-product","3":"status-publish","4":"has-post-thumbnail","6":"product_cat-beleuchtung-tuning","7":"product_cat-blinker","8":"pa_kfz-hersteller-bmw","9":"pa_kfz-modell-3er-e46","11":"first","12":"instock","13":"purchasable","14":"product-type-simple"},"_links":{"self":[{"href":"https:\/\/car-2.de\/shop\/wp-json\/wp\/v2\/product\/27521","targetHints":{"allow":["GET"]}}],"collection":[{"href":"https:\/\/car-2.de\/shop\/wp-json\/wp\/v2\/product"}],"about":[{"href":"https:\/\/car-2.de\/shop\/wp-json\/wp\/v2\/types\/product"}],"replies":[{"embeddable":true,"href":"https:\/\/car-2.de\/shop\/wp-json\/wp\/v2\/comments?post=27521"}],"wp:featuredmedia":[{"embeddable":true,"href":"https:\/\/car-2.de\/shop\/wp-json\/wp\/v2\/media\/44045"}],"wp:attachment":[{"href":"https:\/\/car-2.de\/shop\/wp-json\/wp\/v2\/media?parent=27521"}],"wp:term":[{"taxonomy":"product_brand","embeddable":true,"href":"https:\/\/car-2.de\/shop\/wp-json\/wp\/v2\/product_brand?post=27521"},{"taxonomy":"product_cat","embeddable":true,"href":"https:\/\/car-2.de\/shop\/wp-json\/wp\/v2\/product_cat?post=27521"},{"taxonomy":"product_tag","embeddable":true,"href":"https:\/\/car-2.de\/shop\/wp-json\/wp\/v2\/product_tag?post=27521"}],"curies":[{"name":"wp","href":"https:\/\/api.w.org\/{rel}","templated":true}]}}