{"id":27505,"date":"2021-09-09T18:49:39","date_gmt":"2021-09-09T16:49:39","guid":{"rendered":"http:\/\/automotive.system199.de\/shop\/produkt\/frontblinker-blinker-set-bmw-3er-coupe-cabrio-typ-e36-91-98-chrom-2\/"},"modified":"2025-01-09T22:28:45","modified_gmt":"2025-01-09T21:28:45","slug":"frontblinker-blinker-set-bmw-3er-coupe-cabrio-typ-e36-91-98-chrom-2","status":"publish","type":"product","link":"https:\/\/car-2.de\/shop\/produkt\/frontblinker-blinker-set-bmw-3er-coupe-cabrio-typ-e36-91-98-chrom-2\/","title":{"rendered":"Frontblinker Blinker Set BMW 3er Coupe\/Cabrio Typ E36  91-98 chrom"},"content":{"rendered":"<p style=\"margin-top: 0.05cm; margin-bottom: 0.05cm; line-height: 100%\"><font face=\"Arial, sans-serif\"><font size=\"2\"><strong>Design Frontblinker<\/strong> ist das optische &quot;Must-Have&quot; in Sachen Beleuchtungstuning. Mit diesen sch\u00f6nen Frontblinkern ver\u00e4ndern Sie die Frontoptik entscheidend. Mit der neuen Crystal-Reflektortechnik verleihen Sie Ihrem Fahrzeug eine sportliche und auch edle Linie. Die Design Frontblinker sind auch eine perfekte Erg\u00e4nzung zu Designscheinwerfer. Den nur durch sch\u00f6ne Blinker kommen die Tuningscheinwerfer auch wirklich erst richtig zur Geltung. Dank der neuen Crystal-Reflektortechnik ist das Leuchterscheinungsbild auff\u00e4lliger und Sie werden somit von anderen Verkehrsteilnehmer schneller wahrgenommen.<\/font><\/font><\/p>\n<p style=\"margin-top: 0.05cm; margin-bottom: 0.05cm; line-height: 100%\"><font face=\"Arial, sans-serif\"><font size=\"2\"><strong>KEINE KOSTEN EINTRAGUNGSFREI:<\/strong> Dieses Design Frontblinker ist wenn nicht anderes angegeben mit e-Zeichen ausgestattet und sind somit eintragungsfrei. Es fallen keine Kosten f\u00fcr eine kostenpflichtige Eintragung in die Fahrzeugpapiere an.<\/font><\/font><\/p>\n<p style=\"margin-top: 0.05cm; margin-bottom: 0.05cm; line-height: 100%\"><font face=\"Arial, sans-serif\"><font size=\"2\"><strong>GERINGE EINBAUKOSTEN:<\/strong> Diese hochwertigen Frontblinker k\u00f6nnen problemlos von jeder Fachwerkstatt als auch Hobbymonteur binnen ca. 30 Minuten eingebaut werden.<\/font><\/font><\/p>\n<p style=\"margin-top: 0.05cm; margin-bottom: 0.05cm; line-height: 100%\"><font face=\"Arial, sans-serif\"><font size=\"2\"><strong>Einbauanleitung:<\/strong> Die Frontblinker m\u00fcssen an die Originalen Kabel befestigt werden. Nicht immer liegt eine englische Einbauanleitung f\u00fcr die Seitenblinker bei.<\/font><\/font><\/p>\n<p style=\"margin-top: 0.05cm; margin-bottom: 0.05cm; line-height: 100%\"><font face=\"Arial, sans-serif\"><font size=\"2\"><strong>Die Qualit\u00e4t:<\/strong> Die Frontblinker sind in Erstausr\u00fcsterqualit\u00e4t hergestellt und werden von namhaften Produzenten f\u00fcr das Zubeh\u00f6rgesch\u00e4ft produziert.<\/font><\/font><\/p>\n<p style=\"margin-top: 0.05cm; margin-bottom: 0.05cm; line-height: 100%\"><font face=\"Arial, sans-serif\"><font size=\"2\"><strong>Der Preis:<\/strong> Im Regelfall sind diese Frontblinker g\u00fcnstiger als die originalen Frontblinker. Hier lohnt sich ein Preischeck, selbst wenn nur im Falle einen Unfalls nur ein Blinker defekt sein sollte. Die Frontblinker sind eine g\u00fcnstige Umr\u00fcstm\u00f6glichkeit im Falle eines Unfalls oder im Falle einer Nachr\u00fcstung wenn die originalen Frontblinker undicht sein sollte!<\/font><\/font><\/p>\n<p style=\"margin-top: 0.05cm; margin-bottom: 0.05cm; line-height: 100%\"><font face=\"Arial, sans-serif\"><font size=\"2\"><strong>Die Design Frontblinkertechnik:<\/strong> Die Frontblinker sind nicht nur technisch sondern auch optisch ausgereift und sind im \u00fcbrigen schon 100.000 fach erfolgreich weltweit eingebaut. Sie m\u00f6chten Ihrem Fahrzeug eine sportliche Note geben? Dann sollten Sie gleich dieses tolle Seitenblinker gleich bestellen.<\/font><\/font><\/p>\n<p style=\"margin-top: 0.05cm; margin-bottom: 0.05cm; line-height: 100%\"><font face=\"Arial, sans-serif\"><font size=\"2\"><strong>Weitere Ausf\u00fchrungsdetails: <\/strong><\/font><\/font><\/p>\n<ul>\n<li>\n<p style=\"margin-top: 0.05cm; margin-bottom: 0.05cm; line-height: 100%\"><font face=\"Arial, sans-serif\"><font size=\"2\">Design Frontblinker f\u00fcr die Originalbefestigung an Ihrem Fahrzeug und neuerer Technik <\/font><\/font><\/p>\n<\/li>\n<li>\n<p style=\"margin-top: 0.05cm; margin-bottom: 0.05cm; line-height: 100%\"><font face=\"Arial, sans-serif\"><font size=\"2\">verbesserte Lichtwerte gegen\u00fcber Gl\u00fchlampenr\u00fcckleuchten durch neuerer Reflektortechnik<\/font><\/font><\/p>\n<\/li>\n<li>\n<p style=\"margin-top: 0.05cm; margin-bottom: 0.05cm; line-height: 100%\"><font face=\"Arial, sans-serif\"><font size=\"2\">wenn nicht anders angegeben auch f\u00fcr Bordcomputer technisch passend, das bedeutet Sie bekommen keine Fehlermeldung angezeigt<\/font><\/font><\/p>\n<\/li>\n<li>\n<p style=\"margin-top: 0.05cm; margin-bottom: 0.05cm; line-height: 100%\"><font face=\"Arial, sans-serif\"><font size=\"2\">keine Eintragung und Eintragungskosten in die Papiere n\u00f6tig, da mit &quot;E&quot; Pr\u00fcfzeichen versehen <\/font><\/font><\/p>\n<\/li>\n<li>\n<p style=\"margin-top: 0.05cm; margin-bottom: 0.05cm; line-height: 100%\"><font face=\"Arial, sans-serif\"><font size=\"2\">Einfache Montage da die Original Frontblinker Befestigungspunkte des Fahrzeugs verwendet werden.<\/font><\/font><\/p>\n<\/li>\n<li>\n<p style=\"margin-top: 0.05cm; margin-bottom: 0.05cm; line-height: 100%\"><font face=\"Arial, sans-serif\"><font size=\"2\">Lange Lebensdauer durch die Verwendung von hochwertigen Material und Chormbeschichtungen<\/font><\/font><\/p>\n<\/li>\n<\/ul>\n<p style=\"margin-top: 0.05cm; margin-bottom: 0.05cm; line-height: 100%\"><font face=\"Arial, sans-serif\"><font size=\"2\"><strong>Lieferumfang:<\/strong><\/font><\/font><\/p>\n<ul>\n<li>\n<p style=\"margin-top: 0.05cm; margin-bottom: 0.05cm; line-height: 100%\"><font face=\"Arial, sans-serif\"><font size=\"2\">1 Frontblinkerset bestehenden aus einem rechten und linken Frontblinker<\/font><\/font><\/p>\n<\/li>\n<\/ul>\n","protected":false},"excerpt":{"rendered":"<ul>\n<li>f\u00fcr BMW 3er E36<\/li>\n<li>f\u00fcr Baujahr: 91-98<\/li>\n<li>Farbe: crystal chrom<\/li>\n<li>mit E-Pr\u00fcfzeichen (eintragungsfrei)<\/li>\n<li>links + rechts (Set)<\/li>\n<li>Design Blinker vorne<\/li>\n<li>Top Design<\/li>\n<li>Top Qualit\u00e4t<\/li>\n<li>Passgenau<\/li>\n<\/ul>\n","protected":false},"featured_media":27506,"comment_status":"closed","ping_status":"open","template":"","meta":[],"product_brand":[],"product_cat":[633,639],"product_tag":[],"class_list":{"0":"post-27505","1":"product","2":"type-product","3":"status-publish","4":"has-post-thumbnail","6":"product_cat-beleuchtung-tuning","7":"product_cat-blinker","9":"first","10":"instock","11":"taxable","12":"shipping-taxable","13":"purchasable","14":"product-type-simple"},"_links":{"self":[{"href":"https:\/\/car-2.de\/shop\/wp-json\/wp\/v2\/product\/27505","targetHints":{"allow":["GET"]}}],"collection":[{"href":"https:\/\/car-2.de\/shop\/wp-json\/wp\/v2\/product"}],"about":[{"href":"https:\/\/car-2.de\/shop\/wp-json\/wp\/v2\/types\/product"}],"replies":[{"embeddable":true,"href":"https:\/\/car-2.de\/shop\/wp-json\/wp\/v2\/comments?post=27505"}],"wp:featuredmedia":[{"embeddable":true,"href":"https:\/\/car-2.de\/shop\/wp-json\/wp\/v2\/media\/27506"}],"wp:attachment":[{"href":"https:\/\/car-2.de\/shop\/wp-json\/wp\/v2\/media?parent=27505"}],"wp:term":[{"taxonomy":"product_brand","embeddable":true,"href":"https:\/\/car-2.de\/shop\/wp-json\/wp\/v2\/product_brand?post=27505"},{"taxonomy":"product_cat","embeddable":true,"href":"https:\/\/car-2.de\/shop\/wp-json\/wp\/v2\/product_cat?post=27505"},{"taxonomy":"product_tag","embeddable":true,"href":"https:\/\/car-2.de\/shop\/wp-json\/wp\/v2\/product_tag?post=27505"}],"curies":[{"name":"wp","href":"https:\/\/api.w.org\/{rel}","templated":true}]}}