{"id":26948,"date":"2021-09-09T18:41:14","date_gmt":"2021-09-09T16:41:14","guid":{"rendered":"http:\/\/automotive.system199.de\/shop\/produkt\/spurverbreiterung-distanzscheibe-system-a-10-mm-pro-rad-audi-a3-8l-2\/"},"modified":"2025-01-09T22:27:36","modified_gmt":"2025-01-09T21:27:36","slug":"spurverbreiterung-distanzscheibe-system-a-10-mm-pro-rad-audi-a3-8l-2","status":"publish","type":"product","link":"https:\/\/car-2.de\/shop\/produkt\/spurverbreiterung-distanzscheibe-system-a-10-mm-pro-rad-audi-a3-8l-2\/","title":{"rendered":"Spurverbreiterung Distanzscheibe System A 10 mm pro Rad Audi A3 (8L)"},"content":{"rendered":"<p style=\"margin-bottom: 0cm\"><font face=\"Arial, sans-serif\"><font size=\"2\"><strong>ACHTUNG! <br \/>Diese Spurverbreiterung passt nur bei Radnaben mit einer Tiefe von max. 8mm. Bei tieferen Radnaben muss eine Spurverbreiterung ohne Zentrierung verwendet werden. Messen Sie daher vor der Bestellung unbedingt die Original Radnabe nach, da sonst bei der Montage der Zentrierring abrei\u00dft. Ein Umtausch bzw. eine R\u00fcckgabe ist dann ausgeschlossen.<\/p>\n<p><\/strong><\/font><\/font><\/p>\n<p style=\"margin-bottom: 0cm\"><font face=\"Arial, sans-serif\"><font size=\"2\">Die Spurverbreiterungen werden in Verbindung mit l\u00e4ngeren Radschrauben an die Original Fahrzeugaufnahme befestigt. Die Montage ist denkbar einfach. Einfach Rad runter, Spurverbreiterung drauf und dann mittels l\u00e4ngeren Radschrauben die Felge auf die Radnabe wieder montieren. Die Spurverbreiterungen werden auf modernsten CNC gesteuerten S\u00e4ge, &#8211; Dreh und Fr\u00e4szentren produziert. L\u00e4ngere Radschrauben bitte gleich mitbestellen! FK bietet 4 verschiedene Spurverbreiterungstypen an<\/font><\/font><\/p>\n<p style=\"margin-bottom: 0cm\"><font face=\"Arial, sans-serif\"><font size=\"2\"><strong>System A ohne Zentrierung <\/strong>, diese Spurverbreiterung ist eine Art Scheibe auf die das Lochbild Ihres Fahrzeuges integriert ist. Weiter ist der Nabendurchmesser ber\u00fccksichtigt, Bei diesem Fahrzeugtyp ist wichtig das die Seriennabe eine l\u00e4ngere Zentrierung aufweist wie die Spurverbreiterung, so das die Felge \u00fcber die Seriennarbe noch mit zentriert wird. Sollte die Seriennarbe nicht die Felge zentrieren, so muss die Felge \u00fcber die Radschrauben \/ Radbolzen zentriert werden. Das bedeutet das die Schrauben im entlasteten Fahrzeug auf Nenndrehmoment angezogen werden! Befestigungsschrauben nicht im Lieferumfang enthalten.<\/font><\/font><\/p>\n<p style=\"margin-bottom: 0cm\"><font face=\"Arial, sans-serif\"><font size=\"2\"><strong>System A mit Zentrierung <\/strong>, diese Spurverbreiterung weist eine Zentrierung auf \u00fcber die dann die Felgen zentriert wird. Dadurch wird ein Rundlauf auch bei hohen Geschwindigkeiten gew\u00e4hrleistet. Bevor Sie eine Spurverbreiterung ohne Zentrierung montieren oder bestellen, ziehen Sie wenn es technisch m\u00f6glich ist immer eine Spurverbreiterung mit Zentrierung vor. Jedoch beachten Sie die Serienh\u00f6he der Nabe. Befestigungsschrauben nicht im Lieferumfang enthalten.<\/font><\/font><\/p>\n<p style=\"margin-bottom: 0cm\"><font face=\"Arial, sans-serif\"><font size=\"2\"><strong>System B mit Zentrierung <\/strong>,bei diesem System wird die Spurverbreiterung mit den mitgelieferten Kurzkopfschrauben direkt an die Radnabe befestigt. Anschlie\u00dfend wird die Felge mittels den Originalen Felgenschrauben auf der Spurverbreiterung befestigt. Wichtig ist das Sie maximal 5-7 Schraubenumdrehungen in der Spurverbreiterung befestigt sind! Dies gilt es vor der Montage zu der Felgen mit der Spurverbreiterung zu pr\u00fcfen.<\/font><\/font><\/p>\n<p style=\"margin-bottom: 0cm\"><font face=\"Arial, sans-serif\"><font size=\"2\"><strong>System B+ mit Zentrierung <\/strong>,bei diesem System wird die Spurverbreiterung mit den mitgelieferten Kurzkopfschrauben direkt an die Radnabe befestigt. Anschlie\u00dfend wird die Felge mittels den Originalen Felgenschrauben auf der Spurverbreiterung befestigt. Die Schraubenbefestigung wird durch eingepresste Stahlbuchen zu 100% gew\u00e4hrleistet! Wichtig ist das Sie maximal 5-7 Schraubenumdrehungen in der Spurverbreiterung befestigt sind! Dies gilt es vor der Montage zu der Felgen mit der Spurverbreiterung zu pr\u00fcfen.<\/font><\/font><\/p>\n<p style=\"margin-bottom: 0cm\"><font face=\"Arial, sans-serif\"><font size=\"2\"><\/font><\/font><\/p>\n<p style=\"margin-top: 0.05cm; margin-bottom: 0.05cm; line-height: 100%\"><font face=\"Arial, sans-serif\"><font size=\"2\"><strong>Weitere Ausf\u00fchrungsdetails: <\/strong><\/font><\/font><\/p>\n<ul>\n<li>\n<p style=\"margin-top: 0.05cm; margin-bottom: 0.05cm; line-height: 100%\"><font face=\"Arial, sans-serif\"><font size=\"2\">Material bestehend aus Hochfestigkeitsaluminium das auch im Flugzeugbau eingesetzt wird.<\/font><\/font><\/p>\n<\/li>\n<li>\n<p style=\"margin-top: 0.05cm; margin-bottom: 0.05cm; line-height: 100%\"><font face=\"Arial, sans-serif\"><font size=\"2\">Rennstrecken und Festigkeitserprobt und vom T\u00dcV nachgewiesen.<\/font><\/font><\/p>\n<\/li>\n<li>\n<p style=\"margin-top: 0.05cm; margin-bottom: 0.05cm; line-height: 100%\"><font face=\"Arial, sans-serif\"><font size=\"2\">Fahrzeugspezifische Spurverbreiterung und keine universal Spurverbreiterung<\/font><\/font><\/p>\n<\/li>\n<li>\n<p style=\"margin-top: 0.05cm; margin-bottom: 0.05cm; line-height: 100%\"><font face=\"Arial, sans-serif\"><font size=\"2\">Angaben der Breite immer pro Achse, das hei\u00dft Scheibendicke multipliziert mal zwei<\/font><\/font><\/p>\n<\/li>\n<li>\n<p style=\"margin-top: 0.05cm; margin-bottom: 0.05cm; line-height: 100%\"><font face=\"Arial, sans-serif\"><font size=\"2\">einfache Montage binnen Minuten toller Effekt<\/font><\/font><\/p>\n<\/li>\n<li>\n<p style=\"margin-top: 0.05cm; margin-bottom: 0.05cm; line-height: 100%\"><font face=\"Arial, sans-serif\"><font size=\"2\">wenn die Spurverbreiterung mit Zulassung ist wird das T\u00dcV Gutachten mit geliefert<\/font><\/font><\/p>\n<\/li>\n<li>\n<p style=\"margin-top: 0.05cm; margin-bottom: 0.05cm; line-height: 100%\"><font face=\"Arial, sans-serif\"><font size=\"2\">Menge immer zwei Scheiben je Set<\/font><\/font><\/p>\n<\/li>\n<li>\n<p style=\"margin-top: 0.05cm; margin-bottom: 0.05cm; line-height: 100%\"><font face=\"Arial, sans-serif\"><font size=\"2\">es k\u00f6nnen Vorderachse und Hinterachse verschiedene Breiten montiert werden<\/font><\/font><\/p>\n<\/li>\n<li>\n<p style=\"margin-top: 0.05cm; margin-bottom: 0.05cm; line-height: 100%\"><font face=\"Arial, sans-serif\"><font size=\"2\">Plan-Parallelit\u00e4t Differenz unter 0,1mm<\/font><\/font><\/p>\n<\/li>\n<\/ul>\n<p style=\"margin-bottom: 0cm; line-height: 100%\"><font face=\"Arial, sans-serif\"><font size=\"2\"><strong>Lieferumfang:<\/strong><\/font><\/font><\/p>\n<ul>\n<li>\n<p style=\"margin-top: 0.05cm; margin-bottom: 0.05cm; line-height: 100%\"><font face=\"Arial, sans-serif\"><font size=\"2\">1 Satz Spurverbreiterungen ( links + rechts f\u00fcr zwei Felgen ) <\/font><\/font><\/p>\n<\/li>\n<\/ul>\n","protected":false},"excerpt":{"rendered":"<ul>\n<li>f\u00fcr Audi A3 (8L)<\/li>\n<li>Farbe: schwarz eloxiert<\/li>\n<li>f\u00fcr Baujahr: 1996 bis 2003<\/li>\n<li>Breite\/Achse 20 mm<\/li>\n<li>Spurverbreiterung System A m. Zentr.<\/li>\n<li>Lochkreis 5\/100 Nabenlochbohrung 57,1 M14x1,5<\/li>\n<li>Befestigungsschrauben nicht im Lieferumfang<\/li>\n<li>Beste Qualit\u00e4t<\/li>\n<\/ul>\n","protected":false},"featured_media":26837,"comment_status":"closed","ping_status":"open","template":"","meta":[],"product_brand":[],"product_cat":[635,636],"product_tag":[],"class_list":{"0":"post-26948","1":"product","2":"type-product","3":"status-publish","4":"has-post-thumbnail","6":"product_cat-spurverbreiterung","7":"product_cat-spurverbreiterungen","9":"first","10":"instock","11":"taxable","12":"shipping-taxable","13":"purchasable","14":"product-type-simple"},"_links":{"self":[{"href":"https:\/\/car-2.de\/shop\/wp-json\/wp\/v2\/product\/26948","targetHints":{"allow":["GET"]}}],"collection":[{"href":"https:\/\/car-2.de\/shop\/wp-json\/wp\/v2\/product"}],"about":[{"href":"https:\/\/car-2.de\/shop\/wp-json\/wp\/v2\/types\/product"}],"replies":[{"embeddable":true,"href":"https:\/\/car-2.de\/shop\/wp-json\/wp\/v2\/comments?post=26948"}],"wp:featuredmedia":[{"embeddable":true,"href":"https:\/\/car-2.de\/shop\/wp-json\/wp\/v2\/media\/26837"}],"wp:attachment":[{"href":"https:\/\/car-2.de\/shop\/wp-json\/wp\/v2\/media?parent=26948"}],"wp:term":[{"taxonomy":"product_brand","embeddable":true,"href":"https:\/\/car-2.de\/shop\/wp-json\/wp\/v2\/product_brand?post=26948"},{"taxonomy":"product_cat","embeddable":true,"href":"https:\/\/car-2.de\/shop\/wp-json\/wp\/v2\/product_cat?post=26948"},{"taxonomy":"product_tag","embeddable":true,"href":"https:\/\/car-2.de\/shop\/wp-json\/wp\/v2\/product_tag?post=26948"}],"curies":[{"name":"wp","href":"https:\/\/api.w.org\/{rel}","templated":true}]}}