{"id":49,"date":"2020-11-26T23:17:14","date_gmt":"2020-11-26T22:17:14","guid":{"rendered":"http:\/\/fotosmalen.de\/shop\/versandarten\/"},"modified":"2024-11-04T12:57:54","modified_gmt":"2024-11-04T11:57:54","slug":"versandarten","status":"publish","type":"page","link":"https:\/\/car-2.de\/shop\/versandarten\/","title":{"rendered":"Versandarten"},"content":{"rendered":"<h3 class=\"marginTop littlemarginBottom\">Versandkostenpauschale Deutschland<\/h3>\n<p class=\"marginBottom\">Die Versandkostenpauschale in Deutschland betr\u00e4gt pro Paket mit DHL 6,90 \u20ac. Beachten Sie, dass GLS samstags nicht anliefert. Hinzu kommen abh\u00e4ngig vom Artikel Sperrgutzuschl\u00e4ge (Bspw. bei Sportsitzen und Gamesitzen).<\/p>\n<h3 class=\"marginTop littlemarginBottom\">Zahlungsm\u00f6glichkeiten<\/h3>\n<ul class=\"marginTopBottom\">\n<li>Vorauskasse per \u00dcberweisung<\/li>\n<li>Kreditkarte<\/li>\n<li>PayPal sowie PayPal PLUS (auf Rechnung oder Zahlungsziel 6 Monate \/ nur DE)<\/li>\n<\/ul>\n<h3 class=\"marginTop littlemarginBottom\">Sperrgutzuschlag<\/h3>\n<p class=\"marginBottom\">Aufgrund ihrer Beschaffenheit fallen f\u00fcr einige Produkte wie Sportsitze, Gamesitze, B\u00fcrositze, einige wenige Scheinwerfer oder Sportgrills ein Sperrgutzuschlag an, unabh\u00e4ngig von der Waren oder Bestellh\u00f6he. Dieser wird immer je Artikel berechnet. <b>Sollten Sie eine gr\u00f6\u00dfere Menge ben\u00f6tigen, so k\u00f6nnen wir die Artikel auch per Spedition versenden.\u00a0<\/b><b>(Bspw. passen bis zu 6 Gamesitze auf einer Palette)\u00a0<\/b>In diesem Fall w\u00e4hlen Sie bitte Vorauskasse und Abholung aus. Das Serviceteam pr\u00fcft dann bei den angeschlossenen Speditionen den g\u00fcnstigsten Versand zu Ihnen ohne Sperrgutkosten.<\/p>\n<h3 class=\"marginTop littlemarginBottom\">Speditionszuschlag<\/h3>\n<p class=\"marginBottom\">Wenige Produkte wie Werkzeugwagen, Gewindefahrwerksplatten, Sportsto\u00dfstangen haben einen Speditionszuschlag von DE: 69\u00a0\u20ac und EU Ausland unterschiedlich. Dies wird automatisch bei den Produkten mit angezeigt.<\/p>\n<h3 class=\"marginTop littlemarginBottom\">Versand in nicht dargestellte L\u00e4nder<\/h3>\n<p class=\"marginBottom\">Wir versenden\u00a0\u00a0 weltweit. Der Versand in hier nicht aufgef\u00fchrte L\u00e4nder ist \u00fcber die Auswahl \u201esonstige L\u00e4nder\u201c m\u00f6glich. Hier wird dann nur die M\u00f6glichkeit Abholung angezeigt. Halten Sie in diesem Fall R\u00fccksprache mit uns, ob Sie selbst eine Spedition beauftragen wollen oder ob wir dies f\u00fcr Sie organisieren sollen.<\/p>\n<p>Anfragen zu Lieferungen in weitere L\u00e4nder k\u00f6nnen Sie aber gern an unseren Telefon- &amp; E-Mail-Support stellen.<\/p>\n<h3 class=\"marginTop littlemarginBottom\">Paketversandkosten \/ Palettenversand<\/h3>\n<p class=\"marginBottom\">Wir haben leider wie viele andere auch extreme Preiserh\u00f6hungen aus dem Haus DHL erhalten. Wir arbeiten mit Nachdruck daran, Ihnen immer die g\u00fcnstigsten Versandkosten zu erm\u00f6glichen.<\/p>\n<p>Auch sind die Sperrgutversandkosten extrem angestiegen und wir suchen nach L\u00f6sungen Ihnen die Transportkosten zu reduzieren. Ein wichtiger Einsparpunkt ist der Versand per Spedition. Sie k\u00f6nnen bis zu 6 Sitzsets \/ Gamesitze und andere Produkte auch kombiniert auf eine Palette versenden! Bestellen Sie die Ware die Sie m\u00f6chten per Vorauskasse \/ Abholung. Unser\u00a0 Team wird dann die g\u00fcnstigen Versandoptionen f\u00fcr Sie ermitteln.<\/p>\n<p>* <span style=\"color: #ff0000;\"><strong>Achtung! Es k\u00f6nnen f\u00fcr die Schweiz Zollkosten entstehen!<\/strong><\/span><\/p>\n<p>Lieferungen werden meistens mit DHL get\u00e4tigt.<\/p>\n<p>Nach dem Versand erh\u00e4lt der Kunde eine Sendeverfolgungsnummer.<\/p>\n<p><img loading=\"lazy\" decoding=\"async\" src=\"https:\/\/autotuning-shop.de\/shop\/wp-content\/uploads\/2024\/10\/Unknown-2.png\" sizes=\"auto, (max-width: 281px) 100vw, 281px\" srcset=\"https:\/\/autotuning-shop.de\/shop\/wp-content\/uploads\/2024\/10\/Unknown-2.png 281w, https:\/\/autotuning-shop.de\/shop\/wp-content\/uploads\/2024\/10\/Unknown-2-141x90.png 141w\" alt=\"\" width=\"281\" height=\"179\" \/><\/p>\n","protected":false},"excerpt":{"rendered":"<p>Versandkostenpauschale Deutschland Die Versandkostenpauschale in Deutschland betr\u00e4gt pro Paket mit DHL 6,90 \u20ac. Beachten Sie, dass GLS samstags nicht anliefert. Hinzu kommen abh\u00e4ngig vom Artikel Sperrgutzuschl\u00e4ge (Bspw. bei Sportsitzen und Gamesitzen). Zahlungsm\u00f6glichkeiten Vorauskasse per \u00dcberweisung Kreditkarte PayPal sowie PayPal PLUS (auf Rechnung oder Zahlungsziel 6 Monate \/ nur DE) Sperrgutzuschlag Aufgrund ihrer Beschaffenheit fallen f\u00fcr [&hellip;]<\/p>\n","protected":false},"author":1,"featured_media":0,"parent":0,"menu_order":0,"comment_status":"closed","ping_status":"closed","template":"","meta":{"footnotes":""},"class_list":["post-49","page","type-page","status-publish","hentry"],"_links":{"self":[{"href":"https:\/\/car-2.de\/shop\/wp-json\/wp\/v2\/pages\/49","targetHints":{"allow":["GET"]}}],"collection":[{"href":"https:\/\/car-2.de\/shop\/wp-json\/wp\/v2\/pages"}],"about":[{"href":"https:\/\/car-2.de\/shop\/wp-json\/wp\/v2\/types\/page"}],"author":[{"embeddable":true,"href":"https:\/\/car-2.de\/shop\/wp-json\/wp\/v2\/users\/1"}],"replies":[{"embeddable":true,"href":"https:\/\/car-2.de\/shop\/wp-json\/wp\/v2\/comments?post=49"}],"version-history":[{"count":3,"href":"https:\/\/car-2.de\/shop\/wp-json\/wp\/v2\/pages\/49\/revisions"}],"predecessor-version":[{"id":43479,"href":"https:\/\/car-2.de\/shop\/wp-json\/wp\/v2\/pages\/49\/revisions\/43479"}],"wp:attachment":[{"href":"https:\/\/car-2.de\/shop\/wp-json\/wp\/v2\/media?parent=49"}],"curies":[{"name":"wp","href":"https:\/\/api.w.org\/{rel}","templated":true}]}}